{"id":74263,"date":"2024-10-18T20:29:49","date_gmt":"2024-10-18T20:29:49","guid":{"rendered":"https:\/\/staging.nbg.eu\/product\/sg-pulse-electronic-level-picatinny-m-lok\/"},"modified":"2024-10-30T09:03:42","modified_gmt":"2024-10-30T09:03:42","slug":"nivel-electronic-sg-pulse-picatinny-m-lok","status":"publish","type":"product","link":"https:\/\/staging.nbg.eu\/ro\/produs\/nivel-electronic-sg-pulse-picatinny-m-lok\/","title":{"rendered":"# Nivel Electronic SG PULSE PICATINNY + M-LOK"},"content":{"rendered":"<h2>NIVEL ELECTRONIC SG PULSE PICATINNY + M-LOK<\/h2>\n<p>NIVELUL ELECTRONIC SG PULSE asigur\u0103 alinierea vertical\u0103, elimin\u00e2nd devia\u021bia orizontal\u0103 pentru precizia tirului. Dispune de LED-uri pentru feedback vizual \u0219i op\u021biuni de calibrare personalizat\u0103.<\/p>\n<ul>\n<li>Nivel digital anti-\u00eenclinare pentru aliniere vertical\u0103<\/li>\n<li>Mod de stabilitate afi\u0219eaz\u0103 MOA pentru sincronizarea tr\u0103gaciului<\/li>\n<li>Indica\u021bie cosinus pentru focuri \u00een pant\u0103 ascendent\u0103 \u0219i descendent\u0103<\/li>\n<li>Nivelare a lunetei cu o singur\u0103 atingere<\/li>\n<li>Monitorizarea timpului de tranzi\u021bie pentru analiza performan\u021bei<\/li>\n<li>Design compact \u0219i durabil<\/li>\n<li>Op\u021biuni de montare versatile (Picatinny \u0219i M-LOK)<\/li>\n<\/ul>\n<p>Compatibil cu aplica\u021bia Drills pentru analiza stabilit\u0103\u021bii \u0219i a traiectoriei \u021bevii. NIVELUL ELECTRONIC SG PULSE \u00eembun\u0103t\u0103\u021be\u0219te configura\u021bia pu\u0219tii pentru precizie.<\/p>\n","protected":false},"excerpt":{"rendered":"<p>SG PULSE: Nivel\u0103 electronic\u0103 de precizie pentru alinierea perfect\u0103 a pu\u0219tii.<\/p>\n","protected":false},"featured_media":72668,"template":"","meta":{"_acf_changed":false},"product_brand":[],"product_cat":[12762],"product_tag":[],"class_list":{"0":"post-74263","1":"product","2":"type-product","3":"status-publish","4":"has-post-thumbnail","6":"product_cat-echipament","8":"first","9":"instock","10":"taxable","11":"shipping-taxable","12":"purchasable","13":"product-type-simple"},"acf":[],"_links":{"self":[{"href":"https:\/\/staging.nbg.eu\/ro\/wp-json\/wp\/v2\/product\/74263","targetHints":{"allow":["GET"]}}],"collection":[{"href":"https:\/\/staging.nbg.eu\/ro\/wp-json\/wp\/v2\/product"}],"about":[{"href":"https:\/\/staging.nbg.eu\/ro\/wp-json\/wp\/v2\/types\/product"}],"wp:featuredmedia":[{"embeddable":true,"href":"https:\/\/staging.nbg.eu\/ro\/wp-json\/wp\/v2\/media\/72668"}],"wp:attachment":[{"href":"https:\/\/staging.nbg.eu\/ro\/wp-json\/wp\/v2\/media?parent=74263"}],"wp:term":[{"taxonomy":"product_brand","embeddable":true,"href":"https:\/\/staging.nbg.eu\/ro\/wp-json\/wp\/v2\/product_brand?post=74263"},{"taxonomy":"product_cat","embeddable":true,"href":"https:\/\/staging.nbg.eu\/ro\/wp-json\/wp\/v2\/product_cat?post=74263"},{"taxonomy":"product_tag","embeddable":true,"href":"https:\/\/staging.nbg.eu\/ro\/wp-json\/wp\/v2\/product_tag?post=74263"}],"curies":[{"name":"wp","href":"https:\/\/api.w.org\/{rel}","templated":true}]}}