{"id":74219,"date":"2024-10-18T20:28:40","date_gmt":"2024-10-30T08:48:40","guid":{"rendered":"https:\/\/staging.nbg.eu\/product\/extractor-l-02-40sw-kmr\/"},"modified":"2024-10-30T08:50:09","modified_gmt":"2024-10-30T08:50:09","slug":"extractor-l-02-40sw-kmr","status":"publish","type":"product","link":"https:\/\/staging.nbg.eu\/ro\/produs\/extractor-l-02-40sw-kmr\/","title":{"rendered":"Extractor L-02 .40SW &#8211; KMR"},"content":{"rendered":"<div class=\"product-description\">\n<h2>Extractor L-02 .40SW &#8211; KMR<\/h2>\n<p>Acest extractor este proiectat pentru pistolul KMR L-02 de calibru .40 S&amp;W. Piesa de schimb asigur\u0103 extrac\u021bia \u0219i func\u021bionarea pistolului. Este fabricat din materiale rezistente pentru utilizare \u00eendelungat\u0103. Acest component \u00eembun\u0103t\u0103\u021be\u0219te precizia \u0219i fiabilitatea armei.<\/p>\n<\/div>\n","protected":false},"excerpt":{"rendered":"<p>Extractor de precizie pentru pistolul KMR L-02, calibru 40 S&amp;W.<\/p>\n","protected":false},"featured_media":72598,"template":"","meta":{"_acf_changed":false},"product_brand":[],"product_cat":[12747],"product_tag":[],"class_list":{"0":"post-74219","1":"product","2":"type-product","3":"status-publish","4":"has-post-thumbnail","6":"product_cat-piese-kmr","8":"first","9":"instock","10":"taxable","11":"shipping-taxable","12":"purchasable","13":"product-type-simple"},"acf":[],"_links":{"self":[{"href":"https:\/\/staging.nbg.eu\/ro\/wp-json\/wp\/v2\/product\/74219","targetHints":{"allow":["GET"]}}],"collection":[{"href":"https:\/\/staging.nbg.eu\/ro\/wp-json\/wp\/v2\/product"}],"about":[{"href":"https:\/\/staging.nbg.eu\/ro\/wp-json\/wp\/v2\/types\/product"}],"wp:featuredmedia":[{"embeddable":true,"href":"https:\/\/staging.nbg.eu\/ro\/wp-json\/wp\/v2\/media\/72598"}],"wp:attachment":[{"href":"https:\/\/staging.nbg.eu\/ro\/wp-json\/wp\/v2\/media?parent=74219"}],"wp:term":[{"taxonomy":"product_brand","embeddable":true,"href":"https:\/\/staging.nbg.eu\/ro\/wp-json\/wp\/v2\/product_brand?post=74219"},{"taxonomy":"product_cat","embeddable":true,"href":"https:\/\/staging.nbg.eu\/ro\/wp-json\/wp\/v2\/product_cat?post=74219"},{"taxonomy":"product_tag","embeddable":true,"href":"https:\/\/staging.nbg.eu\/ro\/wp-json\/wp\/v2\/product_tag?post=74219"}],"curies":[{"name":"wp","href":"https:\/\/api.w.org\/{rel}","templated":true}]}}