{"id":74175,"date":"2024-10-18T20:15:25","date_gmt":"2024-10-30T08:39:21","guid":{"rendered":"https:\/\/staging.nbg.eu\/product\/nitehog-sight-spot-hog-red-dot\/"},"modified":"2024-10-30T08:41:00","modified_gmt":"2024-10-30T08:41:00","slug":"nitehog-sight-spot-hog-red-dot","status":"publish","type":"product","link":"https:\/\/staging.nbg.eu\/ro\/produs\/nitehog-sight-spot-hog-red-dot\/","title":{"rendered":"NiteHog Sight Spot Hog Red Dot"},"content":{"rendered":"<div class=\"product-description\">\n<h2>NiteHog Sight Spot Hog Punct Ro\u0219u<\/h2>\n<p>Punctul Ro\u0219u Spot Hog este un dispozitiv optic 1x17x24 f\u0103r\u0103 paralax\u0103. Are un punct de 3MOA cu 8 niveluri de luminozitate \u0219i 2 set\u0103ri pentru vedere nocturn\u0103.<\/p>\n<ul>\n<li>Rezistent la \u0219ocuri \u0219i impermeabil (IPX6)<\/li>\n<li>Compatibil cu muni\u021bie 9mm, 45ACP, 12GA \u0219i Lapua Magnum 338<\/li>\n<li>Design sub\u021bire, profil redus<\/li>\n<li>Oprire automat\u0103 dup\u0103 2 minute de inactivitate<\/li>\n<li>Durata bateriei de 50.000 de ore la setarea cea mai sc\u0103zut\u0103 (baterie CR2032, neinclus\u0103)<\/li>\n<li>Montur\u0103 Weaver pentru instalare<\/li>\n<\/ul>\n<p>Spot Hog este compact \u0219i fiabil.<\/p>\n<\/div>\n","protected":false},"excerpt":{"rendered":"<p>Dispozitiv de ochire cu punct ro\u0219u 1x17x24, durabil, f\u0103r\u0103 paralax\u0103, cu 8 niveluri de intensitate.<\/p>\n","protected":false},"featured_media":72551,"template":"","meta":{"_acf_changed":false},"product_brand":[11587],"product_cat":[12771,12772,12805],"product_tag":[],"class_list":{"0":"post-74175","1":"product","2":"type-product","3":"status-publish","4":"has-post-thumbnail","6":"product_brand-nitehog","7":"product_cat-ochire","8":"product_cat-puncte-rosii","9":"product_cat-puncte-rosii-pusca","11":"first","12":"instock","13":"taxable","14":"shipping-taxable","15":"purchasable","16":"product-type-simple"},"acf":[],"_links":{"self":[{"href":"https:\/\/staging.nbg.eu\/ro\/wp-json\/wp\/v2\/product\/74175","targetHints":{"allow":["GET"]}}],"collection":[{"href":"https:\/\/staging.nbg.eu\/ro\/wp-json\/wp\/v2\/product"}],"about":[{"href":"https:\/\/staging.nbg.eu\/ro\/wp-json\/wp\/v2\/types\/product"}],"wp:featuredmedia":[{"embeddable":true,"href":"https:\/\/staging.nbg.eu\/ro\/wp-json\/wp\/v2\/media\/72551"}],"wp:attachment":[{"href":"https:\/\/staging.nbg.eu\/ro\/wp-json\/wp\/v2\/media?parent=74175"}],"wp:term":[{"taxonomy":"product_brand","embeddable":true,"href":"https:\/\/staging.nbg.eu\/ro\/wp-json\/wp\/v2\/product_brand?post=74175"},{"taxonomy":"product_cat","embeddable":true,"href":"https:\/\/staging.nbg.eu\/ro\/wp-json\/wp\/v2\/product_cat?post=74175"},{"taxonomy":"product_tag","embeddable":true,"href":"https:\/\/staging.nbg.eu\/ro\/wp-json\/wp\/v2\/product_tag?post=74175"}],"curies":[{"name":"wp","href":"https:\/\/api.w.org\/{rel}","templated":true}]}}