{"id":74153,"date":"2024-10-18T19:52:52","date_gmt":"2024-10-30T08:31:41","guid":{"rendered":"https:\/\/staging.nbg.eu\/product\/mag-release-button-kmr-black\/"},"modified":"2024-10-30T08:33:18","modified_gmt":"2024-10-30T08:33:18","slug":"buton-de-eliberare-incarcator-kmr-negru","status":"publish","type":"product","link":"https:\/\/staging.nbg.eu\/ro\/produs\/buton-de-eliberare-incarcator-kmr-negru\/","title":{"rendered":"Buton de Eliberare Incarcator KMR, Negru"},"content":{"rendered":"<dl class=\"data-sheet\">\n<dt class=\"name\">Pentru Arme KMR<\/dt>\n<dd class=\"value\">KMR L-02 EMIQ<br \/>\nKMR L-02 EMIQ (OR)<br \/>\nKMR L-02 ORCA P\u00c2N\u0102 \u00ceN 2023<br \/>\nKMR L-02 SPECTRA DIN 2024<br \/>\nKMR L-02 SPECTRA P\u00c2N\u0102 \u00ceN 2023<br \/>\nKMR L-02 UMBRA DIN 2024<br \/>\nKMR L-02 UMBRA P\u00c2N\u0102 \u00ceN 2023<br \/>\nKMR S-01 LANCE (OR)<br \/>\nKMR S-02 P\u00c2N\u0102 \u00ceN 2023<br \/>\nKMR W-02 CUDA DIN 2024<br \/>\nKMR W-02 CUDA P\u00c2N\u0102 \u00ceN 2023<br \/>\nKMR W-02 UMBRA<br \/>\nKMR W-02 UMBRA (OR)<\/dd>\n<dt class=\"name\">Selec\u021bie dup\u0103 Arme CZ<\/dt>\n<dd class=\"value\">CZ SHADOW 2<br \/>\nCZ SHADOW 2 (OR)<\/dd>\n<\/dl>\n","protected":false},"excerpt":{"rendered":"<p>0180-00801-0101<\/p>\n<p>(Note: This appears to be a product code or SKU number, which typically remains the same across languages and does not require translation.)<\/p>\n","protected":false},"featured_media":72249,"template":"","meta":{"_acf_changed":false},"product_brand":[],"product_cat":[12747],"product_tag":[],"class_list":{"0":"post-74153","1":"product","2":"type-product","3":"status-publish","4":"has-post-thumbnail","6":"product_cat-piese-kmr","8":"first","9":"instock","10":"taxable","11":"shipping-taxable","12":"purchasable","13":"product-type-simple"},"acf":[],"_links":{"self":[{"href":"https:\/\/staging.nbg.eu\/ro\/wp-json\/wp\/v2\/product\/74153","targetHints":{"allow":["GET"]}}],"collection":[{"href":"https:\/\/staging.nbg.eu\/ro\/wp-json\/wp\/v2\/product"}],"about":[{"href":"https:\/\/staging.nbg.eu\/ro\/wp-json\/wp\/v2\/types\/product"}],"wp:featuredmedia":[{"embeddable":true,"href":"https:\/\/staging.nbg.eu\/ro\/wp-json\/wp\/v2\/media\/72249"}],"wp:attachment":[{"href":"https:\/\/staging.nbg.eu\/ro\/wp-json\/wp\/v2\/media?parent=74153"}],"wp:term":[{"taxonomy":"product_brand","embeddable":true,"href":"https:\/\/staging.nbg.eu\/ro\/wp-json\/wp\/v2\/product_brand?post=74153"},{"taxonomy":"product_cat","embeddable":true,"href":"https:\/\/staging.nbg.eu\/ro\/wp-json\/wp\/v2\/product_cat?post=74153"},{"taxonomy":"product_tag","embeddable":true,"href":"https:\/\/staging.nbg.eu\/ro\/wp-json\/wp\/v2\/product_tag?post=74153"}],"curies":[{"name":"wp","href":"https:\/\/api.w.org\/{rel}","templated":true}]}}