{"id":74129,"date":"2024-10-18T19:20:25","date_gmt":"2024-10-29T10:07:05","guid":{"rendered":"https:\/\/staging.nbg.eu\/product\/casio-prw-61y-3er\/"},"modified":"2024-10-29T10:08:34","modified_gmt":"2024-10-29T10:08:34","slug":"casio-prw-61y-3er","status":"publish","type":"product","link":"https:\/\/staging.nbg.eu\/ro\/produs\/casio-prw-61y-3er\/","title":{"rendered":"Casio PRW-61Y-3ER"},"content":{"rendered":"<div class=\"product-description\">\n<h2>Casio PRW-61Y-3ER: Ceas pentru exterior cu materiale ecologice<\/h2>\n<p>PRO TREK PRW-61Y-3ER este primul ceas Casio care utilizeaz\u0103 materiale plastice bio \u00een carcas\u0103 \u0219i curea. Acest ceas combin\u0103 sustenabilitatea cu durabilitatea, oferind rezisten\u021b\u0103 la utilizare intens\u0103 \u0219i confort.<\/p>\n<ul>\n<li>Materiale plastice bio ob\u021binute din semin\u021be de ricin \u0219i porumb<\/li>\n<li>Cadran cu contrast ridicat \u0219i indici albi pentru vizibilitate<\/li>\n<li>Senzor triplu: busol\u0103 digital\u0103, barometru\/altimetru \u0219i termometru<\/li>\n<li>Sincronizare prin radio Multi Band 6<\/li>\n<li>Sistem de alimentare Tough Solar<\/li>\n<li>Iluminare cu LED dublu automat<\/li>\n<li>Curea din uretan moale<\/li>\n<li>Lunet\u0103 din o\u021bel inoxidabil gravat\u0103 cu coduri de ora\u0219e<\/li>\n<li>Design compact pentru mi\u0219care nerestric\u021bionat\u0103 a \u00eencheieturii<\/li>\n<\/ul>\n<p>PRW-61Y-3ER este potrivit pentru amatorii de activit\u0103\u021bi \u00een aer liber care apreciaz\u0103 at\u00e2t performan\u021ba, c\u00e2t \u0219i responsabilitatea fa\u021b\u0103 de mediu.<\/p>\n<\/div>\n","protected":false},"excerpt":{"rendered":"<p>&#8220;Ceas PRO TREK ecologic cu materiale plastice din biomas\u0103 \u0219i func\u021bii pentru activit\u0103\u021bi \u00een aer liber.&#8221;<\/p>\n","protected":false},"featured_media":71878,"template":"","meta":{"_acf_changed":false},"product_brand":[11210],"product_cat":[12761,12785],"product_tag":[],"class_list":{"0":"post-74129","1":"product","2":"type-product","3":"status-publish","4":"has-post-thumbnail","6":"product_brand-casio","7":"product_cat-ceasuri","8":"product_cat-edc","10":"first","11":"instock","12":"taxable","13":"shipping-taxable","14":"purchasable","15":"product-type-simple"},"acf":[],"_links":{"self":[{"href":"https:\/\/staging.nbg.eu\/ro\/wp-json\/wp\/v2\/product\/74129","targetHints":{"allow":["GET"]}}],"collection":[{"href":"https:\/\/staging.nbg.eu\/ro\/wp-json\/wp\/v2\/product"}],"about":[{"href":"https:\/\/staging.nbg.eu\/ro\/wp-json\/wp\/v2\/types\/product"}],"wp:featuredmedia":[{"embeddable":true,"href":"https:\/\/staging.nbg.eu\/ro\/wp-json\/wp\/v2\/media\/71878"}],"wp:attachment":[{"href":"https:\/\/staging.nbg.eu\/ro\/wp-json\/wp\/v2\/media?parent=74129"}],"wp:term":[{"taxonomy":"product_brand","embeddable":true,"href":"https:\/\/staging.nbg.eu\/ro\/wp-json\/wp\/v2\/product_brand?post=74129"},{"taxonomy":"product_cat","embeddable":true,"href":"https:\/\/staging.nbg.eu\/ro\/wp-json\/wp\/v2\/product_cat?post=74129"},{"taxonomy":"product_tag","embeddable":true,"href":"https:\/\/staging.nbg.eu\/ro\/wp-json\/wp\/v2\/product_tag?post=74129"}],"curies":[{"name":"wp","href":"https:\/\/api.w.org\/{rel}","templated":true}]}}