{"id":74107,"date":"2024-10-18T19:05:21","date_gmt":"2024-10-29T10:04:17","guid":{"rendered":"https:\/\/staging.nbg.eu\/product\/casio-prg-340t-7er\/"},"modified":"2024-10-29T10:05:47","modified_gmt":"2024-10-29T10:05:47","slug":"casio-prg-340t-7er","status":"publish","type":"product","link":"https:\/\/staging.nbg.eu\/ro\/produs\/casio-prg-340t-7er\/","title":{"rendered":"Casio PRG-340T-7ER"},"content":{"rendered":"<h2>Casio PRG-340T-7ER<\/h2>\n<p>Casio PRG-340T-7ER include urm\u0103toarele caracteristici:<\/p>\n<ul>\n<li>Busol\u0103 digital\u0103 pentru direc\u021bie<\/li>\n<li>Altimetru \u0219i barometru pentru m\u0103surarea altitudinii \u0219i presiunii<\/li>\n<li>Termometru pentru m\u0103surarea temperaturii<\/li>\n<li>Ecran LCD duplex pentru lizibilitate<\/li>\n<li>Construc\u021bie din materiale plastice ecologice<\/li>\n<li>Butoane cu func\u021bii directe pentru operare<\/li>\n<li>Alimentare solar\u0103<\/li>\n<li>Iluminator pentru vizibilitate \u00een condi\u021bii de lumin\u0103 sc\u0103zut\u0103<\/li>\n<\/ul>\n<p>PRG-340T-7ER are rezisten\u021b\u0103 la ap\u0103 de 10 bari, rezisten\u021b\u0103 la temperaturi sc\u0103zute, \u0219i func\u021bii suplimentare precum ora mondial\u0103 \u0219i afi\u0219area r\u0103s\u0103ritului\/apusului.<\/p>\n","protected":false},"excerpt":{"rendered":"<p>Ceas robust pentru activit\u0103\u021bi \u00een aer liber, cu busol\u0103, altimetru \u0219i design ecologic.<\/p>\n","protected":false},"featured_media":71762,"template":"","meta":{"_acf_changed":false},"product_brand":[11210],"product_cat":[12761,12785],"product_tag":[],"class_list":{"0":"post-74107","1":"product","2":"type-product","3":"status-publish","4":"has-post-thumbnail","6":"product_brand-casio","7":"product_cat-ceasuri","8":"product_cat-edc","10":"first","11":"instock","12":"taxable","13":"shipping-taxable","14":"purchasable","15":"product-type-simple"},"acf":[],"_links":{"self":[{"href":"https:\/\/staging.nbg.eu\/ro\/wp-json\/wp\/v2\/product\/74107","targetHints":{"allow":["GET"]}}],"collection":[{"href":"https:\/\/staging.nbg.eu\/ro\/wp-json\/wp\/v2\/product"}],"about":[{"href":"https:\/\/staging.nbg.eu\/ro\/wp-json\/wp\/v2\/types\/product"}],"wp:featuredmedia":[{"embeddable":true,"href":"https:\/\/staging.nbg.eu\/ro\/wp-json\/wp\/v2\/media\/71762"}],"wp:attachment":[{"href":"https:\/\/staging.nbg.eu\/ro\/wp-json\/wp\/v2\/media?parent=74107"}],"wp:term":[{"taxonomy":"product_brand","embeddable":true,"href":"https:\/\/staging.nbg.eu\/ro\/wp-json\/wp\/v2\/product_brand?post=74107"},{"taxonomy":"product_cat","embeddable":true,"href":"https:\/\/staging.nbg.eu\/ro\/wp-json\/wp\/v2\/product_cat?post=74107"},{"taxonomy":"product_tag","embeddable":true,"href":"https:\/\/staging.nbg.eu\/ro\/wp-json\/wp\/v2\/product_tag?post=74107"}],"curies":[{"name":"wp","href":"https:\/\/api.w.org\/{rel}","templated":true}]}}