{"id":74037,"date":"2024-10-16T20:26:30","date_gmt":"2024-10-25T14:30:05","guid":{"rendered":"https:\/\/staging.nbg.eu\/product\/casio-gbdh2000-1aer\/"},"modified":"2024-10-25T14:31:30","modified_gmt":"2024-10-25T14:31:30","slug":"casio-gbdh2000-1aer","status":"publish","type":"product","link":"https:\/\/staging.nbg.eu\/ro\/produs\/casio-gbdh2000-1aer\/","title":{"rendered":"Casio GBDH2000-1AER"},"content":{"rendered":"<h2>Casio GBDH2000-1AER: Ceas pentru monitorizarea activit\u0103\u021bii fizice<\/h2>\n<p>Ceasul Casio GBDH2000-1AER are 6 senzori \u0219i func\u021bionalitate GPS. Acesta monitorizeaz\u0103 activitatea fizic\u0103 \u00een timp real pentru 8 sporturi diferite, inclusiv alergare, ciclism \u0219i \u00eenot.<\/p>\n<ul>\n<li>M\u0103soar\u0103 distan\u021ba, viteza, timpul, ritmul, frecven\u021ba cardiac\u0103 \u0219i caloriile arse<\/li>\n<li>M\u0103soar\u0103 nivelul de oxigen din s\u00e2nge<\/li>\n<li>Cadru cu design dublu strat pentru confort \u0219i operare u\u0219oar\u0103<\/li>\n<li>\u00cenc\u0103rcare asistat\u0103 solar pentru durat\u0103 de via\u021b\u0103 extins\u0103 a bateriei<\/li>\n<li>Func\u021bii inteligente includ notific\u0103ri \u0219i ora mondial\u0103 pentru 300 de ora\u0219e<\/li>\n<\/ul>\n<p>GBDH2000-1AER este fabricat din materiale plastice ecologice. Acest ceas combin\u0103 tehnologia avansat\u0103 cu con\u0219tiin\u021ba de mediu. Este potrivit pentru atle\u021bi \u0219i pentru cei care practic\u0103 fitness.<\/p>\n","protected":false},"excerpt":{"rendered":"<p>Ceas sport cu GPS integrat, 6 senzori, care monitorizeaz\u0103 8 activit\u0103\u021bi.<\/p>\n","protected":false},"featured_media":71415,"template":"","meta":{"_acf_changed":false},"product_brand":[11210],"product_cat":[12761,12785],"product_tag":[],"class_list":{"0":"post-74037","1":"product","2":"type-product","3":"status-publish","4":"has-post-thumbnail","6":"product_brand-casio","7":"product_cat-ceasuri","8":"product_cat-edc","10":"first","11":"instock","12":"taxable","13":"shipping-taxable","14":"purchasable","15":"product-type-simple"},"acf":[],"_links":{"self":[{"href":"https:\/\/staging.nbg.eu\/ro\/wp-json\/wp\/v2\/product\/74037","targetHints":{"allow":["GET"]}}],"collection":[{"href":"https:\/\/staging.nbg.eu\/ro\/wp-json\/wp\/v2\/product"}],"about":[{"href":"https:\/\/staging.nbg.eu\/ro\/wp-json\/wp\/v2\/types\/product"}],"wp:featuredmedia":[{"embeddable":true,"href":"https:\/\/staging.nbg.eu\/ro\/wp-json\/wp\/v2\/media\/71415"}],"wp:attachment":[{"href":"https:\/\/staging.nbg.eu\/ro\/wp-json\/wp\/v2\/media?parent=74037"}],"wp:term":[{"taxonomy":"product_brand","embeddable":true,"href":"https:\/\/staging.nbg.eu\/ro\/wp-json\/wp\/v2\/product_brand?post=74037"},{"taxonomy":"product_cat","embeddable":true,"href":"https:\/\/staging.nbg.eu\/ro\/wp-json\/wp\/v2\/product_cat?post=74037"},{"taxonomy":"product_tag","embeddable":true,"href":"https:\/\/staging.nbg.eu\/ro\/wp-json\/wp\/v2\/product_tag?post=74037"}],"curies":[{"name":"wp","href":"https:\/\/api.w.org\/{rel}","templated":true}]}}