{"id":74015,"date":"2024-01-30T18:02:27","date_gmt":"2024-01-30T18:02:27","guid":{"rendered":"https:\/\/staging.nbg.eu\/product\/holosun-hs403b\/"},"modified":"2024-10-25T14:26:29","modified_gmt":"2024-10-25T14:26:29","slug":"holosun-hs403b","status":"publish","type":"product","link":"https:\/\/staging.nbg.eu\/ro\/produs\/holosun-hs403b\/","title":{"rendered":"Holosun HS403B"},"content":{"rendered":"<div class=\"product-description\">\n<h2>Holosun HS403B Micro Punct Ro\u0219u<\/h2>\n<p>Holosun HS403B este un dispozitiv optic compact de 20mm potrivit pentru aplica\u021bii pe pu\u0219c\u0103 \u0219i carabin\u0103. Caracteristici:<\/p>\n<ul>\n<li>LED ro\u0219u cu durat\u0103 de via\u021b\u0103 a bateriei de 50.000 de ore<\/li>\n<li>10 set\u0103ri pentru reticul compatibile cu lumina zilei \u0219i 2 cu vedere nocturn\u0103<\/li>\n<li>Carcas\u0103 din aluminiu 6061<\/li>\n<li>Montur\u0103 co-witness 1\/3 inferior (1,63&#8243;) \u0219i montur\u0103 joas\u0103 (0,75&#8243;) incluse<\/li>\n<li>Tehnologie Shake Awake pentru prelungirea duratei de via\u021b\u0103 a bateriei<\/li>\n<li>Butoane digitale pentru ajust\u0103ri u\u0219oare<\/li>\n<li>Capace de protec\u021bie din cauciuc pentru lentile<\/li>\n<li>Compartiment lateral pentru baterie 2032 pentru schimb\u0103ri convenabile<\/li>\n<\/ul>\n<p>Cu caracteristicile sale versatile \u0219i construc\u021bia robust\u0103, HS403B este potrivit pentru tr\u0103g\u0103tori de toate nivelurile. Rezistent la ap\u0103 conform standardului IP67 \u0219i capabil s\u0103 reziste la vibra\u021bii de 1000G, acest dispozitiv optic este construit pentru a func\u021biona \u00een orice condi\u021bii.<\/p>\n<\/div>\n","protected":false},"excerpt":{"rendered":"<p>Dispozitiv de ochire cu punct ro\u0219u compact de 20mm, cu o durat\u0103 de via\u021b\u0103 a bateriei de 50.000 de ore \u0219i montare versatil\u0103.<\/p>\n","protected":false},"featured_media":72273,"template":"","meta":{"_acf_changed":false},"product_brand":[11435],"product_cat":[12771,12772,12805],"product_tag":[],"class_list":{"0":"post-74015","1":"product","2":"type-product","3":"status-publish","4":"has-post-thumbnail","6":"product_brand-holosun","7":"product_cat-ochire","8":"product_cat-puncte-rosii","9":"product_cat-puncte-rosii-pusca","11":"first","12":"instock","13":"taxable","14":"shipping-taxable","15":"purchasable","16":"product-type-simple"},"acf":[],"_links":{"self":[{"href":"https:\/\/staging.nbg.eu\/ro\/wp-json\/wp\/v2\/product\/74015","targetHints":{"allow":["GET"]}}],"collection":[{"href":"https:\/\/staging.nbg.eu\/ro\/wp-json\/wp\/v2\/product"}],"about":[{"href":"https:\/\/staging.nbg.eu\/ro\/wp-json\/wp\/v2\/types\/product"}],"wp:featuredmedia":[{"embeddable":true,"href":"https:\/\/staging.nbg.eu\/ro\/wp-json\/wp\/v2\/media\/72273"}],"wp:attachment":[{"href":"https:\/\/staging.nbg.eu\/ro\/wp-json\/wp\/v2\/media?parent=74015"}],"wp:term":[{"taxonomy":"product_brand","embeddable":true,"href":"https:\/\/staging.nbg.eu\/ro\/wp-json\/wp\/v2\/product_brand?post=74015"},{"taxonomy":"product_cat","embeddable":true,"href":"https:\/\/staging.nbg.eu\/ro\/wp-json\/wp\/v2\/product_cat?post=74015"},{"taxonomy":"product_tag","embeddable":true,"href":"https:\/\/staging.nbg.eu\/ro\/wp-json\/wp\/v2\/product_tag?post=74015"}],"curies":[{"name":"wp","href":"https:\/\/api.w.org\/{rel}","templated":true}]}}