{"id":73993,"date":"2024-10-18T20:01:13","date_gmt":"2024-10-18T20:01:13","guid":{"rendered":"https:\/\/staging.nbg.eu\/product\/holosun-hs515cm-red-dot-sight\/"},"modified":"2024-10-25T14:24:51","modified_gmt":"2024-10-25T14:24:51","slug":"holosun-hs515cm-dispozitiv-de-ochire-red-dot","status":"publish","type":"product","link":"https:\/\/staging.nbg.eu\/ro\/produs\/holosun-hs515cm-dispozitiv-de-ochire-red-dot\/","title":{"rendered":"Holosun HS515CM &#8211; Dispozitiv de Ochire Red Dot"},"content":{"rendered":"<div class=\"product-description\">\n<h2>Holosun HS515CM &#8211; Vizor cu punct ro\u0219u<\/h2>\n<p>HS515CM este un vizor micro de 20mm pentru pu\u0219ti \u0219i carabine. Construit din aluminiu 7075, include:<\/p>\n<ul>\n<li>Capace de lentile clare, deta\u0219abile\/rotative<\/li>\n<li>Montur\u0103 QD pentru co-vizare inferioar\u0103 1\/3 (1,63&#8243;)<\/li>\n<li>Clasificare IP68 impermeabil\u0103 \u0219i rezistent\u0103 la praf<\/li>\n<li>Tehnologie Solar Failsafe<\/li>\n<li>Sistem Multi-Reticul cu LED Ro\u0219u<\/li>\n<li>10 set\u0103ri pentru lumina zilei \u0219i 2 pentru vedere nocturn\u0103<\/li>\n<li>Tehnologie Shake Awake<\/li>\n<li>Durata de via\u021b\u0103 a bateriei p\u00e2n\u0103 la 50.000 de ore<\/li>\n<li>\u00cenlocuirea bateriei f\u0103r\u0103 unelte, montat\u0103 lateral<\/li>\n<\/ul>\n<p>Conceput pentru utilizare sportiv\u0103 \u0219i profesional\u0103, HS515CM ofer\u0103 ajust\u0103ri de 0,5 MOA \u0219i o gam\u0103 de deplasare de \u00b150 MOA. Este construit pentru a rezista la temperaturi extreme \u0219i vibra\u021bii de 1000G.<\/p>\n<\/div>\n","protected":false},"excerpt":{"rendered":"<p>Dispozitiv durabil de ochire cu punct ro\u0219u micro de 20mm pentru pu\u0219ti, alimentat solar, rezistent la ap\u0103.<\/p>\n","protected":false},"featured_media":72412,"template":"","meta":{"_acf_changed":false},"product_brand":[11435],"product_cat":[12771,12772,12805],"product_tag":[],"class_list":{"0":"post-73993","1":"product","2":"type-product","3":"status-publish","4":"has-post-thumbnail","6":"product_brand-holosun","7":"product_cat-ochire","8":"product_cat-puncte-rosii","9":"product_cat-puncte-rosii-pusca","11":"first","12":"instock","13":"taxable","14":"shipping-taxable","15":"purchasable","16":"product-type-simple"},"acf":[],"_links":{"self":[{"href":"https:\/\/staging.nbg.eu\/ro\/wp-json\/wp\/v2\/product\/73993","targetHints":{"allow":["GET"]}}],"collection":[{"href":"https:\/\/staging.nbg.eu\/ro\/wp-json\/wp\/v2\/product"}],"about":[{"href":"https:\/\/staging.nbg.eu\/ro\/wp-json\/wp\/v2\/types\/product"}],"wp:featuredmedia":[{"embeddable":true,"href":"https:\/\/staging.nbg.eu\/ro\/wp-json\/wp\/v2\/media\/72412"}],"wp:attachment":[{"href":"https:\/\/staging.nbg.eu\/ro\/wp-json\/wp\/v2\/media?parent=73993"}],"wp:term":[{"taxonomy":"product_brand","embeddable":true,"href":"https:\/\/staging.nbg.eu\/ro\/wp-json\/wp\/v2\/product_brand?post=73993"},{"taxonomy":"product_cat","embeddable":true,"href":"https:\/\/staging.nbg.eu\/ro\/wp-json\/wp\/v2\/product_cat?post=73993"},{"taxonomy":"product_tag","embeddable":true,"href":"https:\/\/staging.nbg.eu\/ro\/wp-json\/wp\/v2\/product_tag?post=73993"}],"curies":[{"name":"wp","href":"https:\/\/api.w.org\/{rel}","templated":true}]}}