{"id":73971,"date":"2024-10-16T20:13:36","date_gmt":"2024-10-25T10:17:50","guid":{"rendered":"https:\/\/staging.nbg.eu\/product\/casio-gbd-800uc-5er\/"},"modified":"2024-10-25T10:19:15","modified_gmt":"2024-10-25T10:19:15","slug":"casio-gbd-800uc-5er","status":"publish","type":"product","link":"https:\/\/staging.nbg.eu\/ro\/produs\/casio-gbd-800uc-5er\/","title":{"rendered":"Casio GBD-800UC-5ER"},"content":{"rendered":"<div class=\"product-description\">\n<h2>Casio GBD-800UC-5ER: Ceas pentru fitness<\/h2>\n<p>Casio GBD-800UC-5ER are o carcas\u0103 \u0219i o curea din r\u0103\u0219in\u0103, concepute pentru un stil de via\u021b\u0103 activ.<\/p>\n<ul>\n<li>Dimensiuni: 54.1 \u00d7 48.6 \u00d7 15.5 mm, greutate: 59g<\/li>\n<li>Rezistent la \u0219ocuri<\/li>\n<li>Rezisten\u021b\u0103 la ap\u0103 p\u00e2n\u0103 la 200 metri<\/li>\n<li>Durat\u0103 de via\u021b\u0103 a bateriei: 3 ani cu CR2025<\/li>\n<li>Num\u0103rare pa\u0219i cu senzor de accelera\u021bie pe 3 axe<\/li>\n<li>Afi\u0219aj pentru progresul obiectivului de pa\u0219i \u0219i grafic pe 7 ore<\/li>\n<li>Func\u021bie de economisire a energiei<\/li>\n<\/ul>\n<p>GBD-800UC-5ER monitorizeaz\u0103 activitatea fizic\u0103.<\/p>\n<\/div>\n","protected":false},"excerpt":{"rendered":"<p>G-Shock robust cu contor de pa\u0219i, rezistent la ap\u0103 p\u00e2n\u0103 la 200m, baterie cu durat\u0103 de 3 ani.<\/p>\n","protected":false},"featured_media":71251,"template":"","meta":{"_acf_changed":false},"product_brand":[11210],"product_cat":[12761,12785],"product_tag":[],"class_list":{"0":"post-73971","1":"product","2":"type-product","3":"status-publish","4":"has-post-thumbnail","6":"product_brand-casio","7":"product_cat-ceasuri","8":"product_cat-edc","10":"first","11":"instock","12":"taxable","13":"shipping-taxable","14":"purchasable","15":"product-type-simple"},"acf":[],"_links":{"self":[{"href":"https:\/\/staging.nbg.eu\/ro\/wp-json\/wp\/v2\/product\/73971","targetHints":{"allow":["GET"]}}],"collection":[{"href":"https:\/\/staging.nbg.eu\/ro\/wp-json\/wp\/v2\/product"}],"about":[{"href":"https:\/\/staging.nbg.eu\/ro\/wp-json\/wp\/v2\/types\/product"}],"wp:featuredmedia":[{"embeddable":true,"href":"https:\/\/staging.nbg.eu\/ro\/wp-json\/wp\/v2\/media\/71251"}],"wp:attachment":[{"href":"https:\/\/staging.nbg.eu\/ro\/wp-json\/wp\/v2\/media?parent=73971"}],"wp:term":[{"taxonomy":"product_brand","embeddable":true,"href":"https:\/\/staging.nbg.eu\/ro\/wp-json\/wp\/v2\/product_brand?post=73971"},{"taxonomy":"product_cat","embeddable":true,"href":"https:\/\/staging.nbg.eu\/ro\/wp-json\/wp\/v2\/product_cat?post=73971"},{"taxonomy":"product_tag","embeddable":true,"href":"https:\/\/staging.nbg.eu\/ro\/wp-json\/wp\/v2\/product_tag?post=73971"}],"curies":[{"name":"wp","href":"https:\/\/api.w.org\/{rel}","templated":true}]}}