{"id":73949,"date":"2024-08-16T18:08:29","date_gmt":"2024-08-16T18:08:29","guid":{"rendered":"https:\/\/staging.nbg.eu\/product\/calypso-mini-mini-applied-ballistics-compatible\/"},"modified":"2024-10-25T07:35:17","modified_gmt":"2024-10-25T07:35:17","slug":"calypso-mini-mini-compatibil-cu-applied-ballistics","status":"publish","type":"product","link":"https:\/\/staging.nbg.eu\/ro\/produs\/calypso-mini-mini-compatibil-cu-applied-ballistics\/","title":{"rendered":"Calypso Mini &#8211; Mini Compatibil cu Applied Ballistics"},"content":{"rendered":"<h2>Calypso Mini &#8211; Mini Compatibil cu Applied Ballistics<\/h2>\n<p>Calypso Mini este un anemometru \u0219i giruet\u0103 ultrasonic\u0103 compact\u0103. Acest dispozitiv, cu un diametru de doar 43mm, ofer\u0103 func\u021bii avansate \u0219i un design robust.<\/p>\n<h3>Caracteristici principale:<\/h3>\n<ul>\n<li>Senzori ultrasonici pentru m\u0103sur\u0103tori precise ale vitezei \u0219i direc\u021biei v\u00e2ntului<\/li>\n<li>Conectivitate Bluetooth 5.1 cu o raz\u0103 de p\u00e2n\u0103 la 30m<\/li>\n<li>\u00cenc\u0103rcare wireless QI cu o durat\u0103 de via\u021b\u0103 a bateriei de 150 de ore<\/li>\n<li>Clasificare de rezisten\u021b\u0103 la ap\u0103 IPX8<\/li>\n<li>Compatibil cu dispozitive Android, iOS \u0219i Garmin<\/li>\n<li>Filet feminin de 1\/4&#8243; pentru montare u\u0219oar\u0103 pe trepied<\/li>\n<li>U\u0219or, c\u00e2nt\u0103rind doar 78 de grame<\/li>\n<\/ul>\n<p>Calypso Mini ofer\u0103 m\u0103sur\u0103tori precise ale v\u00e2ntului cu o gam\u0103 de vitez\u0103 de 0,5-25 m\/s \u0219i o precizie a direc\u021biei de \u00b11\u00b0. Designul s\u0103u durabil, f\u0103r\u0103 p\u0103r\u021bi mobile, asigur\u0103 fiabilitate \u00een diverse condi\u021bii. Poate fi asociat cu aplica\u021bia gratuit\u0103 Anemotracker pentru \u00eenregistrarea datelor \u0219i informa\u021bii \u00een timp real despre v\u00e2nt.<\/p>\n<p>Calypso Mini este o solu\u021bie compact\u0103 pentru m\u0103surarea v\u00e2ntului, util\u0103 pentru entuzia\u0219tii marinei, aventurierii \u00een aer liber sau meteorologii profesioni\u0219ti.<\/p>\n","protected":false},"excerpt":{"rendered":"<p>Anemometru ultrasonic compact cu Bluetooth pentru date precise despre v\u00e2nt.<\/p>\n","protected":false},"featured_media":23280,"template":"","meta":{"_acf_changed":false},"product_brand":[11190],"product_cat":[12737,12811,12798],"product_tag":[],"class_list":{"0":"post-73949","1":"product","2":"type-product","3":"status-publish","4":"has-post-thumbnail","6":"product_brand-calypso","7":"product_cat-aparate-meteo","8":"product_cat-necategorizat","9":"product_cat-unelte","11":"first","12":"instock","13":"taxable","14":"shipping-taxable","15":"purchasable","16":"product-type-simple"},"acf":[],"_links":{"self":[{"href":"https:\/\/staging.nbg.eu\/ro\/wp-json\/wp\/v2\/product\/73949","targetHints":{"allow":["GET"]}}],"collection":[{"href":"https:\/\/staging.nbg.eu\/ro\/wp-json\/wp\/v2\/product"}],"about":[{"href":"https:\/\/staging.nbg.eu\/ro\/wp-json\/wp\/v2\/types\/product"}],"wp:featuredmedia":[{"embeddable":true,"href":"https:\/\/staging.nbg.eu\/ro\/wp-json\/wp\/v2\/media\/23280"}],"wp:attachment":[{"href":"https:\/\/staging.nbg.eu\/ro\/wp-json\/wp\/v2\/media?parent=73949"}],"wp:term":[{"taxonomy":"product_brand","embeddable":true,"href":"https:\/\/staging.nbg.eu\/ro\/wp-json\/wp\/v2\/product_brand?post=73949"},{"taxonomy":"product_cat","embeddable":true,"href":"https:\/\/staging.nbg.eu\/ro\/wp-json\/wp\/v2\/product_cat?post=73949"},{"taxonomy":"product_tag","embeddable":true,"href":"https:\/\/staging.nbg.eu\/ro\/wp-json\/wp\/v2\/product_tag?post=73949"}],"curies":[{"name":"wp","href":"https:\/\/api.w.org\/{rel}","templated":true}]}}