{"id":73740,"date":"2024-10-16T19:50:15","date_gmt":"2024-10-21T08:20:15","guid":{"rendered":"https:\/\/staging.nbg.eu\/product\/casio-gba-800-1aer\/"},"modified":"2024-10-21T08:21:41","modified_gmt":"2024-10-21T08:21:41","slug":"casio-gba-800-1aer","status":"publish","type":"product","link":"https:\/\/staging.nbg.eu\/ro\/produs\/casio-gba-800-1aer\/","title":{"rendered":"Casio GBA-800-1AER"},"content":{"rendered":"<h2>Ceas Casio GBA-800-1AER G-SQUAD<\/h2>\n<p>Casio GBA-800-1AER G-SQUAD este un ceas pentru sport. Acest ceas combin\u0103 durabilitatea G-SHOCK cu func\u021bii de monitorizare a activit\u0103\u021bii fizice.<\/p>\n<ul>\n<li>Conectivitate Bluetooth pentru integrare cu aplica\u021bia CASIO WATCHES<\/li>\n<li>Accelerometru pe 3 axe pentru num\u0103rarea pa\u0219ilor<\/li>\n<li>Cronometre personalizabile \u0219i memorie pentru 200 de tururi<\/li>\n<li>Jurnal de pa\u0219i cu cinci niveluri de intensitate a exerci\u021biilor<\/li>\n<li>Calculul caloriilor \u0219i setarea obiectivelor de pa\u0219i<\/li>\n<li>Ajustare automat\u0103 a timpului \u0219i ora mondial\u0103 pentru 300 de ora\u0219e<\/li>\n<li>Iluminare LED dubl\u0103 pentru vizibilitate \u00een condi\u021bii de lumin\u0103 sc\u0103zut\u0103<\/li>\n<\/ul>\n<p>GBA-800-1AER are o curea de uretan moale cu potrivire \u0219i ajustabilitate \u00eembun\u0103t\u0103\u021bite. Carcasa sa compact\u0103 este potrivit\u0103 pentru sport, fiind o alegere pentru alergare, antrenament \u0219i utilizare zilnic\u0103.<\/p>\n","protected":false},"excerpt":{"rendered":"<p>Ceas inteligent sportiv cu pedometru \u0219i sincronizare cu aplica\u021bia.<\/p>\n","protected":false},"featured_media":71111,"template":"","meta":{"_acf_changed":false},"product_brand":[11210],"product_cat":[12761,12785],"product_tag":[],"class_list":{"0":"post-73740","1":"product","2":"type-product","3":"status-publish","4":"has-post-thumbnail","6":"product_brand-casio","7":"product_cat-ceasuri","8":"product_cat-edc","10":"first","11":"instock","12":"taxable","13":"shipping-taxable","14":"purchasable","15":"product-type-simple"},"acf":[],"_links":{"self":[{"href":"https:\/\/staging.nbg.eu\/ro\/wp-json\/wp\/v2\/product\/73740","targetHints":{"allow":["GET"]}}],"collection":[{"href":"https:\/\/staging.nbg.eu\/ro\/wp-json\/wp\/v2\/product"}],"about":[{"href":"https:\/\/staging.nbg.eu\/ro\/wp-json\/wp\/v2\/types\/product"}],"wp:featuredmedia":[{"embeddable":true,"href":"https:\/\/staging.nbg.eu\/ro\/wp-json\/wp\/v2\/media\/71111"}],"wp:attachment":[{"href":"https:\/\/staging.nbg.eu\/ro\/wp-json\/wp\/v2\/media?parent=73740"}],"wp:term":[{"taxonomy":"product_brand","embeddable":true,"href":"https:\/\/staging.nbg.eu\/ro\/wp-json\/wp\/v2\/product_brand?post=73740"},{"taxonomy":"product_cat","embeddable":true,"href":"https:\/\/staging.nbg.eu\/ro\/wp-json\/wp\/v2\/product_cat?post=73740"},{"taxonomy":"product_tag","embeddable":true,"href":"https:\/\/staging.nbg.eu\/ro\/wp-json\/wp\/v2\/product_tag?post=73740"}],"curies":[{"name":"wp","href":"https:\/\/api.w.org\/{rel}","templated":true}]}}