{"id":73718,"date":"2024-10-16T19:57:17","date_gmt":"2024-10-21T08:18:19","guid":{"rendered":"https:\/\/staging.nbg.eu\/product\/casio-gbd-800-1ber\/"},"modified":"2024-10-21T08:19:54","modified_gmt":"2024-10-21T08:19:54","slug":"casio-gbd-800-1ber","status":"publish","type":"product","link":"https:\/\/staging.nbg.eu\/ro\/produs\/casio-gbd-800-1ber\/","title":{"rendered":"Casio GBD-800-1BER"},"content":{"rendered":"<h2>Ceas sport Casio GBD-800-1BER G-SQUAD<\/h2>\n<p>Casio GBD-800-1BER este un ceas sport G-SQUAD pentru atle\u021bi \u0219i uz zilnic. Acest ceas negru are urm\u0103toarele caracteristici:<\/p>\n<ul>\n<li>Afi\u0219aj digital multi-segment pentru lizibilitate<\/li>\n<li>Conectivitate Bluetooth cu aplica\u021bia CASIO WATCHES<\/li>\n<li>Accelerometru pe 3 axe pentru num\u0103rarea pa\u0219ilor<\/li>\n<li>Multi-Timer cu p\u00e2n\u0103 la 20 de combina\u021bii de temporizatoare<\/li>\n<li>Memorie pentru 200 de ture pentru monitorizarea antrenamentelor<\/li>\n<li>Lumin\u0103 LED automat\u0103 pentru vizibilitate \u00een condi\u021bii de lumin\u0103 sc\u0103zut\u0103<\/li>\n<li>Potrivire confortabil\u0103 cu band\u0103 ajustabil\u0103 \u0219i aripioare posterioare<\/li>\n<\/ul>\n<p>Cu designul s\u0103u, construc\u021bia robust\u0103 \u0219i capacit\u0103\u021bile de monitorizare a fitnessului, GBD-800-1BER este un \u00eenso\u021bitor pentru un stil de via\u021b\u0103 activ. Acest ceas G-SHOCK v\u0103 ajut\u0103 s\u0103 r\u0103m\u00e2ne\u021bi motivat \u0219i s\u0103 v\u0103 atinge\u021bi obiectivele de fitness, fie la sal\u0103, fie pe strad\u0103.<\/p>\n","protected":false},"excerpt":{"rendered":"<p>Ceas sport G-SHOCK elegant cu contor de pa\u0219i \u0219i conectivitate la aplica\u021bia pentru telefon.<\/p>\n","protected":false},"featured_media":100961,"template":"","meta":{"_acf_changed":false},"product_brand":[11210],"product_cat":[12761,12785],"product_tag":[],"class_list":{"0":"post-73718","1":"product","2":"type-product","3":"status-publish","4":"has-post-thumbnail","6":"product_brand-casio","7":"product_cat-ceasuri","8":"product_cat-edc","10":"first","11":"instock","12":"taxable","13":"shipping-taxable","14":"purchasable","15":"product-type-simple"},"acf":[],"_links":{"self":[{"href":"https:\/\/staging.nbg.eu\/ro\/wp-json\/wp\/v2\/product\/73718","targetHints":{"allow":["GET"]}}],"collection":[{"href":"https:\/\/staging.nbg.eu\/ro\/wp-json\/wp\/v2\/product"}],"about":[{"href":"https:\/\/staging.nbg.eu\/ro\/wp-json\/wp\/v2\/types\/product"}],"wp:featuredmedia":[{"embeddable":true,"href":"https:\/\/staging.nbg.eu\/ro\/wp-json\/wp\/v2\/media\/100961"}],"wp:attachment":[{"href":"https:\/\/staging.nbg.eu\/ro\/wp-json\/wp\/v2\/media?parent=73718"}],"wp:term":[{"taxonomy":"product_brand","embeddable":true,"href":"https:\/\/staging.nbg.eu\/ro\/wp-json\/wp\/v2\/product_brand?post=73718"},{"taxonomy":"product_cat","embeddable":true,"href":"https:\/\/staging.nbg.eu\/ro\/wp-json\/wp\/v2\/product_cat?post=73718"},{"taxonomy":"product_tag","embeddable":true,"href":"https:\/\/staging.nbg.eu\/ro\/wp-json\/wp\/v2\/product_tag?post=73718"}],"curies":[{"name":"wp","href":"https:\/\/api.w.org\/{rel}","templated":true}]}}