{"id":69005,"date":"2023-01-30T18:17:49","date_gmt":"2023-01-30T18:17:49","guid":{"rendered":"https:\/\/staging.nbg.eu\/product\/geissele-super-duty-mod1-rifle-14-5-5-56mm-ddc\/"},"modified":"2024-09-27T10:24:25","modified_gmt":"2024-09-27T10:24:25","slug":"geissele-super-duty-pusca-145-inch-556mm-ddc","status":"publish","type":"product","link":"https:\/\/staging.nbg.eu\/ro\/produs\/geissele-super-duty-pusca-145-inch-556mm-ddc\/","title":{"rendered":"Geissele Super Duty Pusca 14.5 inch 5.56MM DDC"},"content":{"rendered":"<h2>Geissele Super Duty &#8211; 14.5&#8243; 5.56MM<\/h2>\n<p>Geissele Super Duty. Acest model de 14.5&#8243; \u00een 5.56 NATO combin\u0103 tehnologia cu me\u0219te\u0219ugul.<\/p>\n<h2>Caracteristici principale:<\/h2>\n<ul>\n<li>\u021aeav\u0103 de 14.5&#8243; forjat\u0103 la rece, cromat\u0103 (pas 1:7&#8243;)<\/li>\n<li>Fabricat \u00een Geissele, North Wales, PA<\/li>\n<li>Sistem de gaz cu lungime de carabin\u0103 cu bloc de gaz compact<\/li>\n<li>\u0218in\u0103 modular\u0103 SMR MK14.5 de 14&#8243; cu compatibilitate M-LOK<\/li>\n<li>Receptor inferior din aluminiu 7075-T6 cu kit de piese Ultra Duty<\/li>\n<li>Siguran\u021b\u0103 ambidextr\u0103 configurabil\u0103<\/li>\n<li>Arc de ac\u021biune Super-42 \u0219i tampon H3<\/li>\n<\/ul>\n<h2>Specifica\u021bii:<\/h2>\n<ul>\n<li>Calibru: 5.56 NATO<\/li>\n<li>\u021aeav\u0103: Geissele forjat\u0103 la rece, cromat\u0103, pas 1\/7<\/li>\n<li>Receptoare: Forjate 7075-T6, anodizate tip III<\/li>\n<li>Grup portculas\u0103: REBCG (Grup portculas\u0103 cu fiabilitate \u00eembun\u0103t\u0103\u021bit\u0103)<\/li>\n<li>Tr\u0103gaci: SSA-X cu Arc Lightning<\/li>\n<li>Dispozitiv pentru gura \u021bevii: Ascunz\u0103tor de flac\u0103r\u0103 Geissele Sparkout<\/li>\n<li>M\u00e2ner de armare: Airborne<\/li>\n<li>Culoare: DDC (Culoare Desert Dirt)*<\/li>\n<\/ul>\n<p><em>*Not\u0103: Anodizarea DDC poate varia ca nuan\u021b\u0103<\/em><\/p>\n<p>Pu\u0219ca Geissele Super Duty combin\u0103 precizia cu fiabilitatea \u00eentr-un pachet compact.<\/p>\n","protected":false},"excerpt":{"rendered":"<p>Geissele Super Duty: 14,5&#8243; 5,56MM, tehnologie avansat\u0103, construit\u0103 cu precizie.<\/p>\n","protected":false},"featured_media":69006,"template":"","meta":{"_acf_changed":false},"product_brand":[11395],"product_cat":[12792,12795],"product_tag":[],"class_list":{"0":"post-69005","1":"product","2":"type-product","3":"status-publish","4":"has-post-thumbnail","6":"product_brand-geissele","7":"product_cat-carabine","8":"product_cat-pusca","10":"first","11":"outofstock","12":"taxable","13":"shipping-taxable","14":"product-type-simple"},"acf":[],"_links":{"self":[{"href":"https:\/\/staging.nbg.eu\/ro\/wp-json\/wp\/v2\/product\/69005","targetHints":{"allow":["GET"]}}],"collection":[{"href":"https:\/\/staging.nbg.eu\/ro\/wp-json\/wp\/v2\/product"}],"about":[{"href":"https:\/\/staging.nbg.eu\/ro\/wp-json\/wp\/v2\/types\/product"}],"wp:featuredmedia":[{"embeddable":true,"href":"https:\/\/staging.nbg.eu\/ro\/wp-json\/wp\/v2\/media\/69006"}],"wp:attachment":[{"href":"https:\/\/staging.nbg.eu\/ro\/wp-json\/wp\/v2\/media?parent=69005"}],"wp:term":[{"taxonomy":"product_brand","embeddable":true,"href":"https:\/\/staging.nbg.eu\/ro\/wp-json\/wp\/v2\/product_brand?post=69005"},{"taxonomy":"product_cat","embeddable":true,"href":"https:\/\/staging.nbg.eu\/ro\/wp-json\/wp\/v2\/product_cat?post=69005"},{"taxonomy":"product_tag","embeddable":true,"href":"https:\/\/staging.nbg.eu\/ro\/wp-json\/wp\/v2\/product_tag?post=69005"}],"curies":[{"name":"wp","href":"https:\/\/api.w.org\/{rel}","templated":true}]}}