{"id":68627,"date":"2023-11-29T09:17:17","date_gmt":"2023-11-29T09:17:17","guid":{"rendered":"https:\/\/staging.nbg.eu\/product\/geissele-super-duty-mod1-11-5-5-56mm-black\/"},"modified":"2025-10-01T16:20:09","modified_gmt":"2025-10-01T13:20:09","slug":"geissele-super-duty-115-inch-556mm-negru","status":"publish","type":"product","link":"https:\/\/staging.nbg.eu\/ro\/produs\/geissele-super-duty-115-inch-556mm-negru\/","title":{"rendered":"Geissele Super Duty 11.5 inch 5.56MM Negru"},"content":{"rendered":"<h2>Geissele Super Duty &#8211; 11.5&#8243; 5.56MM<\/h2>\n<p>Geissele Super Duty. Aceast\u0103 arm\u0103 de 11.5&#8243; \u00een calibru 5.56 NATO combin\u0103 tehnologia cu me\u0219te\u0219ugul.<\/p>\n<h2>Caracteristici principale:<\/h2>\n<ul>\n<li>\u021aeav\u0103 de 11.5&#8243; forjat\u0103 la rece, cromat\u0103 (pas 1:7&#8243;)<\/li>\n<li>Fabricat\u0103 \u00een facilitatea Geissele din North Wales, PA<\/li>\n<li>Sistem de gaz cu lungime carabin\u0103 \u0219i bloc de gaz compact<\/li>\n<li>\u0218in\u0103 modular\u0103 SMR MK11.5 de 10.5&#8243; cu compatibilitate M-LOK<\/li>\n<li>Receptor inferior din aluminiu 7075-T6 cu kit de piese Ultra Duty<\/li>\n<li>Siguran\u021b\u0103 ambidextr\u0103 configurabil\u0103<\/li>\n<li>Arc de ac\u021biune Super-42 \u0219i tampon H3<\/li>\n<\/ul>\n<h2>Specifica\u021bii:<\/h2>\n<ul>\n<li>Calibru: 5.56 NATO<\/li>\n<li>\u021aeav\u0103: Geissele forjat\u0103 la rece, cromat\u0103, pas 1\/7<\/li>\n<li>Receptoare: Forjate 7075-T6, anodizate tip III<\/li>\n<li>Grup port-\u00eenchiz\u0103tor: REBCG (Grup port-\u00eenchiz\u0103tor cu fiabilitate \u00eembun\u0103t\u0103\u021bit\u0103)<\/li>\n<li>Tr\u0103gaci: SSA-X cu arc Lightning<\/li>\n<li>Dispozitiv de gur\u0103: Ascunz\u0103tor de flac\u0103r\u0103 Geissele Sparkout<\/li>\n<li>M\u00e2ner de armare: Airborne<\/li>\n<li>Culoare: DDC (Culoare De\u0219ert)*<\/li>\n<\/ul>\n<p><em>*Not\u0103: Nuan\u021ba anodiz\u0103rii DDC poate varia<\/em><\/p>\n<p>Geissele Super Duty Rifle ofer\u0103 precizie \u0219i fiabilitate \u00eentr-un pachet compact.<\/p>\n","protected":false},"excerpt":{"rendered":"<p>Geissele Super Duty: 11,5\u2033 5,56MM, tehnologie avansat\u0103, construc\u021bie de precizie.<\/p>\n","protected":false},"featured_media":191175,"template":"","meta":{"_acf_changed":false},"product_brand":[11395],"product_cat":[12792,12795],"product_tag":[],"class_list":{"0":"post-68627","1":"product","2":"type-product","3":"status-publish","4":"has-post-thumbnail","6":"product_brand-geissele","7":"product_cat-carabine","8":"product_cat-pusca","10":"first","11":"instock","12":"taxable","13":"shipping-taxable","14":"product-type-simple"},"acf":[],"_links":{"self":[{"href":"https:\/\/staging.nbg.eu\/ro\/wp-json\/wp\/v2\/product\/68627","targetHints":{"allow":["GET"]}}],"collection":[{"href":"https:\/\/staging.nbg.eu\/ro\/wp-json\/wp\/v2\/product"}],"about":[{"href":"https:\/\/staging.nbg.eu\/ro\/wp-json\/wp\/v2\/types\/product"}],"wp:featuredmedia":[{"embeddable":true,"href":"https:\/\/staging.nbg.eu\/ro\/wp-json\/wp\/v2\/media\/191175"}],"wp:attachment":[{"href":"https:\/\/staging.nbg.eu\/ro\/wp-json\/wp\/v2\/media?parent=68627"}],"wp:term":[{"taxonomy":"product_brand","embeddable":true,"href":"https:\/\/staging.nbg.eu\/ro\/wp-json\/wp\/v2\/product_brand?post=68627"},{"taxonomy":"product_cat","embeddable":true,"href":"https:\/\/staging.nbg.eu\/ro\/wp-json\/wp\/v2\/product_cat?post=68627"},{"taxonomy":"product_tag","embeddable":true,"href":"https:\/\/staging.nbg.eu\/ro\/wp-json\/wp\/v2\/product_tag?post=68627"}],"curies":[{"name":"wp","href":"https:\/\/api.w.org\/{rel}","templated":true}]}}