{"id":68505,"date":"2023-11-29T10:10:20","date_gmt":"2024-09-20T12:30:12","guid":{"rendered":"https:\/\/staging.nbg.eu\/product\/geissele-super-duty-mod1-11-5-5-56mm-ddc\/"},"modified":"2024-09-27T10:07:40","modified_gmt":"2024-09-27T10:07:40","slug":"geissele-super-duty-115-inch-556mm-ddc","status":"publish","type":"product","link":"https:\/\/staging.nbg.eu\/ro\/produs\/geissele-super-duty-115-inch-556mm-ddc\/","title":{"rendered":"Geissele Super Duty 11.5 inch 5.56MM DDC"},"content":{"rendered":"<h2>Pistol Geissele Super Duty &#8211; 11.5&#8243; 5.56MM<\/h2>\n<p>Pistolul Geissele Super Duty. Acest model de 11.5&#8243; \u00een calibru 5.56 NATO combin\u0103 tehnologia cu me\u0219te\u0219ugul.<\/p>\n<h2>Caracteristici principale:<\/h2>\n<ul>\n<li>\u021aeav\u0103 de 11.5&#8243; forjat\u0103 la rece, cromat\u0103 (pas 1:7&#8243;)<\/li>\n<li>Fabricat \u00een unitatea Geissele din North Wales, PA<\/li>\n<li>Sistem de gaz cu lungime de carabin\u0103 \u0219i bloc de gaz compact<\/li>\n<li>\u0218in\u0103 modular\u0103 SMR MK16 de 10.5&#8243; cu compatibilitate M-LOK<\/li>\n<li>Receptor inferior din aluminiu 7075-T6 cu kit de piese Ultra Duty<\/li>\n<li>Siguran\u021b\u0103 ambidextr\u0103 configurabil\u0103<\/li>\n<li>Arc de ac\u021biune Super-42 \u0219i buffer H3<\/li>\n<\/ul>\n<h2>Specifica\u021bii:<\/h2>\n<ul>\n<li>Calibru: 5.56 NATO<\/li>\n<li>\u021aeav\u0103: Geissele forjat\u0103 la rece, cromat\u0103, pas 1\/7<\/li>\n<li>Receptoare: Forjate 7075-T6, anodizate tip III<\/li>\n<li>Transportor bol\u021b: REBCG (Grup transportor bol\u021b cu fiabilitate \u00eembun\u0103t\u0103\u021bit\u0103)<\/li>\n<li>Tr\u0103gaci: SSA-X cu arc Lightning<\/li>\n<li>Dispozitiv de gur\u0103: Ascunz\u0103tor de flac\u0103r\u0103 Geissele Sparkout<\/li>\n<li>M\u00e2ner de armare: Airborne<\/li>\n<li>Culoare: DDC (Culoare Desert Dirt)*<\/li>\n<\/ul>\n<p><em>*Not\u0103: Anodizarea DDC poate varia ca nuan\u021b\u0103<\/em><\/p>\n<p>Pistolul Geissele Super Duty ofer\u0103 precizie \u0219i fiabilitate \u00eentr-un pachet compact.<\/p>\n","protected":false},"excerpt":{"rendered":"<p>Geissele Super Duty: 11,5&#8243; 5,56MM, tehnologie avansat\u0103, construit cu precizie.<\/p>\n","protected":false},"featured_media":191260,"template":"","meta":{"_acf_changed":false},"product_brand":[11395],"product_cat":[12792,12780,12795],"product_tag":[],"class_list":{"0":"post-68505","1":"product","2":"type-product","3":"status-publish","4":"has-post-thumbnail","6":"product_brand-geissele","7":"product_cat-carabine","8":"product_cat-licentiat","9":"product_cat-pusca","11":"first","12":"instock","13":"taxable","14":"shipping-taxable","15":"product-type-simple"},"acf":[],"_links":{"self":[{"href":"https:\/\/staging.nbg.eu\/ro\/wp-json\/wp\/v2\/product\/68505","targetHints":{"allow":["GET"]}}],"collection":[{"href":"https:\/\/staging.nbg.eu\/ro\/wp-json\/wp\/v2\/product"}],"about":[{"href":"https:\/\/staging.nbg.eu\/ro\/wp-json\/wp\/v2\/types\/product"}],"wp:featuredmedia":[{"embeddable":true,"href":"https:\/\/staging.nbg.eu\/ro\/wp-json\/wp\/v2\/media\/191260"}],"wp:attachment":[{"href":"https:\/\/staging.nbg.eu\/ro\/wp-json\/wp\/v2\/media?parent=68505"}],"wp:term":[{"taxonomy":"product_brand","embeddable":true,"href":"https:\/\/staging.nbg.eu\/ro\/wp-json\/wp\/v2\/product_brand?post=68505"},{"taxonomy":"product_cat","embeddable":true,"href":"https:\/\/staging.nbg.eu\/ro\/wp-json\/wp\/v2\/product_cat?post=68505"},{"taxonomy":"product_tag","embeddable":true,"href":"https:\/\/staging.nbg.eu\/ro\/wp-json\/wp\/v2\/product_tag?post=68505"}],"curies":[{"name":"wp","href":"https:\/\/api.w.org\/{rel}","templated":true}]}}