{"id":68393,"date":"2023-12-10T10:23:45","date_gmt":"2023-12-10T10:23:45","guid":{"rendered":"https:\/\/staging.nbg.eu\/product\/alg-defense-el-jefe-16-5-56mm-black\/"},"modified":"2025-02-07T08:23:27","modified_gmt":"2025-02-07T08:23:27","slug":"alg-defense-el-jefe-16-inch-556mm-negru","status":"publish","type":"product","link":"https:\/\/staging.nbg.eu\/ro\/produs\/alg-defense-el-jefe-16-inch-556mm-negru\/","title":{"rendered":"ALG Defense El Jefe 16 inch 5.56MM Negru"},"content":{"rendered":"<h2>ALG Defense El Jefe, 16&#8243;, 5,56MM &#8211; Negru<\/h2>\n<p>Pu\u0219ca ALG Defense El Jefe este o arm\u0103 de tip Mil-Spec la un pre\u021b accesibil. Acest sistem complet de pu\u0219c\u0103 vine cu o curea \u0219i un dispozitiv de ochire cu punct ro\u0219u Warner &amp; Swasey.<\/p>\n<h2>Caracteristici principale:<\/h2>\n<ul>\n<li>Corpuri din aluminiu 7075, forjate \u0219i prelucrate CNC pentru rezisten\u021b\u0103 \u0219i design u\u0219or<\/li>\n<li>Finisaj anodizat Mil-Spec Tip 3 \u00een negru mat<\/li>\n<li>M\u00e2ner ALG V3X cu sloturi M-LOK pentru op\u021biuni de ata\u0219are<\/li>\n<li>Pat B5 Systems SOPMOD<\/li>\n<li>Arc buffer Geissele Super 42 \u0219i buffer H1 pentru ciclare fiabil\u0103<\/li>\n<li>Grup transportor de \u00eenchiz\u0103tor Mil-Spec cu placare dur\u0103 cu crom<\/li>\n<li>Tr\u0103gaci ALG Defense Advanced Combat Trigger (ACT)<\/li>\n<li>\u021aeav\u0103 cu ghinturile buton, placat\u0103 cu crom, cu camer\u0103 5,56 NATO<\/li>\n<li>Bloc de gaz Geissele \u0219i tub de gaz mid-length extins<\/li>\n<li>Include curea web M4 carbine Mil-Spec \u0219i pivotan\u021bi QD<\/li>\n<li>Dispozitiv de ochire cu punct ro\u0219u Warner and Swasey 3 MOA cu vizoare de fier de rezerv\u0103 integrate<\/li>\n<\/ul>\n<p>El Jefe combin\u0103 componente de calitate pentru a oferi o pu\u0219c\u0103 fiabil\u0103, precis\u0103 \u0219i durabil\u0103, potrivit\u0103 pentru trageri sportive, aplicarea legii \u0219i ap\u0103rarea casei. Cu construc\u021bia sa de calitate \u0219i accesoriile incluse, ALG Defense El Jefe este o arm\u0103 AR-15 la un pre\u021b rezonabil.<\/p>\n","protected":false},"excerpt":{"rendered":"<p>ALG Defense El Jefe: AR-15 de \u00eenalt\u0103 calitate, calibru 5,56 mm, cu caracteristici premium.<\/p>\n","protected":false},"featured_media":68394,"template":"","meta":{"_acf_changed":false},"product_brand":[11395],"product_cat":[12792,12795],"product_tag":[],"class_list":{"0":"post-68393","1":"product","2":"type-product","3":"status-publish","4":"has-post-thumbnail","6":"product_brand-geissele","7":"product_cat-carabine","8":"product_cat-pusca","10":"first","11":"instock","12":"taxable","13":"shipping-taxable","14":"product-type-simple"},"acf":[],"_links":{"self":[{"href":"https:\/\/staging.nbg.eu\/ro\/wp-json\/wp\/v2\/product\/68393","targetHints":{"allow":["GET"]}}],"collection":[{"href":"https:\/\/staging.nbg.eu\/ro\/wp-json\/wp\/v2\/product"}],"about":[{"href":"https:\/\/staging.nbg.eu\/ro\/wp-json\/wp\/v2\/types\/product"}],"wp:featuredmedia":[{"embeddable":true,"href":"https:\/\/staging.nbg.eu\/ro\/wp-json\/wp\/v2\/media\/68394"}],"wp:attachment":[{"href":"https:\/\/staging.nbg.eu\/ro\/wp-json\/wp\/v2\/media?parent=68393"}],"wp:term":[{"taxonomy":"product_brand","embeddable":true,"href":"https:\/\/staging.nbg.eu\/ro\/wp-json\/wp\/v2\/product_brand?post=68393"},{"taxonomy":"product_cat","embeddable":true,"href":"https:\/\/staging.nbg.eu\/ro\/wp-json\/wp\/v2\/product_cat?post=68393"},{"taxonomy":"product_tag","embeddable":true,"href":"https:\/\/staging.nbg.eu\/ro\/wp-json\/wp\/v2\/product_tag?post=68393"}],"curies":[{"name":"wp","href":"https:\/\/api.w.org\/{rel}","templated":true}]}}