{"id":68222,"date":"2024-01-30T18:09:06","date_gmt":"2024-09-20T12:20:25","guid":{"rendered":"https:\/\/staging.nbg.eu\/product\/surefire-m640dft-pro\/"},"modified":"2024-09-20T12:21:25","modified_gmt":"2024-09-20T12:21:25","slug":"surefire-m640dft-pro","status":"publish","type":"product","link":"https:\/\/staging.nbg.eu\/ro\/produs\/surefire-m640dft-pro\/","title":{"rendered":"SureFire M640DFT-PRO"},"content":{"rendered":"<div class=\"product-description\">\n<h2>SureFire M640DFT-PRO Turbo Scout Light Pro<\/h2>\n<p>M640DFT-PRO Turbo Scout Light Pro ofer\u0103 urm\u0103toarele:<\/p>\n<ul>\n<li>Intensitate maxim\u0103 a fasciculului de 100.000 candela cu bateria SF18650B inclus\u0103<\/li>\n<li>Model de fascicul Turbo pentru identificarea \u021bintelor la distan\u021b\u0103 mare<\/li>\n<li>Montare cu profil redus (compatibil cu MIL-STD-1913 \u0219i M-LOK)<\/li>\n<li>Capacitate de alimentare dual\u0103: utilizeaz\u0103 baterie re\u00eenc\u0103rcabil\u0103 SF18650B sau dou\u0103 baterii cu litiu 123A<\/li>\n<li>Durabilitate \u0219i op\u021biuni de comutare la distan\u021b\u0103<\/li>\n<\/ul>\n<p>Fabricat din aluminiu aerospa\u021bial u\u0219or \u0219i anodizat dur conform specifica\u021biilor militare, acest WeaponLight etan\u0219at cu garnitur\u0103 inelar\u0103 ofer\u0103 performan\u021be \u0219i versatilitate pentru aplica\u021bii la distan\u021b\u0103 mare.<\/p>\n<\/div>\n","protected":false},"excerpt":{"rendered":"<p>Lantern\u0103 tactic\u0103 de mare putere cu fascicul de 100.000 candela pentru utilizare pe distan\u021be lungi.<\/p>\n","protected":false},"featured_media":68223,"template":"","meta":{"_acf_changed":false},"product_brand":[11877],"product_cat":[12786,12795],"product_tag":[],"class_list":{"0":"post-68222","1":"product","2":"type-product","3":"status-publish","4":"has-post-thumbnail","6":"product_brand-surefire","7":"product_cat-lanterne","8":"product_cat-pusca","10":"first","11":"instock","12":"taxable","13":"shipping-taxable","14":"purchasable","15":"product-type-variable","16":"wvs-archive-product-wrapper"},"acf":[],"_links":{"self":[{"href":"https:\/\/staging.nbg.eu\/ro\/wp-json\/wp\/v2\/product\/68222","targetHints":{"allow":["GET"]}}],"collection":[{"href":"https:\/\/staging.nbg.eu\/ro\/wp-json\/wp\/v2\/product"}],"about":[{"href":"https:\/\/staging.nbg.eu\/ro\/wp-json\/wp\/v2\/types\/product"}],"wp:featuredmedia":[{"embeddable":true,"href":"https:\/\/staging.nbg.eu\/ro\/wp-json\/wp\/v2\/media\/68223"}],"wp:attachment":[{"href":"https:\/\/staging.nbg.eu\/ro\/wp-json\/wp\/v2\/media?parent=68222"}],"wp:term":[{"taxonomy":"product_brand","embeddable":true,"href":"https:\/\/staging.nbg.eu\/ro\/wp-json\/wp\/v2\/product_brand?post=68222"},{"taxonomy":"product_cat","embeddable":true,"href":"https:\/\/staging.nbg.eu\/ro\/wp-json\/wp\/v2\/product_cat?post=68222"},{"taxonomy":"product_tag","embeddable":true,"href":"https:\/\/staging.nbg.eu\/ro\/wp-json\/wp\/v2\/product_tag?post=68222"}],"curies":[{"name":"wp","href":"https:\/\/api.w.org\/{rel}","templated":true}]}}