{"id":67680,"date":"2024-01-13T11:48:33","date_gmt":"2024-01-13T11:48:33","guid":{"rendered":"https:\/\/staging.nbg.eu\/product\/surefire-m340v-pro\/"},"modified":"2024-09-20T12:16:28","modified_gmt":"2024-09-20T12:16:28","slug":"surefire-m340v-pro","status":"publish","type":"product","link":"https:\/\/staging.nbg.eu\/ro\/produs\/surefire-m340v-pro\/","title":{"rendered":"SureFire M340V-PRO"},"content":{"rendered":"<div class=\"product-description\">\n<h2>Mini Scout Light Pro Infraro\u0219u<\/h2>\n<p>Lanterna Scout Light Pro cu o singur\u0103 celul\u0103 ofer\u0103:<\/p>\n<ul>\n<li>250 lumeni de lumin\u0103 alb\u0103 \u0219i 100 mW de ie\u0219ire IR<\/li>\n<li>Model de fascicul hibrid pentru identificare \u0219i con\u0219tientizare situa\u021bional\u0103 la distan\u021b\u0103 medie \u0219i lung\u0103<\/li>\n<li>Montur\u0103 cu profil jos pentru pozi\u021bionare optim\u0103 \u0219i compatibilitate cu accesorii<\/li>\n<li>Comutare u\u0219oar\u0103 \u00eentre lumin\u0103 alb\u0103, dezactivare \u0219i infraro\u0219u<\/li>\n<li>Construc\u021bie din aluminiu aerospa\u021bial cu anodizare dur\u0103 conform specifica\u021biilor militare<\/li>\n<li>Alimentat\u0103 de o singur\u0103 baterie cu litiu 123A<\/li>\n<li>Compatibil\u0103 cu \u0219ine MIL-STD-1913 \u0219i M-LOK<\/li>\n<\/ul>\n<p>Construit\u0103 pentru a rezista condi\u021biilor de lupt\u0103, aceast\u0103 lantern\u0103 compact\u0103 ofer\u0103 avantaje \u00een scenarii cu lumin\u0103 redus\u0103.<\/p>\n<\/div>\n","protected":false},"excerpt":{"rendered":"<p>Lantern\u0103 tactic\u0103 compact\u0103 cu 250 de lumeni \u00een lumin\u0103 alb\u0103 \u0219i 100 mW ie\u0219ire \u00een infraro\u0219u.<\/p>\n","protected":false},"featured_media":67681,"template":"","meta":{"_acf_changed":false},"product_brand":[11877],"product_cat":[12786,12795],"product_tag":[],"class_list":{"0":"post-67680","1":"product","2":"type-product","3":"status-publish","4":"has-post-thumbnail","6":"product_brand-surefire","7":"product_cat-lanterne","8":"product_cat-pusca","10":"first","11":"instock","12":"taxable","13":"shipping-taxable","14":"purchasable","15":"product-type-simple"},"acf":[],"_links":{"self":[{"href":"https:\/\/staging.nbg.eu\/ro\/wp-json\/wp\/v2\/product\/67680","targetHints":{"allow":["GET"]}}],"collection":[{"href":"https:\/\/staging.nbg.eu\/ro\/wp-json\/wp\/v2\/product"}],"about":[{"href":"https:\/\/staging.nbg.eu\/ro\/wp-json\/wp\/v2\/types\/product"}],"wp:featuredmedia":[{"embeddable":true,"href":"https:\/\/staging.nbg.eu\/ro\/wp-json\/wp\/v2\/media\/67681"}],"wp:attachment":[{"href":"https:\/\/staging.nbg.eu\/ro\/wp-json\/wp\/v2\/media?parent=67680"}],"wp:term":[{"taxonomy":"product_brand","embeddable":true,"href":"https:\/\/staging.nbg.eu\/ro\/wp-json\/wp\/v2\/product_brand?post=67680"},{"taxonomy":"product_cat","embeddable":true,"href":"https:\/\/staging.nbg.eu\/ro\/wp-json\/wp\/v2\/product_cat?post=67680"},{"taxonomy":"product_tag","embeddable":true,"href":"https:\/\/staging.nbg.eu\/ro\/wp-json\/wp\/v2\/product_tag?post=67680"}],"curies":[{"name":"wp","href":"https:\/\/api.w.org\/{rel}","templated":true}]}}