{"id":67493,"date":"2024-01-13T12:03:58","date_gmt":"2024-09-20T12:08:06","guid":{"rendered":"https:\/\/staging.nbg.eu\/product\/surefire-ds00\/"},"modified":"2024-09-20T12:09:05","modified_gmt":"2024-09-20T12:09:05","slug":"surefire-ds00","status":"publish","type":"product","link":"https:\/\/staging.nbg.eu\/ro\/produs\/surefire-ds00\/","title":{"rendered":"SureFire DS00"},"content":{"rendered":"<p>\nSureFire DS00 este un ansamblu de comutare impermeabil pentru majoritatea lanternelor Scout Light\u00ae. Caracteristici:<\/p>\n<ul>\n<li>Operare independent\u0103 cu comutator integrat \u0219i la distan\u021b\u0103<\/li>\n<li>Compatibilitate cu diverse comutatoare cu band\u0103 la distan\u021b\u0103 SureFire<\/li>\n<li>Buton de ap\u0103sare pentru pornire\/oprire<\/li>\n<li>Func\u021bie de dezactivare a sistemului<\/li>\n<li>Redundan\u021b\u0103 a comutatorului pentru fiabilitate<\/li>\n<\/ul>\n<p>\u00cembun\u0103t\u0103\u021bi\u021bi func\u021bionalitatea lanternei dumneavoastr\u0103 cu DS00 (Nu este compatibil cu Micro Scout Light Pro).<\/p>\n","protected":false},"excerpt":{"rendered":"<p>Comutator versatil pentru lanternele SureFire WeaponLights cu dou\u0103 moduri de func\u021bionare.<\/p>\n","protected":false},"featured_media":67494,"template":"","meta":{"_acf_changed":false},"product_brand":[11877],"product_cat":[12810,12786,12795],"product_tag":[],"class_list":{"0":"post-67493","1":"product","2":"type-product","3":"status-publish","4":"has-post-thumbnail","6":"product_brand-surefire","7":"product_cat-accesorii-lanterna","8":"product_cat-lanterne","9":"product_cat-pusca","11":"first","12":"instock","13":"taxable","14":"shipping-taxable","15":"purchasable","16":"product-type-variable","17":"wvs-archive-product-wrapper"},"acf":[],"_links":{"self":[{"href":"https:\/\/staging.nbg.eu\/ro\/wp-json\/wp\/v2\/product\/67493","targetHints":{"allow":["GET"]}}],"collection":[{"href":"https:\/\/staging.nbg.eu\/ro\/wp-json\/wp\/v2\/product"}],"about":[{"href":"https:\/\/staging.nbg.eu\/ro\/wp-json\/wp\/v2\/types\/product"}],"wp:featuredmedia":[{"embeddable":true,"href":"https:\/\/staging.nbg.eu\/ro\/wp-json\/wp\/v2\/media\/67494"}],"wp:attachment":[{"href":"https:\/\/staging.nbg.eu\/ro\/wp-json\/wp\/v2\/media?parent=67493"}],"wp:term":[{"taxonomy":"product_brand","embeddable":true,"href":"https:\/\/staging.nbg.eu\/ro\/wp-json\/wp\/v2\/product_brand?post=67493"},{"taxonomy":"product_cat","embeddable":true,"href":"https:\/\/staging.nbg.eu\/ro\/wp-json\/wp\/v2\/product_cat?post=67493"},{"taxonomy":"product_tag","embeddable":true,"href":"https:\/\/staging.nbg.eu\/ro\/wp-json\/wp\/v2\/product_tag?post=67493"}],"curies":[{"name":"wp","href":"https:\/\/api.w.org\/{rel}","templated":true}]}}