{"id":67289,"date":"2024-01-13T13:21:56","date_gmt":"2024-09-20T12:04:13","guid":{"rendered":"https:\/\/staging.nbg.eu\/product\/surefire-switch-st07\/"},"modified":"2024-09-20T12:05:10","modified_gmt":"2024-09-20T12:05:10","slug":"surefire-comutator-st07","status":"publish","type":"product","link":"https:\/\/staging.nbg.eu\/ro\/produs\/surefire-comutator-st07\/","title":{"rendered":"SureFire Comutator ST07"},"content":{"rendered":"<p>\nComutatorul SureFire ST07 ofer\u0103 activare de la distan\u021b\u0103 pentru lanterne compatibile. Caracteristici:<\/p>\n<ul>\n<li>Cablu de 17,8 cm pentru utilizare pe pu\u0219c\u0103\/carabin\u0103<\/li>\n<li>Conector sigilat cu O-ring pentru rezisten\u021b\u0103 la intemperii<\/li>\n<li>Ata\u0219ament Velcro\u00ae pentru pozi\u021bionare versatil\u0103<\/li>\n<\/ul>\n<p>Acest comutator de la distan\u021b\u0103 \u00eembun\u0103t\u0103\u021be\u0219te controlul asupra lanternei.<\/p>\n","protected":false},"excerpt":{"rendered":"<p>Comutator la distan\u021b\u0103 pentru lanternele pentru arme SureFire. Cablu de 17,8 cm, rezistent la intemperii.<\/p>\n","protected":false},"featured_media":67290,"template":"","meta":{"_acf_changed":false},"product_brand":[11877],"product_cat":[12810,12786,12795],"product_tag":[],"class_list":{"0":"post-67289","1":"product","2":"type-product","3":"status-publish","4":"has-post-thumbnail","6":"product_brand-surefire","7":"product_cat-accesorii-lanterna","8":"product_cat-lanterne","9":"product_cat-pusca","11":"first","12":"instock","13":"taxable","14":"shipping-taxable","15":"purchasable","16":"product-type-simple"},"acf":[],"_links":{"self":[{"href":"https:\/\/staging.nbg.eu\/ro\/wp-json\/wp\/v2\/product\/67289","targetHints":{"allow":["GET"]}}],"collection":[{"href":"https:\/\/staging.nbg.eu\/ro\/wp-json\/wp\/v2\/product"}],"about":[{"href":"https:\/\/staging.nbg.eu\/ro\/wp-json\/wp\/v2\/types\/product"}],"wp:featuredmedia":[{"embeddable":true,"href":"https:\/\/staging.nbg.eu\/ro\/wp-json\/wp\/v2\/media\/67290"}],"wp:attachment":[{"href":"https:\/\/staging.nbg.eu\/ro\/wp-json\/wp\/v2\/media?parent=67289"}],"wp:term":[{"taxonomy":"product_brand","embeddable":true,"href":"https:\/\/staging.nbg.eu\/ro\/wp-json\/wp\/v2\/product_brand?post=67289"},{"taxonomy":"product_cat","embeddable":true,"href":"https:\/\/staging.nbg.eu\/ro\/wp-json\/wp\/v2\/product_cat?post=67289"},{"taxonomy":"product_tag","embeddable":true,"href":"https:\/\/staging.nbg.eu\/ro\/wp-json\/wp\/v2\/product_tag?post=67289"}],"curies":[{"name":"wp","href":"https:\/\/api.w.org\/{rel}","templated":true}]}}