{"id":67187,"date":"2024-01-13T13:29:38","date_gmt":"2024-09-20T12:00:05","guid":{"rendered":"https:\/\/staging.nbg.eu\/product\/surefire-x300u-a\/"},"modified":"2025-02-19T14:51:27","modified_gmt":"2025-02-19T14:51:27","slug":"surefire-x300u-a","status":"publish","type":"product","link":"https:\/\/staging.nbg.eu\/ro\/produs\/surefire-x300u-a\/","title":{"rendered":"SureFire X300U-A"},"content":{"rendered":"<div class=\"product-description\">\n<h2>SureFire X300U-A Lumin\u0103 Tactic\u0103 pentru Arm\u0103<\/h2>\n<p>SureFire X300U-A este o lumin\u0103 tactic\u0103 proiectat\u0103 pentru profesioni\u0219ti. Aceasta produce 1.000 de lumeni, concentra\u021bi printr-o lentil\u0103 TIR de precizie.<\/p>\n<ul>\n<li>Sistem de prindere cu p\u00e2rghie pentru ata\u0219are\/deta\u0219are rapid\u0103<\/li>\n<li>Comutator ambidextru pentru activare<\/li>\n<li>Corp din aluminiu aerospa\u021bial cu finisaj anodizat conform standardelor militare<\/li>\n<li>Clasificare de impermeabilitate IPX7 (1 metru timp de 30 de minute)<\/li>\n<li>Autonomie de 1,25 ore cu dou\u0103 baterii de litiu 123A incluse<\/li>\n<li>Design compact: lungime de 3,76 inci, greutate de 4,0 uncii<\/li>\n<\/ul>\n<p>SureFire X300U-A ilumineaz\u0103 la distan\u021be semnificative, men\u021bin\u00e2nd con\u0219tientizarea situa\u021bional\u0103.<\/p>\n<\/div>\n","protected":false},"excerpt":{"rendered":"<p>SureFire X300U-A: Lantern\u0103 tactic\u0103 de 1000 de lumeni pentru pistoale \u0219i pu\u0219ti.<\/p>\n","protected":false},"featured_media":67188,"template":"","meta":{"_acf_changed":false},"product_brand":[11877],"product_cat":[12786,12779,12752],"product_tag":[],"class_list":{"0":"post-67187","1":"product","2":"type-product","3":"status-publish","4":"has-post-thumbnail","6":"product_brand-surefire","7":"product_cat-lanterne","8":"product_cat-lanterne-pistol","9":"product_cat-pistol","11":"first","12":"instock","13":"taxable","14":"shipping-taxable","15":"purchasable","16":"product-type-variable","17":"wvs-archive-product-wrapper"},"acf":[],"_links":{"self":[{"href":"https:\/\/staging.nbg.eu\/ro\/wp-json\/wp\/v2\/product\/67187","targetHints":{"allow":["GET"]}}],"collection":[{"href":"https:\/\/staging.nbg.eu\/ro\/wp-json\/wp\/v2\/product"}],"about":[{"href":"https:\/\/staging.nbg.eu\/ro\/wp-json\/wp\/v2\/types\/product"}],"wp:featuredmedia":[{"embeddable":true,"href":"https:\/\/staging.nbg.eu\/ro\/wp-json\/wp\/v2\/media\/67188"}],"wp:attachment":[{"href":"https:\/\/staging.nbg.eu\/ro\/wp-json\/wp\/v2\/media?parent=67187"}],"wp:term":[{"taxonomy":"product_brand","embeddable":true,"href":"https:\/\/staging.nbg.eu\/ro\/wp-json\/wp\/v2\/product_brand?post=67187"},{"taxonomy":"product_cat","embeddable":true,"href":"https:\/\/staging.nbg.eu\/ro\/wp-json\/wp\/v2\/product_cat?post=67187"},{"taxonomy":"product_tag","embeddable":true,"href":"https:\/\/staging.nbg.eu\/ro\/wp-json\/wp\/v2\/product_tag?post=67187"}],"curies":[{"name":"wp","href":"https:\/\/api.w.org\/{rel}","templated":true}]}}