{"id":66665,"date":"2024-01-30T18:10:41","date_gmt":"2024-09-20T11:53:56","guid":{"rendered":"https:\/\/staging.nbg.eu\/product\/surefire-x300t-a\/"},"modified":"2024-09-20T11:54:56","modified_gmt":"2024-09-20T11:54:56","slug":"surefire-x300t-a","status":"publish","type":"product","link":"https:\/\/staging.nbg.eu\/ro\/produs\/surefire-x300t-a\/","title":{"rendered":"SureFire X300T-A"},"content":{"rendered":"<div class=\"product-description\">\n<h2>SureFire X300T-A Lantern\u0103 Tactic\u0103 pentru Arm\u0103<\/h2>\n<p>SureFire X300T-A este o lantern\u0103 tactic\u0103 cu o intensitate maxim\u0103 a fasciculului de 66.000 candela \u0219i o putere de 650 lumeni. Aceast\u0103 lantern\u0103 ofer\u0103:<\/p>\n<ul>\n<li>Model de fascicul turbo pentru identificarea \u021bintelor la distan\u021be mari<\/li>\n<li>Sistem de ata\u0219are cu p\u00e2rghie pentru montare pe \u0219ine Universal \u0219i Picatinny<\/li>\n<li>Comutator ambidextru pentru activare rapid\u0103<\/li>\n<li>Compatibilitate cu tocurile existente X300U-A<\/li>\n<li>Corp din aluminiu aerospa\u021bial cu finisaj anodizat dur conform Mil-Spec<\/li>\n<li>Clasificare impermeabil\u0103 IPX7 (1 metru timp de 30 de minute)<\/li>\n<li>Autonomie de 1,5 ore cu dou\u0103 baterii cu litiu 123A incluse<\/li>\n<\/ul>\n<p>X300T-A poate ilumina p\u00e2n\u0103 la 514 metri distan\u021b\u0103.<\/p>\n<\/div>\n","protected":false},"excerpt":{"rendered":"<p>SureFire X300T-A: Lantern\u0103 tactic\u0103 de 66.000 de candele pentru identificarea personal\u0103 la distan\u021b\u0103 lung\u0103.<\/p>\n","protected":false},"featured_media":66666,"template":"","meta":{"_acf_changed":false},"product_brand":[11877],"product_cat":[12786,12779,12752],"product_tag":[],"class_list":{"0":"post-66665","1":"product","2":"type-product","3":"status-publish","4":"has-post-thumbnail","6":"product_brand-surefire","7":"product_cat-lanterne","8":"product_cat-lanterne-pistol","9":"product_cat-pistol","11":"first","12":"instock","13":"taxable","14":"shipping-taxable","15":"purchasable","16":"product-type-variable","17":"wvs-archive-product-wrapper"},"acf":[],"_links":{"self":[{"href":"https:\/\/staging.nbg.eu\/ro\/wp-json\/wp\/v2\/product\/66665","targetHints":{"allow":["GET"]}}],"collection":[{"href":"https:\/\/staging.nbg.eu\/ro\/wp-json\/wp\/v2\/product"}],"about":[{"href":"https:\/\/staging.nbg.eu\/ro\/wp-json\/wp\/v2\/types\/product"}],"wp:featuredmedia":[{"embeddable":true,"href":"https:\/\/staging.nbg.eu\/ro\/wp-json\/wp\/v2\/media\/66666"}],"wp:attachment":[{"href":"https:\/\/staging.nbg.eu\/ro\/wp-json\/wp\/v2\/media?parent=66665"}],"wp:term":[{"taxonomy":"product_brand","embeddable":true,"href":"https:\/\/staging.nbg.eu\/ro\/wp-json\/wp\/v2\/product_brand?post=66665"},{"taxonomy":"product_cat","embeddable":true,"href":"https:\/\/staging.nbg.eu\/ro\/wp-json\/wp\/v2\/product_cat?post=66665"},{"taxonomy":"product_tag","embeddable":true,"href":"https:\/\/staging.nbg.eu\/ro\/wp-json\/wp\/v2\/product_tag?post=66665"}],"curies":[{"name":"wp","href":"https:\/\/api.w.org\/{rel}","templated":true}]}}