{"id":66434,"date":"2024-01-16T19:29:25","date_gmt":"2024-09-20T11:51:16","guid":{"rendered":"https:\/\/staging.nbg.eu\/product\/surefire-x300t-b-weaponlight\/"},"modified":"2024-09-20T11:52:16","modified_gmt":"2024-09-20T11:52:16","slug":"surefire-x300t-b-lanterna-arma","status":"publish","type":"product","link":"https:\/\/staging.nbg.eu\/ro\/produs\/surefire-x300t-b-lanterna-arma\/","title":{"rendered":"SureFire X300T-B LANTERNA ARMA"},"content":{"rendered":"<div class=\"product-description\">\n<h2>Lantern\u0103 pentru arm\u0103 SureFire X300T-B<\/h2>\n<p>Lanterna SureFire X300T-B pentru arm\u0103, versiunea Turbo a modelului X300, ofer\u0103:<\/p>\n<ul>\n<li>Intensitate maxim\u0103 a fasciculului de 66.000 candela<\/li>\n<li>650 lumeni de lumin\u0103 alb\u0103 focalizat\u0103<\/li>\n<li>Model de fascicul Turbo pentru identificarea \u021bintelor la distan\u021be mari<\/li>\n<li>1,5 ore de func\u021bionare cu dou\u0103 baterii de litiu 123A incluse<\/li>\n<\/ul>\n<p>X300T-B include:<\/p>\n<ul>\n<li>Sistem de prindere cu \u0219urub pentru ata\u0219are la \u0219ine Universal \u0219i Picatinny<\/li>\n<li>Comutator ambidextru pentru activare rapid\u0103<\/li>\n<li>Compatibilitate cu tocurile existente X300U-B<\/li>\n<li>Corp din aluminiu aerospa\u021bial cu finisaj anodizat conform Mil-Spec<\/li>\n<li>Clasificare de impermeabilitate IPX7 (submersibil la 1 metru timp de 30 minute)<\/li>\n<\/ul>\n<p>Specifica\u021bii principale:<\/p>\n<ul>\n<li>Lungime: 9,55 cm<\/li>\n<li>Greutate cu baterii: 124,7 g<\/li>\n<li>Diametru lentil\u0103: 2,9 cm<\/li>\n<li>Raz\u0103 de ac\u021biune efectiv\u0103: 514 metri<\/li>\n<\/ul>\n<p>Lanterna SureFire X300T-B ofer\u0103 performan\u021b\u0103 \u0219i fiabilitate \u00een situa\u021bii critice.<\/p>\n<\/div>\n","protected":false},"excerpt":{"rendered":"<p>Lantern\u0103 pentru arm\u0103 puternic\u0103 de 650 de lumeni, cu un fascicul de 66.000 de candele pentru identificare la distan\u021b\u0103 extrem\u0103.<\/p>\n","protected":false},"featured_media":83178,"template":"","meta":{"_acf_changed":false},"product_brand":[11877],"product_cat":[12786,12779,12752],"product_tag":[],"class_list":{"0":"post-66434","1":"product","2":"type-product","3":"status-publish","4":"has-post-thumbnail","6":"product_brand-surefire","7":"product_cat-lanterne","8":"product_cat-lanterne-pistol","9":"product_cat-pistol","11":"first","12":"instock","13":"taxable","14":"shipping-taxable","15":"purchasable","16":"product-type-variable","17":"wvs-archive-product-wrapper"},"acf":[],"_links":{"self":[{"href":"https:\/\/staging.nbg.eu\/ro\/wp-json\/wp\/v2\/product\/66434","targetHints":{"allow":["GET"]}}],"collection":[{"href":"https:\/\/staging.nbg.eu\/ro\/wp-json\/wp\/v2\/product"}],"about":[{"href":"https:\/\/staging.nbg.eu\/ro\/wp-json\/wp\/v2\/types\/product"}],"wp:featuredmedia":[{"embeddable":true,"href":"https:\/\/staging.nbg.eu\/ro\/wp-json\/wp\/v2\/media\/83178"}],"wp:attachment":[{"href":"https:\/\/staging.nbg.eu\/ro\/wp-json\/wp\/v2\/media?parent=66434"}],"wp:term":[{"taxonomy":"product_brand","embeddable":true,"href":"https:\/\/staging.nbg.eu\/ro\/wp-json\/wp\/v2\/product_brand?post=66434"},{"taxonomy":"product_cat","embeddable":true,"href":"https:\/\/staging.nbg.eu\/ro\/wp-json\/wp\/v2\/product_cat?post=66434"},{"taxonomy":"product_tag","embeddable":true,"href":"https:\/\/staging.nbg.eu\/ro\/wp-json\/wp\/v2\/product_tag?post=66434"}],"curies":[{"name":"wp","href":"https:\/\/api.w.org\/{rel}","templated":true}]}}