{"id":66197,"date":"2024-01-19T18:03:48","date_gmt":"2024-01-19T18:03:48","guid":{"rendered":"https:\/\/staging.nbg.eu\/product\/surefire-sf18350\/"},"modified":"2024-09-20T11:47:52","modified_gmt":"2024-09-20T11:47:52","slug":"surefire-sf18350","status":"publish","type":"product","link":"https:\/\/staging.nbg.eu\/ro\/produs\/surefire-sf18350\/","title":{"rendered":"SureFire SF18350"},"content":{"rendered":"<div class=\"product-description\">\n<h2>Baterie re\u00eenc\u0103rcabil\u0103 SureFire SF18350<\/h2>\n<p>Alimenteaz\u0103 dispozitivele de iluminare SureFire de 3 vol\u021bi cu bateria re\u00eenc\u0103rcabil\u0103 SF18350. Caracteristici:<\/p>\n<ul>\n<li>3,7 vol\u021bi \/ capacitate 1100 mAh<\/li>\n<li>\u00cenc\u0103rcare MICRO-USB pentru op\u021biuni de alimentare diverse<\/li>\n<li>Design protejat cu litiu-ion 18350<\/li>\n<li>Compatibil\u0103 cu produsele SureFire Dual Fuel, alimentate cu o singur\u0103 baterie 123A<\/li>\n<\/ul>\n<p>Include cablu MICRO-USB la USB pentru \u00eenc\u0103rcare de la diverse surse. Nu este compatibil\u0103 cu produsele non-Dual Fuel.<\/p>\n<\/div>\n","protected":false},"excerpt":{"rendered":"<p>Baterie re\u00eenc\u0103rcabil\u0103 18350: 3,7V, 1100mAh, \u00eenc\u0103rcare MICRO-USB.<\/p>\n","protected":false},"featured_media":66198,"template":"","meta":{"_acf_changed":false},"product_brand":[11877],"product_cat":[12734,12786],"product_tag":[],"class_list":{"0":"post-66197","1":"product","2":"type-product","3":"status-publish","4":"has-post-thumbnail","6":"product_brand-surefire","7":"product_cat-baterii","8":"product_cat-lanterne","10":"first","11":"instock","12":"taxable","13":"shipping-taxable","14":"purchasable","15":"product-type-simple"},"acf":[],"_links":{"self":[{"href":"https:\/\/staging.nbg.eu\/ro\/wp-json\/wp\/v2\/product\/66197","targetHints":{"allow":["GET"]}}],"collection":[{"href":"https:\/\/staging.nbg.eu\/ro\/wp-json\/wp\/v2\/product"}],"about":[{"href":"https:\/\/staging.nbg.eu\/ro\/wp-json\/wp\/v2\/types\/product"}],"wp:featuredmedia":[{"embeddable":true,"href":"https:\/\/staging.nbg.eu\/ro\/wp-json\/wp\/v2\/media\/66198"}],"wp:attachment":[{"href":"https:\/\/staging.nbg.eu\/ro\/wp-json\/wp\/v2\/media?parent=66197"}],"wp:term":[{"taxonomy":"product_brand","embeddable":true,"href":"https:\/\/staging.nbg.eu\/ro\/wp-json\/wp\/v2\/product_brand?post=66197"},{"taxonomy":"product_cat","embeddable":true,"href":"https:\/\/staging.nbg.eu\/ro\/wp-json\/wp\/v2\/product_cat?post=66197"},{"taxonomy":"product_tag","embeddable":true,"href":"https:\/\/staging.nbg.eu\/ro\/wp-json\/wp\/v2\/product_tag?post=66197"}],"curies":[{"name":"wp","href":"https:\/\/api.w.org\/{rel}","templated":true}]}}