{"id":66155,"date":"2024-01-19T18:29:10","date_gmt":"2024-09-20T11:45:06","guid":{"rendered":"https:\/\/staging.nbg.eu\/product\/surefire-sf18650-b\/"},"modified":"2024-09-20T11:46:02","modified_gmt":"2024-09-20T11:46:02","slug":"surefire-sf18650-b","status":"publish","type":"product","link":"https:\/\/staging.nbg.eu\/ro\/produs\/surefire-sf18650-b\/","title":{"rendered":"SureFire SF18650-B"},"content":{"rendered":"<div class=\"product-description\">\n<h2>Baterie re\u00eenc\u0103rcabil\u0103 SureFire SF18650-B<\/h2>\n<p>Baterie re\u00eenc\u0103rcabil\u0103 SF18650 care furnizeaz\u0103 3,6 vol\u021bi \u0219i 3500 mAh pentru o durat\u0103 de func\u021bionare extins\u0103. Are \u00eenc\u0103rcare MICRO-USB pentru alimentare convenabil\u0103 din diverse surse. Compatibil\u0103 cu anumite produse SureFire, inclusiv seriile FURY-DFT, EDC2-DFT \u0219i M600DF. Se poate \u00eenc\u0103rca prin USB sau prin \u00eenc\u0103rc\u0103tor extern cu suport pentru 18650 (neinclus) pentru versatilitate maxim\u0103. SF18650-B poate fi \u00eenc\u0103rcat\u0103 \u0219i reutilizat\u0103.<\/p>\n<\/div>\n","protected":false},"excerpt":{"rendered":"<p>Baterie re\u00eenc\u0103rcabil\u0103 de mare capacitate de 3500mAh cu \u00eenc\u0103rcare prin MICRO-USB.<\/p>\n","protected":false},"featured_media":66156,"template":"","meta":{"_acf_changed":false},"product_brand":[11877],"product_cat":[12734,12785,12786,12754],"product_tag":[],"class_list":{"0":"post-66155","1":"product","2":"type-product","3":"status-publish","4":"has-post-thumbnail","6":"product_brand-surefire","7":"product_cat-baterii","8":"product_cat-edc","9":"product_cat-lanterne","10":"product_cat-lanterne-edc","12":"first","13":"instock","14":"taxable","15":"shipping-taxable","16":"purchasable","17":"product-type-simple"},"acf":[],"_links":{"self":[{"href":"https:\/\/staging.nbg.eu\/ro\/wp-json\/wp\/v2\/product\/66155","targetHints":{"allow":["GET"]}}],"collection":[{"href":"https:\/\/staging.nbg.eu\/ro\/wp-json\/wp\/v2\/product"}],"about":[{"href":"https:\/\/staging.nbg.eu\/ro\/wp-json\/wp\/v2\/types\/product"}],"wp:featuredmedia":[{"embeddable":true,"href":"https:\/\/staging.nbg.eu\/ro\/wp-json\/wp\/v2\/media\/66156"}],"wp:attachment":[{"href":"https:\/\/staging.nbg.eu\/ro\/wp-json\/wp\/v2\/media?parent=66155"}],"wp:term":[{"taxonomy":"product_brand","embeddable":true,"href":"https:\/\/staging.nbg.eu\/ro\/wp-json\/wp\/v2\/product_brand?post=66155"},{"taxonomy":"product_cat","embeddable":true,"href":"https:\/\/staging.nbg.eu\/ro\/wp-json\/wp\/v2\/product_cat?post=66155"},{"taxonomy":"product_tag","embeddable":true,"href":"https:\/\/staging.nbg.eu\/ro\/wp-json\/wp\/v2\/product_tag?post=66155"}],"curies":[{"name":"wp","href":"https:\/\/api.w.org\/{rel}","templated":true}]}}