{"id":65845,"date":"2024-01-21T17:29:54","date_gmt":"2024-09-20T11:36:13","guid":{"rendered":"https:\/\/staging.nbg.eu\/product\/surefire-edc2-dft\/"},"modified":"2024-09-20T11:37:11","modified_gmt":"2024-09-20T11:37:11","slug":"surefire-edc2-dft","status":"publish","type":"product","link":"https:\/\/staging.nbg.eu\/ro\/produs\/surefire-edc2-dft\/","title":{"rendered":"SureFire EDC2-DFT"},"content":{"rendered":"<h2>SureFire EDC2-DFT: Lantern\u0103 pentru uz zilnic<\/h2>\n<p>SureFire EDC2-DFT este o lantern\u0103 compact\u0103 pentru uz zilnic. Caracteristici:<\/p>\n<ul>\n<li>Intensitate maxim\u0103 a fasciculului de 100.000 candela (cu bateria SF18650B inclus\u0103)<\/li>\n<li>Model de fascicul Turbo pentru iluminare concentrat\u0103<\/li>\n<li>Tehnologie Dual Fuel: utilizeaz\u0103 baterie re\u00eenc\u0103rcabil\u0103 SF18650 sau dou\u0103 baterii cu litiu 123A<\/li>\n<li>Corp din aluminiu anodizat dur conform standardelor militare, respect\u00e2nd standardul de impermeabilitate IPX7<\/li>\n<li>Putere de 700 lumeni cu autonomie de 2,75 ore (baterie 18650)<\/li>\n<li>Distan\u021b\u0103 a fasciculului de 632 metri<\/li>\n<li>Lungime compact\u0103 de 5,91 inci, c\u00e2nt\u0103rind doar 5,6 uncii<\/li>\n<\/ul>\n<p>Reflectorul Turbo Series al EDC2-DFT ofer\u0103 fasciculul cu cea mai mare raz\u0103 de ac\u021biune din gama compact\u0103 EDC a SureFire. Construc\u021bia robust\u0103 \u0219i clema versatil\u0103 cu dou\u0103 c\u0103i asigur\u0103 fiabilitatea \u00een orice situa\u021bie. EDC2-DFT este potrivit pentru securitate personal\u0103 sau utilizare profesional\u0103.<\/p>\n<p>Produs de calitate SureFire.<\/p>\n","protected":false},"excerpt":{"rendered":"<p>Lantern\u0103 compact\u0103 \u0219i puternic\u0103 cu fascicul de 100.000 de candele \u0219i alimentare dual\u0103.<\/p>\n","protected":false},"featured_media":65846,"template":"","meta":{"_acf_changed":false},"product_brand":[11877],"product_cat":[12785,12786,12754],"product_tag":[],"class_list":{"0":"post-65845","1":"product","2":"type-product","3":"status-publish","4":"has-post-thumbnail","6":"product_brand-surefire","7":"product_cat-edc","8":"product_cat-lanterne","9":"product_cat-lanterne-edc","11":"first","12":"instock","13":"taxable","14":"shipping-taxable","15":"purchasable","16":"product-type-variable","17":"wvs-archive-product-wrapper"},"acf":[],"_links":{"self":[{"href":"https:\/\/staging.nbg.eu\/ro\/wp-json\/wp\/v2\/product\/65845","targetHints":{"allow":["GET"]}}],"collection":[{"href":"https:\/\/staging.nbg.eu\/ro\/wp-json\/wp\/v2\/product"}],"about":[{"href":"https:\/\/staging.nbg.eu\/ro\/wp-json\/wp\/v2\/types\/product"}],"wp:featuredmedia":[{"embeddable":true,"href":"https:\/\/staging.nbg.eu\/ro\/wp-json\/wp\/v2\/media\/65846"}],"wp:attachment":[{"href":"https:\/\/staging.nbg.eu\/ro\/wp-json\/wp\/v2\/media?parent=65845"}],"wp:term":[{"taxonomy":"product_brand","embeddable":true,"href":"https:\/\/staging.nbg.eu\/ro\/wp-json\/wp\/v2\/product_brand?post=65845"},{"taxonomy":"product_cat","embeddable":true,"href":"https:\/\/staging.nbg.eu\/ro\/wp-json\/wp\/v2\/product_cat?post=65845"},{"taxonomy":"product_tag","embeddable":true,"href":"https:\/\/staging.nbg.eu\/ro\/wp-json\/wp\/v2\/product_tag?post=65845"}],"curies":[{"name":"wp","href":"https:\/\/api.w.org\/{rel}","templated":true}]}}