{"id":65667,"date":"2024-01-21T17:47:21","date_gmt":"2024-09-20T11:32:11","guid":{"rendered":"https:\/\/staging.nbg.eu\/product\/surefire-sflfp123-batteries\/"},"modified":"2024-09-20T11:33:09","modified_gmt":"2024-09-20T11:33:09","slug":"surefire-sflfp123-baterii","status":"publish","type":"product","link":"https:\/\/staging.nbg.eu\/ro\/produs\/surefire-sflfp123-baterii\/","title":{"rendered":"SureFire SFLFP123 BATERII"},"content":{"rendered":"<div class=\"product-description\">\n<h2>Baterii re\u00eenc\u0103rcabile SureFire SFLFP123<\/h2>\n<p>Alimenta\u021bi dispozitivele de iluminare LED cu bateriile re\u00eenc\u0103rcabile SureFire SFLFP123 cu Litiu Fier Fosfat (LiFePO4). Aceste celule de 3.2V ofer\u0103 o capacitate de 450mAh \u0219i 1.44Wh de energie, asigur\u00e2nd performan\u021be de durat\u0103.<\/p>\n<ul>\n<li>Circuit intern pentru \u00eenc\u0103rcare sigur\u0103<\/li>\n<li>Protec\u021bie \u00eempotriva supra\u00eenc\u0103rc\u0103rii, scurtcircuitului \u0219i polarit\u0103\u021bii inverse<\/li>\n<li>\u00cenc\u0103rcare rapid\u0103: 1.5 p\u00e2n\u0103 la 3 ore<\/li>\n<li>U\u0219oare: doar 17 grame per baterie<\/li>\n<li>Disponibile ca set doar cu baterii sau kit complet cu \u00eenc\u0103rc\u0103tor<\/li>\n<\/ul>\n<p>Not\u0103: Aceste baterii sunt concepute exclusiv pentru produse de iluminare LED \u0219i nu trebuie utilizate cu l\u0103mpi incandescente. Folosi\u021bi bateriile SureFire SFLFP123 pentru solu\u021bia dumneavoastr\u0103 de alimentare.<\/p>\n<\/div>\n","protected":false},"excerpt":{"rendered":"<p>SureFire SFLFP123: Baterii re\u00eenc\u0103rcabile LiFePO4 de 3,2V pentru lumini LED.<\/p>\n","protected":false},"featured_media":65668,"template":"","meta":{"_acf_changed":false},"product_brand":[11877],"product_cat":[],"product_tag":[],"class_list":{"0":"post-65667","1":"product","2":"type-product","3":"status-publish","4":"has-post-thumbnail","6":"product_brand-surefire","8":"first","9":"instock","10":"taxable","11":"shipping-taxable","12":"product-type-simple"},"acf":[],"_links":{"self":[{"href":"https:\/\/staging.nbg.eu\/ro\/wp-json\/wp\/v2\/product\/65667","targetHints":{"allow":["GET"]}}],"collection":[{"href":"https:\/\/staging.nbg.eu\/ro\/wp-json\/wp\/v2\/product"}],"about":[{"href":"https:\/\/staging.nbg.eu\/ro\/wp-json\/wp\/v2\/types\/product"}],"wp:featuredmedia":[{"embeddable":true,"href":"https:\/\/staging.nbg.eu\/ro\/wp-json\/wp\/v2\/media\/65668"}],"wp:attachment":[{"href":"https:\/\/staging.nbg.eu\/ro\/wp-json\/wp\/v2\/media?parent=65667"}],"wp:term":[{"taxonomy":"product_brand","embeddable":true,"href":"https:\/\/staging.nbg.eu\/ro\/wp-json\/wp\/v2\/product_brand?post=65667"},{"taxonomy":"product_cat","embeddable":true,"href":"https:\/\/staging.nbg.eu\/ro\/wp-json\/wp\/v2\/product_cat?post=65667"},{"taxonomy":"product_tag","embeddable":true,"href":"https:\/\/staging.nbg.eu\/ro\/wp-json\/wp\/v2\/product_tag?post=65667"}],"curies":[{"name":"wp","href":"https:\/\/api.w.org\/{rel}","templated":true}]}}