{"id":65595,"date":"2024-01-23T18:42:27","date_gmt":"2024-01-23T18:42:27","guid":{"rendered":"https:\/\/staging.nbg.eu\/product\/bore-cleaner-1-5-oz\/"},"modified":"2024-09-20T11:30:30","modified_gmt":"2024-09-20T11:30:30","slug":"curatator-teava-15-oz","status":"publish","type":"product","link":"https:\/\/staging.nbg.eu\/ro\/produs\/curatator-teava-15-oz\/","title":{"rendered":"Curatator Teava 1.5 oz"},"content":{"rendered":"<p>\nSolu\u021bie de cur\u0103\u021bare pentru \u021beav\u0103 Iosso: O past\u0103 pe baz\u0103 biologic\u0103 pentru cur\u0103\u021barea armelor. \u00cendep\u0103rteaz\u0103 cuprul, plumbul, carbonul, reziduurile \u0219i rugina f\u0103r\u0103 a produce scurgeri sau daune. Non-coroziv\u0103, f\u0103r\u0103 miros \u0219i ecologic\u0103. Se poate folosi \u00eempreun\u0103 cu periile Eliminator \u0219i solu\u021bia de ulei pentru o cur\u0103\u021bare complet\u0103. Utilizeaz\u0103 tehnologie pe baz\u0103 de plante pentru arme de foc.<\/p>\n","protected":false},"excerpt":{"rendered":"<p>Past\u0103 de cur\u0103\u021bare ecologic\u0103 pentru arme. \u00cendep\u0103rteaz\u0103 rapid reziduurile \u0219i murd\u0103ria.<\/p>\n","protected":false},"featured_media":101689,"template":"","meta":{"_acf_changed":false},"product_brand":[11474],"product_cat":[12776,12790],"product_tag":[],"class_list":{"0":"post-65595","1":"product","2":"type-product","3":"status-publish","4":"has-post-thumbnail","6":"product_brand-iosso","7":"product_cat-curatare-arme","8":"product_cat-curatitori","10":"first","11":"instock","12":"taxable","13":"shipping-taxable","14":"purchasable","15":"product-type-simple"},"acf":[],"_links":{"self":[{"href":"https:\/\/staging.nbg.eu\/ro\/wp-json\/wp\/v2\/product\/65595","targetHints":{"allow":["GET"]}}],"collection":[{"href":"https:\/\/staging.nbg.eu\/ro\/wp-json\/wp\/v2\/product"}],"about":[{"href":"https:\/\/staging.nbg.eu\/ro\/wp-json\/wp\/v2\/types\/product"}],"wp:featuredmedia":[{"embeddable":true,"href":"https:\/\/staging.nbg.eu\/ro\/wp-json\/wp\/v2\/media\/101689"}],"wp:attachment":[{"href":"https:\/\/staging.nbg.eu\/ro\/wp-json\/wp\/v2\/media?parent=65595"}],"wp:term":[{"taxonomy":"product_brand","embeddable":true,"href":"https:\/\/staging.nbg.eu\/ro\/wp-json\/wp\/v2\/product_brand?post=65595"},{"taxonomy":"product_cat","embeddable":true,"href":"https:\/\/staging.nbg.eu\/ro\/wp-json\/wp\/v2\/product_cat?post=65595"},{"taxonomy":"product_tag","embeddable":true,"href":"https:\/\/staging.nbg.eu\/ro\/wp-json\/wp\/v2\/product_tag?post=65595"}],"curies":[{"name":"wp","href":"https:\/\/api.w.org\/{rel}","templated":true}]}}