{"id":63566,"date":"2024-01-23T18:50:53","date_gmt":"2024-09-16T13:21:24","guid":{"rendered":"https:\/\/staging.nbg.eu\/product\/iosso-case-polish\/"},"modified":"2024-09-16T13:22:21","modified_gmt":"2024-09-16T13:22:21","slug":"iosso-polish-cartus","status":"publish","type":"product","link":"https:\/\/staging.nbg.eu\/ro\/produs\/iosso-polish-cartus\/","title":{"rendered":"Iosso Polish Cartus"},"content":{"rendered":"<p>\nIosso Case Polish: Solu\u021bie pentru tuburile de cartu\u0219e din alam\u0103<\/p>\n<ul>\n<li>Cur\u0103\u021b\u0103 \u0219i lustruie\u0219te<\/li>\n<li>\u00cendep\u0103rteaz\u0103 depunerile, reziduurile \u0219i oxidarea<\/li>\n<li>Reduce timpul de rotire<\/li>\n<li>Protejeaz\u0103 \u00eempotriva oxid\u0103rii viitoare<\/li>\n<li>Formul\u0103 nou\u0103 pe baz\u0103 biologic\u0103<\/li>\n<li>Sigur pentru utilizatori \u0219i mediu<\/li>\n<\/ul>\n<p>Ob\u021bine\u021bi o finisare ca nou\u0103 pe tuburile de cartu\u0219e din alam\u0103 cu Iosso Case Polish. Potrivit pentru tuburi murdare sau pre-cur\u0103\u021bate.<\/p>\n","protected":false},"excerpt":{"rendered":"<p>Lustruitor Iosso pentru cartu\u0219e: Restaureaz\u0103 cartu\u0219ele de alam\u0103 la o str\u0103lucire intens\u0103.<\/p>\n","protected":false},"featured_media":102455,"template":"","meta":{"_acf_changed":false},"product_brand":[11474],"product_cat":[12789,12791],"product_tag":[],"class_list":{"0":"post-63566","1":"product","2":"type-product","3":"status-publish","4":"has-post-thumbnail","6":"product_brand-iosso","7":"product_cat-preparare-cartus","8":"product_cat-reincarcare","10":"first","11":"instock","12":"taxable","13":"shipping-taxable","14":"purchasable","15":"product-type-variable","16":"wvs-archive-product-wrapper"},"acf":[],"_links":{"self":[{"href":"https:\/\/staging.nbg.eu\/ro\/wp-json\/wp\/v2\/product\/63566","targetHints":{"allow":["GET"]}}],"collection":[{"href":"https:\/\/staging.nbg.eu\/ro\/wp-json\/wp\/v2\/product"}],"about":[{"href":"https:\/\/staging.nbg.eu\/ro\/wp-json\/wp\/v2\/types\/product"}],"wp:featuredmedia":[{"embeddable":true,"href":"https:\/\/staging.nbg.eu\/ro\/wp-json\/wp\/v2\/media\/102455"}],"wp:attachment":[{"href":"https:\/\/staging.nbg.eu\/ro\/wp-json\/wp\/v2\/media?parent=63566"}],"wp:term":[{"taxonomy":"product_brand","embeddable":true,"href":"https:\/\/staging.nbg.eu\/ro\/wp-json\/wp\/v2\/product_brand?post=63566"},{"taxonomy":"product_cat","embeddable":true,"href":"https:\/\/staging.nbg.eu\/ro\/wp-json\/wp\/v2\/product_cat?post=63566"},{"taxonomy":"product_tag","embeddable":true,"href":"https:\/\/staging.nbg.eu\/ro\/wp-json\/wp\/v2\/product_tag?post=63566"}],"curies":[{"name":"wp","href":"https:\/\/api.w.org\/{rel}","templated":true}]}}