{"id":63458,"date":"2024-01-23T19:15:27","date_gmt":"2024-09-16T13:12:54","guid":{"rendered":"https:\/\/staging.nbg.eu\/product\/iosso-cotton-knit-cleaning-patches\/"},"modified":"2024-09-16T13:13:51","modified_gmt":"2024-09-16T13:13:51","slug":"iosso-tampoane-curatare-bumbac-tricotat","status":"publish","type":"product","link":"https:\/\/staging.nbg.eu\/ro\/produs\/iosso-tampoane-curatare-bumbac-tricotat\/","title":{"rendered":"Iosso Tampoane Curatare Bumbac Tricotat"},"content":{"rendered":"<p>\nPetic de cur\u0103\u021bare Iosso din bumbac tricotat: 100% bumbac, f\u0103r\u0103 scame \u0219i rezistent la destr\u0103mare. \u021aes\u0103tura tricotat\u0103 re\u021bine depunerile mai bine dec\u00e2t flanela sau acrilul. Dimensiuni disponibile:<\/p>\n<ul>\n<li>1-1\/2&#8243;: pentru pu\u0219c\u0103 de calibru .22 p\u00e2n\u0103 la .270<\/li>\n<li>2-1\/2&#8243;: pentru calibru .338 p\u00e2n\u0103 la .357<\/li>\n<li>3&#8243;: pentru pu\u0219ti cu \u021beav\u0103 lis\u0103<\/li>\n<li>6&#8243;: pentru calibru 37-40mm<\/li>\n<\/ul>\n<p>\u021aes\u0103tura tricotat\u0103 asigur\u0103 o performan\u021b\u0103 de cur\u0103\u021bare eficient\u0103.<\/p>\n","protected":false},"excerpt":{"rendered":"<p>Petice din bumbac tricotat f\u0103r\u0103 scame pentru o cur\u0103\u021bare superioar\u0103 a armelor de foc.<\/p>\n","protected":false},"featured_media":107570,"template":"","meta":{"_acf_changed":false},"product_brand":[11474],"product_cat":[12776,12803],"product_tag":[],"class_list":{"0":"post-63458","1":"product","2":"type-product","3":"status-publish","4":"has-post-thumbnail","6":"product_brand-iosso","7":"product_cat-curatare-arme","8":"product_cat-perii","10":"first","11":"instock","12":"taxable","13":"shipping-taxable","14":"purchasable","15":"product-type-variable","16":"wvs-archive-product-wrapper"},"acf":[],"_links":{"self":[{"href":"https:\/\/staging.nbg.eu\/ro\/wp-json\/wp\/v2\/product\/63458","targetHints":{"allow":["GET"]}}],"collection":[{"href":"https:\/\/staging.nbg.eu\/ro\/wp-json\/wp\/v2\/product"}],"about":[{"href":"https:\/\/staging.nbg.eu\/ro\/wp-json\/wp\/v2\/types\/product"}],"wp:featuredmedia":[{"embeddable":true,"href":"https:\/\/staging.nbg.eu\/ro\/wp-json\/wp\/v2\/media\/107570"}],"wp:attachment":[{"href":"https:\/\/staging.nbg.eu\/ro\/wp-json\/wp\/v2\/media?parent=63458"}],"wp:term":[{"taxonomy":"product_brand","embeddable":true,"href":"https:\/\/staging.nbg.eu\/ro\/wp-json\/wp\/v2\/product_brand?post=63458"},{"taxonomy":"product_cat","embeddable":true,"href":"https:\/\/staging.nbg.eu\/ro\/wp-json\/wp\/v2\/product_cat?post=63458"},{"taxonomy":"product_tag","embeddable":true,"href":"https:\/\/staging.nbg.eu\/ro\/wp-json\/wp\/v2\/product_tag?post=63458"}],"curies":[{"name":"wp","href":"https:\/\/api.w.org\/{rel}","templated":true}]}}