{"id":63365,"date":"2024-01-23T19:37:48","date_gmt":"2024-09-16T13:09:50","guid":{"rendered":"https:\/\/staging.nbg.eu\/product\/iosso-firearms-parts-cleaner-degreaser-37l\/"},"modified":"2024-09-16T13:10:47","modified_gmt":"2024-09-16T13:10:47","slug":"iosso-curatator-piese-arme-degresant-37l","status":"publish","type":"product","link":"https:\/\/staging.nbg.eu\/ro\/produs\/iosso-curatator-piese-arme-degresant-37l\/","title":{"rendered":"Iosso Curatator Piese Arme (Degresant, 3,7L)"},"content":{"rendered":"<p>\nIosso Solu\u021bie pentru cur\u0103\u021barea pieselor armelor de foc: Un degresant puternic \u0219i ecologic pentru armele dumneavoastr\u0103. Acest produs biodegradabil, pe baz\u0103 biologic\u0103, \u00eendep\u0103rteaz\u0103 eficient murd\u0103ria, carbonul, gr\u0103simea \u0219i reziduurile. Sigur pentru ma\u0219inile cu ultrasunete, are un con\u021binut sc\u0103zut de compu\u0219i organici volatili \u0219i este fabricat din extracte naturale de plante. Se poate pulveriza, se poate \u00eenmuia sau se poate \u0219terge pentru o cur\u0103\u021bare eficient\u0103, care este sigur\u0103 pentru dumneavoastr\u0103 \u0219i pentru mediu.<\/p>\n","protected":false},"excerpt":{"rendered":"<p>Degresant ecologic \u0219i puternic pentru cur\u0103\u021barea temeinic\u0103 a pieselor de arm\u0103.<\/p>\n","protected":false},"featured_media":102534,"template":"","meta":{"_acf_changed":false},"product_brand":[11474],"product_cat":[12776,12790],"product_tag":[],"class_list":{"0":"post-63365","1":"product","2":"type-product","3":"status-publish","4":"has-post-thumbnail","6":"product_brand-iosso","7":"product_cat-curatare-arme","8":"product_cat-curatitori","10":"first","11":"instock","12":"taxable","13":"shipping-taxable","14":"purchasable","15":"product-type-simple"},"acf":[],"_links":{"self":[{"href":"https:\/\/staging.nbg.eu\/ro\/wp-json\/wp\/v2\/product\/63365","targetHints":{"allow":["GET"]}}],"collection":[{"href":"https:\/\/staging.nbg.eu\/ro\/wp-json\/wp\/v2\/product"}],"about":[{"href":"https:\/\/staging.nbg.eu\/ro\/wp-json\/wp\/v2\/types\/product"}],"wp:featuredmedia":[{"embeddable":true,"href":"https:\/\/staging.nbg.eu\/ro\/wp-json\/wp\/v2\/media\/102534"}],"wp:attachment":[{"href":"https:\/\/staging.nbg.eu\/ro\/wp-json\/wp\/v2\/media?parent=63365"}],"wp:term":[{"taxonomy":"product_brand","embeddable":true,"href":"https:\/\/staging.nbg.eu\/ro\/wp-json\/wp\/v2\/product_brand?post=63365"},{"taxonomy":"product_cat","embeddable":true,"href":"https:\/\/staging.nbg.eu\/ro\/wp-json\/wp\/v2\/product_cat?post=63365"},{"taxonomy":"product_tag","embeddable":true,"href":"https:\/\/staging.nbg.eu\/ro\/wp-json\/wp\/v2\/product_tag?post=63365"}],"curies":[{"name":"wp","href":"https:\/\/api.w.org\/{rel}","templated":true}]}}