{"id":63318,"date":"2024-01-23T19:46:33","date_gmt":"2024-09-16T13:04:52","guid":{"rendered":"https:\/\/staging.nbg.eu\/product\/iosso-gunbrite\/"},"modified":"2024-09-16T13:05:50","modified_gmt":"2024-09-16T13:05:50","slug":"iosso-gunbrite","status":"publish","type":"product","link":"https:\/\/staging.nbg.eu\/ro\/produs\/iosso-gunbrite\/","title":{"rendered":"Iosso GunBrite"},"content":{"rendered":"<p>\nIosso GunBrite: Solu\u021bie pentru cur\u0103\u021barea armelor<\/p>\n<ul>\n<li>Sigur pentru toate finisajele armelor<\/li>\n<li>\u00cendep\u0103rteaz\u0103 reziduurile, rugina, pata \u0219i decolorarea<\/li>\n<li>Cur\u0103\u021b\u0103 inelele persistente ale cilindrului<\/li>\n<li>Las\u0103 un strat protector, non-uleios<\/li>\n<li>Rezist\u0103 la amprente \u0219i umezeal\u0103<\/li>\n<\/ul>\n<p>Iosso GunBrite pentru \u00eentre\u021binerea armelor.<\/p>\n","protected":false},"excerpt":{"rendered":"<p>Iosso GunBrite: Cur\u0103\u021b\u0103, lustruie\u0219te \u0219i protejeaz\u0103 armele de foc \u00een siguran\u021b\u0103.<\/p>\n","protected":false},"featured_media":102611,"template":"","meta":{"_acf_changed":false},"product_brand":[11474],"product_cat":[12776,12790],"product_tag":[],"class_list":{"0":"post-63318","1":"product","2":"type-product","3":"status-publish","4":"has-post-thumbnail","6":"product_brand-iosso","7":"product_cat-curatare-arme","8":"product_cat-curatitori","10":"first","11":"instock","12":"taxable","13":"shipping-taxable","14":"purchasable","15":"product-type-variable","16":"wvs-archive-product-wrapper"},"acf":[],"_links":{"self":[{"href":"https:\/\/staging.nbg.eu\/ro\/wp-json\/wp\/v2\/product\/63318","targetHints":{"allow":["GET"]}}],"collection":[{"href":"https:\/\/staging.nbg.eu\/ro\/wp-json\/wp\/v2\/product"}],"about":[{"href":"https:\/\/staging.nbg.eu\/ro\/wp-json\/wp\/v2\/types\/product"}],"wp:featuredmedia":[{"embeddable":true,"href":"https:\/\/staging.nbg.eu\/ro\/wp-json\/wp\/v2\/media\/102611"}],"wp:attachment":[{"href":"https:\/\/staging.nbg.eu\/ro\/wp-json\/wp\/v2\/media?parent=63318"}],"wp:term":[{"taxonomy":"product_brand","embeddable":true,"href":"https:\/\/staging.nbg.eu\/ro\/wp-json\/wp\/v2\/product_brand?post=63318"},{"taxonomy":"product_cat","embeddable":true,"href":"https:\/\/staging.nbg.eu\/ro\/wp-json\/wp\/v2\/product_cat?post=63318"},{"taxonomy":"product_tag","embeddable":true,"href":"https:\/\/staging.nbg.eu\/ro\/wp-json\/wp\/v2\/product_tag?post=63318"}],"curies":[{"name":"wp","href":"https:\/\/api.w.org\/{rel}","templated":true}]}}