{"id":63254,"date":"2024-01-23T19:51:36","date_gmt":"2024-09-16T13:03:21","guid":{"rendered":"https:\/\/staging.nbg.eu\/product\/iosso-sizing-lubricant-and-cleaner\/"},"modified":"2024-09-16T13:04:18","modified_gmt":"2024-09-16T13:04:18","slug":"iosso-lubrifiant-si-curatator-de-calibrare","status":"publish","type":"product","link":"https:\/\/staging.nbg.eu\/ro\/produs\/iosso-lubrifiant-si-curatator-de-calibrare\/","title":{"rendered":"Iosso Lubrifiant si Curatator de Calibrare"},"content":{"rendered":"<p>\nLubrifiant \u0219i agent de cur\u0103\u021bare Iosso pentru dimensionarea cartu\u0219elor: O solu\u021bie pe baz\u0103 biologic\u0103 pentru dimensionarea cartu\u0219elor. Acest produs de 118 ml cur\u0103\u021b\u0103 \u0219i lubrifiaz\u0103, prevenind blocarea cartu\u0219elor \u0219i prelungind durata de via\u021b\u0103 a matri\u021bei. U\u0219or de utilizat, f\u0103r\u0103 reziduuri sau miros. Solubil \u00een ap\u0103, biodegradabil \u0219i neinflamabil. Previne coroziunea \u0219i rugina. Se aplic\u0103 pe cartu\u0219e, se dimensioneaz\u0103, apoi se \u0219terge sau se cl\u0103te\u0219te \u00eenainte de re\u00eenc\u0103rcare.<\/p>\n","protected":false},"excerpt":{"rendered":"<p>Agent de cur\u0103\u021bare \u0219i lubrifiant pe baz\u0103 bio pentru o calibrare mai uniform\u0103 \u0219i matri\u0163e cu durat\u0103 mai lung\u0103 de via\u021b\u0103.<\/p>\n","protected":false},"featured_media":107668,"template":"","meta":{"_acf_changed":false},"product_brand":[11474],"product_cat":[12790,12791],"product_tag":[],"class_list":{"0":"post-63254","1":"product","2":"type-product","3":"status-publish","4":"has-post-thumbnail","6":"product_brand-iosso","7":"product_cat-curatitori","8":"product_cat-reincarcare","10":"first","11":"instock","12":"taxable","13":"shipping-taxable","14":"purchasable","15":"product-type-variable","16":"wvs-archive-product-wrapper"},"acf":[],"_links":{"self":[{"href":"https:\/\/staging.nbg.eu\/ro\/wp-json\/wp\/v2\/product\/63254","targetHints":{"allow":["GET"]}}],"collection":[{"href":"https:\/\/staging.nbg.eu\/ro\/wp-json\/wp\/v2\/product"}],"about":[{"href":"https:\/\/staging.nbg.eu\/ro\/wp-json\/wp\/v2\/types\/product"}],"wp:featuredmedia":[{"embeddable":true,"href":"https:\/\/staging.nbg.eu\/ro\/wp-json\/wp\/v2\/media\/107668"}],"wp:attachment":[{"href":"https:\/\/staging.nbg.eu\/ro\/wp-json\/wp\/v2\/media?parent=63254"}],"wp:term":[{"taxonomy":"product_brand","embeddable":true,"href":"https:\/\/staging.nbg.eu\/ro\/wp-json\/wp\/v2\/product_brand?post=63254"},{"taxonomy":"product_cat","embeddable":true,"href":"https:\/\/staging.nbg.eu\/ro\/wp-json\/wp\/v2\/product_cat?post=63254"},{"taxonomy":"product_tag","embeddable":true,"href":"https:\/\/staging.nbg.eu\/ro\/wp-json\/wp\/v2\/product_tag?post=63254"}],"curies":[{"name":"wp","href":"https:\/\/api.w.org\/{rel}","templated":true}]}}