{"id":63185,"date":"2024-01-24T09:44:05","date_gmt":"2024-09-16T13:00:55","guid":{"rendered":"https:\/\/staging.nbg.eu\/product\/iosso-triple-action-oil-solution\/"},"modified":"2024-09-16T13:01:56","modified_gmt":"2024-09-16T13:01:56","slug":"iosso-solutie-ulei-actiune-tripla","status":"publish","type":"product","link":"https:\/\/staging.nbg.eu\/ro\/produs\/iosso-solutie-ulei-actiune-tripla\/","title":{"rendered":"Iosso Solutie Ulei Actiune Tripla"},"content":{"rendered":"<p>\nSolu\u021bie de ulei Iosso cu ac\u021biune tripl\u0103: Cur\u0103\u021ba\u021bi, lubrifia\u021bi \u0219i proteja\u021bi armele de foc cu aceast\u0103 formul\u0103 biodegradabil\u0103, pe baz\u0103 de plante. Penetreaz\u0103 pentru a desprinde pulberea, carbonul \u0219i burajul din plastic. Lubrifiant pentru piese \u0219i inhibitor de coroziune. Func\u021bioneaz\u0103 la temperaturi extreme p\u00e2n\u0103 la -65\u00b0C. Pentru cur\u0103\u021barea \u021bevii \u0219i \u00eentre\u021binerea armelor.<\/p>\n","protected":false},"excerpt":{"rendered":"<p>Uleiul ecologic cur\u0103\u021b\u0103, lubrifiaz\u0103 \u0219i protejeaz\u0103 armele de foc \u00een mod eficient.<\/p>\n","protected":false},"featured_media":107622,"template":"","meta":{"_acf_changed":false},"product_brand":[11474],"product_cat":[12776,12790,12764],"product_tag":[],"class_list":{"0":"post-63185","1":"product","2":"type-product","3":"status-publish","4":"has-post-thumbnail","6":"product_brand-iosso","7":"product_cat-curatare-arme","8":"product_cat-curatitori","9":"product_cat-lubrifianti","11":"first","12":"instock","13":"taxable","14":"shipping-taxable","15":"purchasable","16":"product-type-variable","17":"wvs-archive-product-wrapper"},"acf":[],"_links":{"self":[{"href":"https:\/\/staging.nbg.eu\/ro\/wp-json\/wp\/v2\/product\/63185","targetHints":{"allow":["GET"]}}],"collection":[{"href":"https:\/\/staging.nbg.eu\/ro\/wp-json\/wp\/v2\/product"}],"about":[{"href":"https:\/\/staging.nbg.eu\/ro\/wp-json\/wp\/v2\/types\/product"}],"wp:featuredmedia":[{"embeddable":true,"href":"https:\/\/staging.nbg.eu\/ro\/wp-json\/wp\/v2\/media\/107622"}],"wp:attachment":[{"href":"https:\/\/staging.nbg.eu\/ro\/wp-json\/wp\/v2\/media?parent=63185"}],"wp:term":[{"taxonomy":"product_brand","embeddable":true,"href":"https:\/\/staging.nbg.eu\/ro\/wp-json\/wp\/v2\/product_brand?post=63185"},{"taxonomy":"product_cat","embeddable":true,"href":"https:\/\/staging.nbg.eu\/ro\/wp-json\/wp\/v2\/product_cat?post=63185"},{"taxonomy":"product_tag","embeddable":true,"href":"https:\/\/staging.nbg.eu\/ro\/wp-json\/wp\/v2\/product_tag?post=63185"}],"curies":[{"name":"wp","href":"https:\/\/api.w.org\/{rel}","templated":true}]}}