{"id":63067,"date":"2024-01-24T18:50:37","date_gmt":"2024-01-24T18:50:37","guid":{"rendered":"https:\/\/staging.nbg.eu\/product\/iosso-cleaning-brush-2-sided-2-pk\/"},"modified":"2024-09-16T12:54:41","modified_gmt":"2024-09-16T12:54:41","slug":"iosso-perie-de-curatare-2-fete-2buc","status":"publish","type":"product","link":"https:\/\/staging.nbg.eu\/ro\/produs\/iosso-perie-de-curatare-2-fete-2buc\/","title":{"rendered":"Iosso Perie de Curatare 2 Fete &#8211; 2\/buc."},"content":{"rendered":"<p>\nPeria de cur\u0103\u021bare Iosso cu 2 fe\u021be &#8211; 2\/pachet are peri de nylon rezisten\u021bi pentru cur\u0103\u021bare eficient\u0103. Fiecare pachet include dou\u0103 perii cu o parte lat\u0103, lung\u0103 \u0219i o parte \u00eengust\u0103. Poate fi folosit\u0103 cu Iosso Triple Action Oil, Bore Cleaner sau Metal Polish. Potrivit\u0103 pentru \u00eendep\u0103rtarea reziduurilor de carbon \u0219i a depunerilor de pulbere \u00een arme de foc sau \u00een aplica\u021bii industriale.<\/p>\n","protected":false},"excerpt":{"rendered":"<p>Perie din nylon cu dou\u0103 fe\u021be pentru cur\u0103\u021bare versatil\u0103. Set de 2 buc\u0103\u021bi.<\/p>\n","protected":false},"featured_media":63068,"template":"","meta":{"_acf_changed":false},"product_brand":[11474],"product_cat":[12776,12803],"product_tag":[],"class_list":{"0":"post-63067","1":"product","2":"type-product","3":"status-publish","4":"has-post-thumbnail","6":"product_brand-iosso","7":"product_cat-curatare-arme","8":"product_cat-perii","10":"first","11":"instock","12":"taxable","13":"shipping-taxable","14":"purchasable","15":"product-type-simple"},"acf":[],"_links":{"self":[{"href":"https:\/\/staging.nbg.eu\/ro\/wp-json\/wp\/v2\/product\/63067","targetHints":{"allow":["GET"]}}],"collection":[{"href":"https:\/\/staging.nbg.eu\/ro\/wp-json\/wp\/v2\/product"}],"about":[{"href":"https:\/\/staging.nbg.eu\/ro\/wp-json\/wp\/v2\/types\/product"}],"wp:featuredmedia":[{"embeddable":true,"href":"https:\/\/staging.nbg.eu\/ro\/wp-json\/wp\/v2\/media\/63068"}],"wp:attachment":[{"href":"https:\/\/staging.nbg.eu\/ro\/wp-json\/wp\/v2\/media?parent=63067"}],"wp:term":[{"taxonomy":"product_brand","embeddable":true,"href":"https:\/\/staging.nbg.eu\/ro\/wp-json\/wp\/v2\/product_brand?post=63067"},{"taxonomy":"product_cat","embeddable":true,"href":"https:\/\/staging.nbg.eu\/ro\/wp-json\/wp\/v2\/product_cat?post=63067"},{"taxonomy":"product_tag","embeddable":true,"href":"https:\/\/staging.nbg.eu\/ro\/wp-json\/wp\/v2\/product_tag?post=63067"}],"curies":[{"name":"wp","href":"https:\/\/api.w.org\/{rel}","templated":true}]}}