{"id":63025,"date":"2024-01-25T20:06:46","date_gmt":"2024-09-16T12:23:28","guid":{"rendered":"https:\/\/staging.nbg.eu\/product\/iosso-ar-rifle-gas-tube-cleaning-kit\/"},"modified":"2024-09-16T12:24:23","modified_gmt":"2024-09-16T12:24:23","slug":"iosso-kit-curatare-tub-gaz-pusca-ar","status":"publish","type":"product","link":"https:\/\/staging.nbg.eu\/ro\/produs\/iosso-kit-curatare-tub-gaz-pusca-ar\/","title":{"rendered":"Iosso Kit Curatare Tub Gaz Pusca AR"},"content":{"rendered":"<p>\nKitul de cur\u0103\u021bare Iosso AR pentru tubul de gaz al pu\u0219tii ofer\u0103 o solu\u021bie pentru \u00eentre\u021binerea pu\u0219tii AR. Acest kit include:<\/p>\n<ul>\n<li>Dou\u0103 perii specializate pentru tubul de gaz<\/li>\n<li>Tub de ghidare transparent<\/li>\n<li>Ulei Iosso cu ac\u021biune tripl\u0103<\/li>\n<\/ul>\n<p>Cur\u0103\u021ba\u021bi tubul de gaz f\u0103r\u0103 dezasamblare, asigur\u00e2nd ciclarea corect\u0103 a \u00eenchiz\u0103torului \u0219i prevenind acumularea de carbon. Economisi\u021bi timp cu acest sistem de cur\u0103\u021bare.<\/p>\n","protected":false},"excerpt":{"rendered":"<p>Dispozitiv eficient de cur\u0103\u021bare a tubului de gaz pentru AR &#8211; f\u0103r\u0103 a fi necesar\u0103 demontarea.<\/p>\n","protected":false},"featured_media":102330,"template":"","meta":{"_acf_changed":false},"product_brand":[11474],"product_cat":[12776,12803],"product_tag":[],"class_list":{"0":"post-63025","1":"product","2":"type-product","3":"status-publish","4":"has-post-thumbnail","6":"product_brand-iosso","7":"product_cat-curatare-arme","8":"product_cat-perii","10":"first","11":"instock","12":"taxable","13":"shipping-taxable","14":"purchasable","15":"product-type-simple"},"acf":[],"_links":{"self":[{"href":"https:\/\/staging.nbg.eu\/ro\/wp-json\/wp\/v2\/product\/63025","targetHints":{"allow":["GET"]}}],"collection":[{"href":"https:\/\/staging.nbg.eu\/ro\/wp-json\/wp\/v2\/product"}],"about":[{"href":"https:\/\/staging.nbg.eu\/ro\/wp-json\/wp\/v2\/types\/product"}],"wp:featuredmedia":[{"embeddable":true,"href":"https:\/\/staging.nbg.eu\/ro\/wp-json\/wp\/v2\/media\/102330"}],"wp:attachment":[{"href":"https:\/\/staging.nbg.eu\/ro\/wp-json\/wp\/v2\/media?parent=63025"}],"wp:term":[{"taxonomy":"product_brand","embeddable":true,"href":"https:\/\/staging.nbg.eu\/ro\/wp-json\/wp\/v2\/product_brand?post=63025"},{"taxonomy":"product_cat","embeddable":true,"href":"https:\/\/staging.nbg.eu\/ro\/wp-json\/wp\/v2\/product_cat?post=63025"},{"taxonomy":"product_tag","embeddable":true,"href":"https:\/\/staging.nbg.eu\/ro\/wp-json\/wp\/v2\/product_tag?post=63025"}],"curies":[{"name":"wp","href":"https:\/\/api.w.org\/{rel}","templated":true}]}}