{"id":62963,"date":"2024-01-25T20:19:03","date_gmt":"2024-09-16T12:21:31","guid":{"rendered":"https:\/\/staging.nbg.eu\/product\/iosso-chamber-brushes-2-pack\/"},"modified":"2024-09-16T12:22:31","modified_gmt":"2024-09-16T12:22:31","slug":"iosso-perii-de-camera-set-2-bucati","status":"publish","type":"product","link":"https:\/\/staging.nbg.eu\/ro\/produs\/iosso-perii-de-camera-set-2-bucati\/","title":{"rendered":"Iosso Perii de Camera Set 2 Bucati"},"content":{"rendered":"<p style=\"text-align: center\"><strong><span style=\"font-size: 170%\">Perii de camer\u0103 Iosso (2 pachete)<\/span><\/strong><\/p>\n<p>Prima perie pentru cur\u0103\u021barea camerei 6.5 Creedmoor. Sunt dimensionate cu toleran\u021b\u0103 str\u00e2ns\u0103 pentru cur\u0103\u021bare precis\u0103. Fabricate dintr-o fibr\u0103 albastr\u0103, care este groas\u0103, rigid\u0103 \u0219i \u00ee\u0219i men\u021bine forma bine, spre deosebire de periile tradi\u021bionale din alam\u0103 \u0219i bronz. Pot fi utilizate de mai multe ori \u00eenainte de a se uza. Pachetul con\u021bine 2 perii. Produsele de cur\u0103\u021bare recomandate pentru utilizare cu aceast\u0103 perie sunt Iosso Bore Cleaner \u0219i Iosso Triple Action Oil. <strong>Periile albastre sunt marc\u0103 \u00eenregistrat\u0103 a Iosso Products.<\/strong><\/p>\n<table width=\"305\">\n<tbody>\n<tr>\n<td width=\"305\"><strong>Perie de camer\u0103 AR-15 cu \u0219tift, pachet de 2<\/strong><\/td>\n<\/tr>\n<tr>\n<td><strong>Perie de camer\u0103 Grendel AR-15 6.5, pachet de 2<\/strong><\/td>\n<\/tr>\n<tr>\n<td><strong>Perie de camer\u0103 Creedmoor 6.5, pachet de 2<\/strong><\/td>\n<\/tr>\n<tr>\n<td><strong>Perie de camer\u0103 pentru pu\u0219c\u0103 AR.308 cu \u0219tift, pachet de 2<\/strong><\/td>\n<\/tr>\n<\/tbody>\n<\/table>\n","protected":false},"excerpt":{"rendered":"<p><strong>Prima perie pentru cur\u0103\u021barea camerei 6.5 Creedmoor<\/strong><\/p>\n","protected":false},"featured_media":107691,"template":"","meta":{"_acf_changed":false},"product_brand":[11474],"product_cat":[12776,12803],"product_tag":[],"class_list":{"0":"post-62963","1":"product","2":"type-product","3":"status-publish","4":"has-post-thumbnail","6":"product_brand-iosso","7":"product_cat-curatare-arme","8":"product_cat-perii","9":"pa_model-6-5-creedmoor-ro","10":"pa_model-6-5-grendel-ro","11":"pa_model-ar-308-ro","12":"pa_model-ar-15-ro","14":"first","15":"instock","16":"taxable","17":"shipping-taxable","18":"purchasable","19":"product-type-variable","20":"wvs-archive-product-wrapper"},"acf":[],"_links":{"self":[{"href":"https:\/\/staging.nbg.eu\/ro\/wp-json\/wp\/v2\/product\/62963","targetHints":{"allow":["GET"]}}],"collection":[{"href":"https:\/\/staging.nbg.eu\/ro\/wp-json\/wp\/v2\/product"}],"about":[{"href":"https:\/\/staging.nbg.eu\/ro\/wp-json\/wp\/v2\/types\/product"}],"wp:featuredmedia":[{"embeddable":true,"href":"https:\/\/staging.nbg.eu\/ro\/wp-json\/wp\/v2\/media\/107691"}],"wp:attachment":[{"href":"https:\/\/staging.nbg.eu\/ro\/wp-json\/wp\/v2\/media?parent=62963"}],"wp:term":[{"taxonomy":"product_brand","embeddable":true,"href":"https:\/\/staging.nbg.eu\/ro\/wp-json\/wp\/v2\/product_brand?post=62963"},{"taxonomy":"product_cat","embeddable":true,"href":"https:\/\/staging.nbg.eu\/ro\/wp-json\/wp\/v2\/product_cat?post=62963"},{"taxonomy":"product_tag","embeddable":true,"href":"https:\/\/staging.nbg.eu\/ro\/wp-json\/wp\/v2\/product_tag?post=62963"}],"curies":[{"name":"wp","href":"https:\/\/api.w.org\/{rel}","templated":true}]}}