{"id":62719,"date":"2024-02-02T19:48:47","date_gmt":"2024-02-02T19:48:47","guid":{"rendered":"https:\/\/staging.nbg.eu\/product\/geissele-chf-chrome-lined-barrel-5-56-14-5\/"},"modified":"2024-09-16T12:02:14","modified_gmt":"2024-09-16T12:02:14","slug":"geissele-chf-teava-cromata-556-145","status":"publish","type":"product","link":"https:\/\/staging.nbg.eu\/ro\/produs\/geissele-chf-teava-cromata-556-145\/","title":{"rendered":"Geissele CHF, Teava Cromata, 5.56 &#8211; 14.5&#8243;"},"content":{"rendered":"<div class=\"product-description\">\n<h2>\u021aeav\u0103 Geissele CHF Cromat\u0103 &#8211; 5.56<\/h2>\n<p>\u021aeava Geissele CHF Cromat\u0103 \u00een 5.56 NATO este fabricat\u0103 \u00een North Wales, PA, combin\u00e2nd tehnologia cu me\u0219te\u0219ugul.<\/p>\n<ul>\n<li>Forjat\u0103 la rece (CHF) pentru rezisten\u021b\u0103 \u0219i durabilitate<\/li>\n<li>Cromat\u0103 pentru rezisten\u021b\u0103 la coroziune \u0219i cur\u0103\u021bare mai u\u0219oar\u0103<\/li>\n<li>Testat\u0103 la presiune \u00eenalt\u0103 (HPT) \u0219i inspectat\u0103 cu particule magnetice (MPI) pentru asigurarea calit\u0103\u021bii<\/li>\n<li>Potrivit\u0103 pentru arme de serviciu, arme de competi\u021bie \u0219i altele<\/li>\n<li>Prelucrat\u0103 cu precizie folosind materiale de calitate pentru consisten\u021b\u0103 \u0219i acurate\u021be<\/li>\n<\/ul>\n<p>Alege\u021bi Geissele pentru performan\u021b\u0103 \u00een orice situa\u021bie.<\/p>\n<\/div>\n","protected":false},"excerpt":{"rendered":"<p>\u021aeav\u0103 de 5,56 forjat\u0103 cu precizie. Testat\u0103 HPT\/MPI pentru fiabilitate.<\/p>\n","protected":false},"featured_media":62720,"template":"","meta":{"_acf_changed":false},"product_brand":[11395],"product_cat":[12792,12795,12744,12769],"product_tag":[],"class_list":{"0":"post-62719","1":"product","2":"type-product","3":"status-publish","4":"has-post-thumbnail","6":"product_brand-geissele","7":"product_cat-carabine","8":"product_cat-pusca","9":"product_cat-reglaj-pusca","10":"product_cat-tevi","12":"first","13":"instock","14":"taxable","15":"shipping-taxable","16":"product-type-simple"},"acf":[],"_links":{"self":[{"href":"https:\/\/staging.nbg.eu\/ro\/wp-json\/wp\/v2\/product\/62719","targetHints":{"allow":["GET"]}}],"collection":[{"href":"https:\/\/staging.nbg.eu\/ro\/wp-json\/wp\/v2\/product"}],"about":[{"href":"https:\/\/staging.nbg.eu\/ro\/wp-json\/wp\/v2\/types\/product"}],"wp:featuredmedia":[{"embeddable":true,"href":"https:\/\/staging.nbg.eu\/ro\/wp-json\/wp\/v2\/media\/62720"}],"wp:attachment":[{"href":"https:\/\/staging.nbg.eu\/ro\/wp-json\/wp\/v2\/media?parent=62719"}],"wp:term":[{"taxonomy":"product_brand","embeddable":true,"href":"https:\/\/staging.nbg.eu\/ro\/wp-json\/wp\/v2\/product_brand?post=62719"},{"taxonomy":"product_cat","embeddable":true,"href":"https:\/\/staging.nbg.eu\/ro\/wp-json\/wp\/v2\/product_cat?post=62719"},{"taxonomy":"product_tag","embeddable":true,"href":"https:\/\/staging.nbg.eu\/ro\/wp-json\/wp\/v2\/product_tag?post=62719"}],"curies":[{"name":"wp","href":"https:\/\/api.w.org\/{rel}","templated":true}]}}