{"id":62395,"date":"2024-02-14T06:58:29","date_gmt":"2024-09-16T11:50:13","guid":{"rendered":"https:\/\/staging.nbg.eu\/product\/geissele-super-mcx-ssa-m4-curved-trigger\/"},"modified":"2024-09-16T11:51:10","modified_gmt":"2024-09-16T11:51:10","slug":"geissele-super-mcx-ssa-m4-tragaci-curbat","status":"publish","type":"product","link":"https:\/\/staging.nbg.eu\/ro\/produs\/geissele-super-mcx-ssa-m4-tragaci-curbat\/","title":{"rendered":"Geissele Super MCX SSA &#8211; M4 Tragaci Curbat"},"content":{"rendered":"<div class=\"product-description\">\n<h2>Geissele Super MCX SSA &#8211; Tr\u0103gaci curbat M4<\/h2>\n<p>Geissele Super MCX SSA este un tr\u0103gaci \u00een dou\u0103 etape, inspirat din modelul pentru carabina M4 certificat CRANE Safety. Acest tr\u0103gaci neajustabil de aproximativ 2 kg ofer\u0103:<\/p>\n<ul>\n<li>Control precis \u0219i acurat al tr\u0103gaciului<\/li>\n<li>Suficient de u\u0219or pentru aplica\u021bii de precizie<\/li>\n<li>Potrivit pentru scenarii solicitante precum lupta \u00een spa\u021bii \u00eenchise<\/li>\n<li>Adecvat pentru v\u00e2n\u0103toare, aplicarea legii \u0219i uz militar<\/li>\n<\/ul>\n<p>Super MCX SSA combin\u0103 performan\u021ba, fiabilitatea, siguran\u021ba \u0219i versatilitatea, fiind un tr\u0103gaci potrivit pentru arma dumneavoastr\u0103.<\/p>\n<\/div>\n","protected":false},"excerpt":{"rendered":"<p>Tr\u0103gaci de \u00eenalt\u0103 performan\u021b\u0103 \u00een 2 etape pentru precizie \u0219i lupt\u0103 \u00een spa\u021bii \u00eenchise (CQB). For\u021b\u0103 de tragere de 2 kg.<\/p>\n","protected":false},"featured_media":62396,"template":"","meta":{"_acf_changed":false},"product_brand":[11395],"product_cat":[12795,12744,12732],"product_tag":[],"class_list":{"0":"post-62395","1":"product","2":"type-product","3":"status-publish","4":"has-post-thumbnail","6":"product_brand-geissele","7":"product_cat-pusca","8":"product_cat-reglaj-pusca","9":"product_cat-tragaci","11":"first","12":"instock","13":"taxable","14":"shipping-taxable","15":"product-type-simple"},"acf":[],"_links":{"self":[{"href":"https:\/\/staging.nbg.eu\/ro\/wp-json\/wp\/v2\/product\/62395","targetHints":{"allow":["GET"]}}],"collection":[{"href":"https:\/\/staging.nbg.eu\/ro\/wp-json\/wp\/v2\/product"}],"about":[{"href":"https:\/\/staging.nbg.eu\/ro\/wp-json\/wp\/v2\/types\/product"}],"wp:featuredmedia":[{"embeddable":true,"href":"https:\/\/staging.nbg.eu\/ro\/wp-json\/wp\/v2\/media\/62396"}],"wp:attachment":[{"href":"https:\/\/staging.nbg.eu\/ro\/wp-json\/wp\/v2\/media?parent=62395"}],"wp:term":[{"taxonomy":"product_brand","embeddable":true,"href":"https:\/\/staging.nbg.eu\/ro\/wp-json\/wp\/v2\/product_brand?post=62395"},{"taxonomy":"product_cat","embeddable":true,"href":"https:\/\/staging.nbg.eu\/ro\/wp-json\/wp\/v2\/product_cat?post=62395"},{"taxonomy":"product_tag","embeddable":true,"href":"https:\/\/staging.nbg.eu\/ro\/wp-json\/wp\/v2\/product_tag?post=62395"}],"curies":[{"name":"wp","href":"https:\/\/api.w.org\/{rel}","templated":true}]}}