{"id":62269,"date":"2024-02-14T07:22:04","date_gmt":"2024-02-14T07:22:04","guid":{"rendered":"https:\/\/staging.nbg.eu\/product\/geissele-super-semi-automatic-enhanced-ssa-e-trigger\/"},"modified":"2024-09-16T11:45:24","modified_gmt":"2024-09-16T11:45:24","slug":"geissele-super-semi-automatic-enhanced-ssa-e-tragaci","status":"publish","type":"product","link":"https:\/\/staging.nbg.eu\/ro\/produs\/geissele-super-semi-automatic-enhanced-ssa-e-tragaci\/","title":{"rendered":"Geissele Super Semi-Automatic Enhanced (SSA-E) Tragaci"},"content":{"rendered":"<div class=\"product-description\">\n<h2>Tr\u0103gaci Geissele Super Semi-Automat \u00cembun\u0103t\u0103\u021bit (SSA-E\u2122)<\/h2>\n<p>Tr\u0103gaciul Geissele SSA-E\u2122 este construit pe baza modelului SSA\u00ae. Acest tr\u0103gaci \u00een dou\u0103 etape ofer\u0103:<\/p>\n<ul>\n<li>Greut\u0103\u021bi de tragere reduse pentru o func\u021bionare mai u\u0219oar\u0103<\/li>\n<li>Prima etap\u0103 u\u0219oar\u0103<\/li>\n<li>A doua etap\u0103 precis\u0103<\/li>\n<li>Fiabilitate testat\u0103 \u00een lupt\u0103<\/li>\n<li>Design drop-in neajustabil<\/li>\n<\/ul>\n<p>Potrivit pentru pu\u0219cile de precizie pentru tr\u0103g\u0103tori desemna\u021bi, SSA-E\u2122 ofer\u0103 control \u00eembun\u0103t\u0103\u021bit al tr\u0103gaciului \u0219i precizie a armei. Derivat din tr\u0103gaciul nostru de lupt\u0103 pentru foc automat utilizat de For\u021bele Speciale ale SUA, aceast\u0103 versiune semi-automat\u0103 asigur\u0103 performan\u021b\u0103 de top \u00een situa\u021bii unde fiabilitatea este crucial\u0103.<\/p>\n<\/div>\n","protected":false},"excerpt":{"rendered":"<p>Tr\u0103gaci de precizie \u00eembun\u0103t\u0103\u021bit pentru tr\u0103g\u0103tori de elit\u0103: curs\u0103 lin\u0103, declan\u0219are precis\u0103.<\/p>\n","protected":false},"featured_media":62270,"template":"","meta":{"_acf_changed":false},"product_brand":[11395],"product_cat":[12795,12744,12732],"product_tag":[],"class_list":{"0":"post-62269","1":"product","2":"type-product","3":"status-publish","4":"has-post-thumbnail","6":"product_brand-geissele","7":"product_cat-pusca","8":"product_cat-reglaj-pusca","9":"product_cat-tragaci","11":"first","12":"instock","13":"taxable","14":"shipping-taxable","15":"product-type-simple"},"acf":[],"_links":{"self":[{"href":"https:\/\/staging.nbg.eu\/ro\/wp-json\/wp\/v2\/product\/62269","targetHints":{"allow":["GET"]}}],"collection":[{"href":"https:\/\/staging.nbg.eu\/ro\/wp-json\/wp\/v2\/product"}],"about":[{"href":"https:\/\/staging.nbg.eu\/ro\/wp-json\/wp\/v2\/types\/product"}],"wp:featuredmedia":[{"embeddable":true,"href":"https:\/\/staging.nbg.eu\/ro\/wp-json\/wp\/v2\/media\/62270"}],"wp:attachment":[{"href":"https:\/\/staging.nbg.eu\/ro\/wp-json\/wp\/v2\/media?parent=62269"}],"wp:term":[{"taxonomy":"product_brand","embeddable":true,"href":"https:\/\/staging.nbg.eu\/ro\/wp-json\/wp\/v2\/product_brand?post=62269"},{"taxonomy":"product_cat","embeddable":true,"href":"https:\/\/staging.nbg.eu\/ro\/wp-json\/wp\/v2\/product_cat?post=62269"},{"taxonomy":"product_tag","embeddable":true,"href":"https:\/\/staging.nbg.eu\/ro\/wp-json\/wp\/v2\/product_tag?post=62269"}],"curies":[{"name":"wp","href":"https:\/\/api.w.org\/{rel}","templated":true}]}}