{"id":62127,"date":"2024-02-14T07:32:28","date_gmt":"2024-09-16T11:41:45","guid":{"rendered":"https:\/\/staging.nbg.eu\/product\/geissele-ssa-x-trigger-with-lightning-bow\/"},"modified":"2024-09-16T11:42:43","modified_gmt":"2024-09-16T11:42:43","slug":"geissele-ssa-x-tragaci-cu-lightning-bow","status":"publish","type":"product","link":"https:\/\/staging.nbg.eu\/ro\/produs\/geissele-ssa-x-tragaci-cu-lightning-bow\/","title":{"rendered":"Geissele SSA X Tragaci cu Lightning Bow"},"content":{"rendered":"<div class=\"product-description\">\n<h2>Tr\u0103gaci Geissele SSA X cu Lightning Bow\u00ae<\/h2>\n<p>Tr\u0103gaciul SSA-X cu tehnologia Lightning Bow\u00ae combin\u0103:<\/p>\n<ul>\n<li>Profil semi-curbat, cu corp lat<\/li>\n<li>Caracteristici ale tr\u0103gacilor AR curba\u021bi standard \u0219i ale designurilor cu arc plat<\/li>\n<li>Acoperire Nanoweapon pentru rezisten\u021b\u0103 la uzur\u0103 \u0219i coroziune<\/li>\n<li>Func\u021bionare cu lubrifiere minim\u0103<\/li>\n<\/ul>\n<p>Urm\u00e2nd tradi\u021bia SSA, acest tr\u0103gaci clasificat pentru serviciu ofer\u0103:<\/p>\n<ul>\n<li>Precizie pentru trageri la distan\u021b\u0103 mare<\/li>\n<li>Adaptabilitate pentru scenarii de lupt\u0103 la distan\u021b\u0103 mic\u0103 (CQB)<\/li>\n<\/ul>\n<p>Tr\u0103gaciul Geissele SSA X \u00eembun\u0103t\u0103\u021be\u0219te performan\u021ba armei AR.<\/p>\n<\/div>\n","protected":false},"excerpt":{"rendered":"<p>Tr\u0103gaci AR proiectat cu precizie, cu arc hibrid pentru control suprem \u0219i durabilitate.<\/p>\n","protected":false},"featured_media":62128,"template":"","meta":{"_acf_changed":false},"product_brand":[11395],"product_cat":[12795,12744,12732],"product_tag":[],"class_list":{"0":"post-62127","1":"product","2":"type-product","3":"status-publish","4":"has-post-thumbnail","6":"product_brand-geissele","7":"product_cat-pusca","8":"product_cat-reglaj-pusca","9":"product_cat-tragaci","11":"first","12":"instock","13":"taxable","14":"shipping-taxable","15":"product-type-simple"},"acf":[],"_links":{"self":[{"href":"https:\/\/staging.nbg.eu\/ro\/wp-json\/wp\/v2\/product\/62127","targetHints":{"allow":["GET"]}}],"collection":[{"href":"https:\/\/staging.nbg.eu\/ro\/wp-json\/wp\/v2\/product"}],"about":[{"href":"https:\/\/staging.nbg.eu\/ro\/wp-json\/wp\/v2\/types\/product"}],"wp:featuredmedia":[{"embeddable":true,"href":"https:\/\/staging.nbg.eu\/ro\/wp-json\/wp\/v2\/media\/62128"}],"wp:attachment":[{"href":"https:\/\/staging.nbg.eu\/ro\/wp-json\/wp\/v2\/media?parent=62127"}],"wp:term":[{"taxonomy":"product_brand","embeddable":true,"href":"https:\/\/staging.nbg.eu\/ro\/wp-json\/wp\/v2\/product_brand?post=62127"},{"taxonomy":"product_cat","embeddable":true,"href":"https:\/\/staging.nbg.eu\/ro\/wp-json\/wp\/v2\/product_cat?post=62127"},{"taxonomy":"product_tag","embeddable":true,"href":"https:\/\/staging.nbg.eu\/ro\/wp-json\/wp\/v2\/product_tag?post=62127"}],"curies":[{"name":"wp","href":"https:\/\/api.w.org\/{rel}","templated":true}]}}