{"id":62000,"date":"2024-02-14T11:11:36","date_gmt":"2024-09-16T11:22:28","guid":{"rendered":"https:\/\/staging.nbg.eu\/product\/geissele-super-dynamic-enhanced-sd-e-trigger\/"},"modified":"2024-09-16T11:23:25","modified_gmt":"2024-09-16T11:23:25","slug":"geissele-super-dynamic-enhanced-sd-e-tragaci","status":"publish","type":"product","link":"https:\/\/staging.nbg.eu\/ro\/produs\/geissele-super-dynamic-enhanced-sd-e-tragaci\/","title":{"rendered":"Geissele Super Dynamic Enhanced (SD-E) Tragaci"},"content":{"rendered":"<div class=\"product-description\">\n<h2>Tr\u0103gaci Geissele Super Dynamic Enhanced (SD-E)<\/h2>\n<p>Tr\u0103gaciul Geissele SD-E este un mecanism cu dou\u0103 etape care include:<\/p>\n<ul>\n<li>Design plat al arcului tr\u0103gaciului<\/li>\n<li>Mecanism ajustat pentru control \u00eembun\u0103t\u0103\u021bit<\/li>\n<li>Precizie crescut\u0103 a armei<\/li>\n<li>Fiabilitate testat\u0103 \u00een lupt\u0103<\/li>\n<\/ul>\n<p>SD-E este varianta cu arc plat a modelului SSA-E, oferind aceea\u0219i performan\u021b\u0103. Designul s\u0103u asigur\u0103:<\/p>\n<ul>\n<li>Declan\u0219\u0103ri clare<\/li>\n<li>Greutate de tragere constant\u0103<\/li>\n<li>Focuri de urm\u0103rire mai rapide<\/li>\n<\/ul>\n<p>Tr\u0103gaciul Geissele SD-E \u00eembin\u0103 precizia cu performan\u021ba.<\/p>\n<\/div>\n","protected":false},"excerpt":{"rendered":"<p>Tr\u0103gaci precis cu arc plat \u00een 2 etape pentru control \u0219i precizie \u00eembun\u0103t\u0103\u021bite.<\/p>\n","protected":false},"featured_media":62001,"template":"","meta":{"_acf_changed":false},"product_brand":[11395],"product_cat":[12795,12744,12732],"product_tag":[],"class_list":{"0":"post-62000","1":"product","2":"type-product","3":"status-publish","4":"has-post-thumbnail","6":"product_brand-geissele","7":"product_cat-pusca","8":"product_cat-reglaj-pusca","9":"product_cat-tragaci","11":"first","12":"instock","13":"taxable","14":"shipping-taxable","15":"product-type-simple"},"acf":[],"_links":{"self":[{"href":"https:\/\/staging.nbg.eu\/ro\/wp-json\/wp\/v2\/product\/62000","targetHints":{"allow":["GET"]}}],"collection":[{"href":"https:\/\/staging.nbg.eu\/ro\/wp-json\/wp\/v2\/product"}],"about":[{"href":"https:\/\/staging.nbg.eu\/ro\/wp-json\/wp\/v2\/types\/product"}],"wp:featuredmedia":[{"embeddable":true,"href":"https:\/\/staging.nbg.eu\/ro\/wp-json\/wp\/v2\/media\/62001"}],"wp:attachment":[{"href":"https:\/\/staging.nbg.eu\/ro\/wp-json\/wp\/v2\/media?parent=62000"}],"wp:term":[{"taxonomy":"product_brand","embeddable":true,"href":"https:\/\/staging.nbg.eu\/ro\/wp-json\/wp\/v2\/product_brand?post=62000"},{"taxonomy":"product_cat","embeddable":true,"href":"https:\/\/staging.nbg.eu\/ro\/wp-json\/wp\/v2\/product_cat?post=62000"},{"taxonomy":"product_tag","embeddable":true,"href":"https:\/\/staging.nbg.eu\/ro\/wp-json\/wp\/v2\/product_tag?post=62000"}],"curies":[{"name":"wp","href":"https:\/\/api.w.org\/{rel}","templated":true}]}}