{"id":61938,"date":"2024-02-14T11:24:38","date_gmt":"2024-09-16T11:18:40","guid":{"rendered":"https:\/\/staging.nbg.eu\/product\/geissele-super-dynamic-3-gun-sd-3g-trigger\/"},"modified":"2024-09-16T11:19:37","modified_gmt":"2024-09-16T11:19:37","slug":"geissele-super-dynamic-3-gun-sd-3g-tragaci","status":"publish","type":"product","link":"https:\/\/staging.nbg.eu\/ro\/produs\/geissele-super-dynamic-3-gun-sd-3g-tragaci\/","title":{"rendered":"Geissele Super Dynamic 3 Gun (SD-3G) Tragaci"},"content":{"rendered":"<div class=\"product-description\">\n<h2>Tr\u0103gaci Geissele Super Dynamic 3 Gun (SD-3G)<\/h2>\n<p>Tr\u0103gaciul Geissele SD-3G ofer\u0103 urm\u0103toarele caracteristici:<\/p>\n<ul>\n<li>Arc plat al tr\u0103gaciului pentru o greutate perceput\u0103 redus\u0103 a tragerii<\/li>\n<li>Design hibrid care combin\u0103 calit\u0103\u021bile tr\u0103gaciului \u00eentr-o singur\u0103 etap\u0103 \u0219i \u00een dou\u0103 etape<\/li>\n<li>Lungime redus\u0103 a tragerii \u0219i revenire foarte rapid\u0103<\/li>\n<li>Feedback tactil \u00eembun\u0103t\u0103\u021bit pentru un control mai bun al operatorului<\/li>\n<li>Potrivit pentru competi\u021biile de tragere 3 Gun<\/li>\n<\/ul>\n<p>Recomandat pentru competi\u021biile pe trasee scurte care necesit\u0103 angajarea rapid\u0103 a \u021bintelor \u0219i focuri rapide succesive. Nu este recomandat pentru utilizare \u00een serviciu, tragere de precizie sau de la banc\u0103.<\/p>\n<p><strong>Not\u0103:<\/strong> SD-3G ofer\u0103 vitez\u0103 ridicat\u0103, men\u021bin\u00e2nd \u00een acela\u0219i timp siguran\u021ba \u0219i robuste\u021bea unui tr\u0103gaci de lupt\u0103 \u00een dou\u0103 etape.<\/p>\n<\/div>\n","protected":false},"excerpt":{"rendered":"<p>Tr\u0103gaci cu arc plat pentru 3 arme: ultra-rapid, curs\u0103 scurt\u0103, resetare rapid\u0103.<\/p>\n","protected":false},"featured_media":61939,"template":"","meta":{"_acf_changed":false},"product_brand":[11395],"product_cat":[12795,12744,12732],"product_tag":[],"class_list":{"0":"post-61938","1":"product","2":"type-product","3":"status-publish","4":"has-post-thumbnail","6":"product_brand-geissele","7":"product_cat-pusca","8":"product_cat-reglaj-pusca","9":"product_cat-tragaci","11":"first","12":"outofstock","13":"taxable","14":"shipping-taxable","15":"product-type-simple"},"acf":[],"_links":{"self":[{"href":"https:\/\/staging.nbg.eu\/ro\/wp-json\/wp\/v2\/product\/61938","targetHints":{"allow":["GET"]}}],"collection":[{"href":"https:\/\/staging.nbg.eu\/ro\/wp-json\/wp\/v2\/product"}],"about":[{"href":"https:\/\/staging.nbg.eu\/ro\/wp-json\/wp\/v2\/types\/product"}],"wp:featuredmedia":[{"embeddable":true,"href":"https:\/\/staging.nbg.eu\/ro\/wp-json\/wp\/v2\/media\/61939"}],"wp:attachment":[{"href":"https:\/\/staging.nbg.eu\/ro\/wp-json\/wp\/v2\/media?parent=61938"}],"wp:term":[{"taxonomy":"product_brand","embeddable":true,"href":"https:\/\/staging.nbg.eu\/ro\/wp-json\/wp\/v2\/product_brand?post=61938"},{"taxonomy":"product_cat","embeddable":true,"href":"https:\/\/staging.nbg.eu\/ro\/wp-json\/wp\/v2\/product_cat?post=61938"},{"taxonomy":"product_tag","embeddable":true,"href":"https:\/\/staging.nbg.eu\/ro\/wp-json\/wp\/v2\/product_tag?post=61938"}],"curies":[{"name":"wp","href":"https:\/\/api.w.org\/{rel}","templated":true}]}}