{"id":61876,"date":"2024-02-14T19:46:21","date_gmt":"2024-09-16T11:14:33","guid":{"rendered":"https:\/\/staging.nbg.eu\/product\/geissele-hk-mr-556-trigger\/"},"modified":"2024-09-16T11:15:28","modified_gmt":"2024-09-16T11:15:28","slug":"geissele-hk-mr-556-tragaci","status":"publish","type":"product","link":"https:\/\/staging.nbg.eu\/ro\/produs\/geissele-hk-mr-556-tragaci\/","title":{"rendered":"Geissele HK MR 556 Tragaci"},"content":{"rendered":"<h2>Tr\u0103gaci Geissele HK MR 556<\/h2>\n<p>Tr\u0103gaciul Geissele HK MR 556 pentru HK 556 sau HK 416 semi-automat ofer\u0103:<\/p>\n<ul>\n<li>Precizie \u00eembun\u0103t\u0103\u021bit\u0103<\/li>\n<li>Tragere mai lin\u0103<\/li>\n<li>Focuri succesive mai rapide<\/li>\n<li>Compatibil cu HK 556 \u0219i HK 416 semi-automat<\/li>\n<\/ul>\n<p>Tr\u0103gaciul este fabricat de Geissele.<\/p>\n","protected":false},"excerpt":{"rendered":"<p>Tr\u0103gaci de precizie HK MR 556\/416. Performan\u021b\u0103 similar\u0103 cu SSA pentru o precizie \u00eembun\u0103t\u0103\u021bit\u0103.<\/p>\n","protected":false},"featured_media":61877,"template":"","meta":{"_acf_changed":false},"product_brand":[11395],"product_cat":[12795,12744,12732],"product_tag":[],"class_list":{"0":"post-61876","1":"product","2":"type-product","3":"status-publish","4":"has-post-thumbnail","6":"product_brand-geissele","7":"product_cat-pusca","8":"product_cat-reglaj-pusca","9":"product_cat-tragaci","11":"first","12":"instock","13":"taxable","14":"shipping-taxable","15":"product-type-simple"},"acf":[],"_links":{"self":[{"href":"https:\/\/staging.nbg.eu\/ro\/wp-json\/wp\/v2\/product\/61876","targetHints":{"allow":["GET"]}}],"collection":[{"href":"https:\/\/staging.nbg.eu\/ro\/wp-json\/wp\/v2\/product"}],"about":[{"href":"https:\/\/staging.nbg.eu\/ro\/wp-json\/wp\/v2\/types\/product"}],"wp:featuredmedia":[{"embeddable":true,"href":"https:\/\/staging.nbg.eu\/ro\/wp-json\/wp\/v2\/media\/61877"}],"wp:attachment":[{"href":"https:\/\/staging.nbg.eu\/ro\/wp-json\/wp\/v2\/media?parent=61876"}],"wp:term":[{"taxonomy":"product_brand","embeddable":true,"href":"https:\/\/staging.nbg.eu\/ro\/wp-json\/wp\/v2\/product_brand?post=61876"},{"taxonomy":"product_cat","embeddable":true,"href":"https:\/\/staging.nbg.eu\/ro\/wp-json\/wp\/v2\/product_cat?post=61876"},{"taxonomy":"product_tag","embeddable":true,"href":"https:\/\/staging.nbg.eu\/ro\/wp-json\/wp\/v2\/product_tag?post=61876"}],"curies":[{"name":"wp","href":"https:\/\/api.w.org\/{rel}","templated":true}]}}