{"id":61814,"date":"2024-02-14T19:52:46","date_gmt":"2024-09-16T11:12:40","guid":{"rendered":"https:\/\/staging.nbg.eu\/product\/geissele-hk-mr-762-trigger\/"},"modified":"2024-09-16T11:13:38","modified_gmt":"2024-09-16T11:13:38","slug":"geissele-hk-mr-762-tragaci","status":"publish","type":"product","link":"https:\/\/staging.nbg.eu\/ro\/produs\/geissele-hk-mr-762-tragaci\/","title":{"rendered":"Geissele HK MR 762 Tragaci"},"content":{"rendered":"<div class=\"product-description\">\n<h2>Tr\u0103gaci Geissele HK MR 762<\/h2>\n<p>Pentru HK 762 sau HK 417 semi-automat. Tr\u0103gaciul Geissele HK MR 762, similar cu tr\u0103gaciul nostru SSA, ofer\u0103:<\/p>\n<ul>\n<li>Tragere lin\u0103<\/li>\n<li>Precizie \u00eembun\u0103t\u0103\u021bit\u0103<\/li>\n<li>Compatibilitate cu modelele HK 762 \u0219i HK 417<\/li>\n<li>Construc\u021bie durabil\u0103<\/li>\n<\/ul>\n<p>Geissele ofer\u0103 tehnologie avansat\u0103 pentru tr\u0103gaci.<\/p>\n<\/div>\n","protected":false},"excerpt":{"rendered":"<p>Tr\u0103gaci de precizie tip SSA pentru pu\u0219tile HK 762 \u0219i HK 417 semi-automate.<\/p>\n","protected":false},"featured_media":61815,"template":"","meta":{"_acf_changed":false},"product_brand":[11395],"product_cat":[12795,12744,12732],"product_tag":[],"class_list":{"0":"post-61814","1":"product","2":"type-product","3":"status-publish","4":"has-post-thumbnail","6":"product_brand-geissele","7":"product_cat-pusca","8":"product_cat-reglaj-pusca","9":"product_cat-tragaci","11":"first","12":"instock","13":"taxable","14":"shipping-taxable","15":"product-type-simple"},"acf":[],"_links":{"self":[{"href":"https:\/\/staging.nbg.eu\/ro\/wp-json\/wp\/v2\/product\/61814","targetHints":{"allow":["GET"]}}],"collection":[{"href":"https:\/\/staging.nbg.eu\/ro\/wp-json\/wp\/v2\/product"}],"about":[{"href":"https:\/\/staging.nbg.eu\/ro\/wp-json\/wp\/v2\/types\/product"}],"wp:featuredmedia":[{"embeddable":true,"href":"https:\/\/staging.nbg.eu\/ro\/wp-json\/wp\/v2\/media\/61815"}],"wp:attachment":[{"href":"https:\/\/staging.nbg.eu\/ro\/wp-json\/wp\/v2\/media?parent=61814"}],"wp:term":[{"taxonomy":"product_brand","embeddable":true,"href":"https:\/\/staging.nbg.eu\/ro\/wp-json\/wp\/v2\/product_brand?post=61814"},{"taxonomy":"product_cat","embeddable":true,"href":"https:\/\/staging.nbg.eu\/ro\/wp-json\/wp\/v2\/product_cat?post=61814"},{"taxonomy":"product_tag","embeddable":true,"href":"https:\/\/staging.nbg.eu\/ro\/wp-json\/wp\/v2\/product_tag?post=61814"}],"curies":[{"name":"wp","href":"https:\/\/api.w.org\/{rel}","templated":true}]}}