{"id":61618,"date":"2024-02-14T20:12:21","date_gmt":"2024-09-16T10:54:51","guid":{"rendered":"https:\/\/staging.nbg.eu\/product\/geissele-13-5-super-modular-rail-mk16-m-lok\/"},"modified":"2024-09-16T11:03:35","modified_gmt":"2024-09-16T11:03:35","slug":"geissele-135-sina-super-modulara-mk16-m-lok","status":"publish","type":"product","link":"https:\/\/staging.nbg.eu\/ro\/produs\/geissele-135-sina-super-modulara-mk16-m-lok\/","title":{"rendered":"Geissele 13.5&#8243; Sina Super Modulara MK16 M-LOK"},"content":{"rendered":"<h2 style=\"text-align: center\"><b>\u0218in\u0103 modular\u0103 13.5&#8243; MK16 M-LOK\u00ae<\/b><\/h2>\n<p>\u0218ina modular\u0103 MK16 se monteaz\u0103 pe partea superioar\u0103 a pu\u0219tii AR-15 folosind o versiune actualizat\u0103 a piuli\u021bei de \u021beav\u0103 Geissele. MK16 este u\u0219or de instalat \u0219i \u00eentre\u021binut, oferind rigiditate. Sistemul anti-rota\u021bie asigur\u0103 c\u0103 \u0219ina nu se va roti \u00een condi\u021bii extreme de utilizare. \u0218ina are o bar\u0103 Picatinny M1913 \u00een partea superioar\u0103 \u0219i sloturi M-LOK\u2122 pe toate laturile pentru personalizare. MK16 este fabricat\u0103 din aluminiu seria 7000 \u0219i are un finisaj anodizat dur de tip 3.<\/p>\n<p>\u0218ina modular\u0103 13.5&#8243; (SMR) MK16 M-LOK\u00ae, NSN# 1005-01-672-4794 (13.5&#8243;), a fost adoptat\u0103 de USASOC pentru programul URG-I (Grup superior de receptor \u00eembun\u0103t\u0103\u021bit).<\/p>\n<p>&nbsp;<\/p>\n<h2 style=\"text-align: center\"><strong>SPECIFICA\u021aII<\/strong><\/h2>\n<hr \/>\n<table border=\"1\">\n<tbody>\n<tr>\n<td><strong>\u00ceN\u0102L\u021aIME: <\/strong><\/td>\n<td> 2,39&#8243;<\/td>\n<\/tr>\n<tr>\n<td><strong>CULOARE: <\/strong><\/td>\n<td> Negru, DDC, Gri, ODG<\/td>\n<\/tr>\n<tr>\n<td><strong>MATERIAL: <\/strong><\/td>\n<td> Aluminiu seria 7000<\/td>\n<\/tr>\n<tr>\n<td><strong>FINISAJ: <\/strong><\/td>\n<td> Anodizare dur\u0103 tip 3<\/td>\n<\/tr>\n<tr>\n<td><strong>LUNGIMI DISPONIBILE: <\/strong><\/td>\n<td> 9,3&#8243;, 10,5&#8243;, 13,5&#8243;, 15&#8243;<\/td>\n<\/tr>\n<tr>\n<td><strong>DIAMETRU INTERIOR: <\/strong><\/td>\n<td> 1,26&#8243;<\/td>\n<\/tr>\n<tr>\n<td><strong>DIAMETRU EXTERIOR (DAQ*): <\/strong><\/td>\n<td> 1,59&#8243;<\/td>\n<\/tr>\n<tr>\n<td><strong>GREUTATE SMR MK16 9,3&#8243;: <\/strong><\/td>\n<td> 286g (333g cu piuli\u021ba de \u021beav\u0103)<\/td>\n<\/tr>\n<tr>\n<td><strong>GREUTATE SMR MK16 10,5&#8243;: <\/strong><\/td>\n<td> 312g (357g cu piuli\u021ba de \u021beav\u0103)<\/td>\n<\/tr>\n<tr>\n<td><strong>GREUTATE SMR MK16 13,5&#8243;: <\/strong><\/td>\n<td> 380g (422g cu piuli\u021ba de \u021beav\u0103)<\/td>\n<\/tr>\n<tr>\n<td><strong>GREUTATE SMR MK16 15&#8243;: <\/strong><\/td>\n<td> 403g (448g cu piuli\u021ba de \u021beav\u0103)<\/td>\n<\/tr>\n<\/tbody>\n<\/table>\n<p><em>*DAQ &#8211; Distan\u021ba \u00eentre cadrane<\/em><\/p>\n","protected":false},"excerpt":{"rendered":"<p><strong>Performan\u021b\u0103 Inegalabil\u0103 Pentru Cei Mai Exigen\u021bi Tr\u0103g\u0103tori<\/strong><\/p>\n","protected":false},"featured_media":61619,"template":"","meta":{"_acf_changed":false},"product_brand":[11395],"product_cat":[12792,12795,12744,12743],"product_tag":[],"class_list":{"0":"post-61618","1":"product","2":"type-product","3":"status-publish","4":"has-post-thumbnail","6":"product_brand-geissele","7":"product_cat-carabine","8":"product_cat-pusca","9":"product_cat-reglaj-pusca","10":"product_cat-sine","12":"first","13":"instock","14":"taxable","15":"shipping-taxable","16":"product-type-variable","17":"wvs-archive-product-wrapper"},"acf":[],"_links":{"self":[{"href":"https:\/\/staging.nbg.eu\/ro\/wp-json\/wp\/v2\/product\/61618","targetHints":{"allow":["GET"]}}],"collection":[{"href":"https:\/\/staging.nbg.eu\/ro\/wp-json\/wp\/v2\/product"}],"about":[{"href":"https:\/\/staging.nbg.eu\/ro\/wp-json\/wp\/v2\/types\/product"}],"wp:featuredmedia":[{"embeddable":true,"href":"https:\/\/staging.nbg.eu\/ro\/wp-json\/wp\/v2\/media\/61619"}],"wp:attachment":[{"href":"https:\/\/staging.nbg.eu\/ro\/wp-json\/wp\/v2\/media?parent=61618"}],"wp:term":[{"taxonomy":"product_brand","embeddable":true,"href":"https:\/\/staging.nbg.eu\/ro\/wp-json\/wp\/v2\/product_brand?post=61618"},{"taxonomy":"product_cat","embeddable":true,"href":"https:\/\/staging.nbg.eu\/ro\/wp-json\/wp\/v2\/product_cat?post=61618"},{"taxonomy":"product_tag","embeddable":true,"href":"https:\/\/staging.nbg.eu\/ro\/wp-json\/wp\/v2\/product_tag?post=61618"}],"curies":[{"name":"wp","href":"https:\/\/api.w.org\/{rel}","templated":true}]}}