{"id":61384,"date":"2024-02-14T20:22:23","date_gmt":"2024-09-16T10:48:39","guid":{"rendered":"https:\/\/staging.nbg.eu\/product\/geissele-15-super-modular-rail-mk16-m-lok\/"},"modified":"2024-09-16T10:49:40","modified_gmt":"2024-09-16T10:49:40","slug":"geissele-15-sina-super-modulara-mk16-m-lok","status":"publish","type":"product","link":"https:\/\/staging.nbg.eu\/ro\/produs\/geissele-15-sina-super-modulara-mk16-m-lok\/","title":{"rendered":"Geissele 15&#8243; Sina Super Modulara MK16 M-LOK"},"content":{"rendered":"<h2 style=\"text-align: center\"><strong>\u0218in\u0103 Super Modular\u0103 MK16 M-LOK\u00ae de 15\u2033<\/strong><\/h2>\n<p>\u0218ina Super Modular\u0103 Geissele MK16 se monteaz\u0103 pe partea superioar\u0103 a AR-15 folosind versiunea actualizat\u0103 a piuli\u021bei de \u021beav\u0103 Geissele. MK16 este u\u0219or de instalat \u0219i \u00eentre\u021binut, oferind rigiditate superioar\u0103. Elementele anti-rota\u021bie \u0219i \u0219uruburile de fixare asigur\u0103 c\u0103 \u0219ina nu se va roti. \u0218ina picatinny M1913 \u00een partea superioar\u0103 \u0219i sloturile M-LOK\u2122 pe fiecare cadran permit personalizarea pentru accesorii. \u0218ina SMR MK16 Geissele este prelucrat\u0103 din aluminiu seria 7000 \u0219i este finisat\u0103 cu anodizare dur\u0103 de tip 3.<\/p>\n<p>\u0218ina Super Modular\u0103 de 13,5&#8243; (SMR) MK16 M-LOK\u00ae, NSN# 1005-01-672-4794 (13,5&#8243;), a fost adoptat\u0103 de USASOC pentru programul URG-I (Grup Receptor Superior \u00cembun\u0103t\u0103\u021bit).<\/p>\n<h2 style=\"text-align: center\"><strong>SPECIFICA\u021aII<\/strong><\/h2>\n<hr \/>\n<table border=\"1\">\n<tbody>\n<tr>\n<td><strong>\u00ceN\u0102L\u021aIME: <\/strong><\/td>\n<td> 2,39&#8243;<\/td>\n<\/tr>\n<tr>\n<td><strong>CULOARE: <\/strong><\/td>\n<td> Negru, DDC, Gri, ODG<\/td>\n<\/tr>\n<tr>\n<td><strong>MATERIAL: <\/strong><\/td>\n<td> Aluminiu seria 7000<\/td>\n<\/tr>\n<tr>\n<td><strong>FINISAJ: <\/strong><\/td>\n<td> Anodizare dur\u0103 tip 3<\/td>\n<\/tr>\n<tr>\n<td><strong>LUNGIMI DISPONIBILE: <\/strong><\/td>\n<td> 9,3&#8243;, 10,5&#8243;, 13,5&#8243;<\/td>\n<\/tr>\n<tr>\n<td><strong>DIAMETRU INTERIOR: <\/strong><\/td>\n<td> 1,26&#8243;<\/td>\n<\/tr>\n<tr>\n<td><strong>DIAMETRU EXTERIOR (DAQ*): <\/strong><\/td>\n<td> 1,59&#8243;<\/td>\n<\/tr>\n<tr>\n<td><strong>GREUTATE SMR MK16 9,3&#8243;: <\/strong><\/td>\n<td> 10,1oz (11,74oz cu piuli\u021b\u0103 de \u021beav\u0103)<\/td>\n<\/tr>\n<tr>\n<td><strong>GREUTATE SMR MK16 10,5&#8243;: <\/strong><\/td>\n<td> 11oz (12,6oz cu piuli\u021b\u0103 de \u021beav\u0103)<\/td>\n<\/tr>\n<tr>\n<td><strong>GREUTATE SMR MK16 13,5&#8243;: <\/strong><\/td>\n<td> 13,4oz (14,9oz cu piuli\u021b\u0103 de \u021beav\u0103)<\/td>\n<\/tr>\n<\/tbody>\n<\/table>\n<p><em>*DAQ &#8211; Distan\u021ba \u00centre Cadrane<\/em><\/p>\n","protected":false},"excerpt":{"rendered":"<p><strong>Performan\u021b\u0103 Inegalabil\u0103 Pentru Cei Mai Preten\u021bio\u0219i Tr\u0103g\u0103tori<\/strong><\/p>\n","protected":false},"featured_media":61385,"template":"","meta":{"_acf_changed":false},"product_brand":[11395],"product_cat":[12792,12795,12744,12743],"product_tag":[],"class_list":{"0":"post-61384","1":"product","2":"type-product","3":"status-publish","4":"has-post-thumbnail","6":"product_brand-geissele","7":"product_cat-carabine","8":"product_cat-pusca","9":"product_cat-reglaj-pusca","10":"product_cat-sine","12":"first","13":"instock","14":"taxable","15":"shipping-taxable","16":"product-type-variable","17":"wvs-archive-product-wrapper"},"acf":[],"_links":{"self":[{"href":"https:\/\/staging.nbg.eu\/ro\/wp-json\/wp\/v2\/product\/61384","targetHints":{"allow":["GET"]}}],"collection":[{"href":"https:\/\/staging.nbg.eu\/ro\/wp-json\/wp\/v2\/product"}],"about":[{"href":"https:\/\/staging.nbg.eu\/ro\/wp-json\/wp\/v2\/types\/product"}],"wp:featuredmedia":[{"embeddable":true,"href":"https:\/\/staging.nbg.eu\/ro\/wp-json\/wp\/v2\/media\/61385"}],"wp:attachment":[{"href":"https:\/\/staging.nbg.eu\/ro\/wp-json\/wp\/v2\/media?parent=61384"}],"wp:term":[{"taxonomy":"product_brand","embeddable":true,"href":"https:\/\/staging.nbg.eu\/ro\/wp-json\/wp\/v2\/product_brand?post=61384"},{"taxonomy":"product_cat","embeddable":true,"href":"https:\/\/staging.nbg.eu\/ro\/wp-json\/wp\/v2\/product_cat?post=61384"},{"taxonomy":"product_tag","embeddable":true,"href":"https:\/\/staging.nbg.eu\/ro\/wp-json\/wp\/v2\/product_tag?post=61384"}],"curies":[{"name":"wp","href":"https:\/\/api.w.org\/{rel}","templated":true}]}}