{"id":61178,"date":"2024-02-14T20:33:29","date_gmt":"2024-09-16T10:40:31","guid":{"rendered":"https:\/\/staging.nbg.eu\/product\/geissele-16-super-modular-rail-mk18-m-lok\/"},"modified":"2024-09-16T10:41:34","modified_gmt":"2024-09-16T10:41:34","slug":"geissele-16-sina-super-modulara-mk18-m-lok","status":"publish","type":"product","link":"https:\/\/staging.nbg.eu\/ro\/produs\/geissele-16-sina-super-modulara-mk18-m-lok\/","title":{"rendered":"Geissele 16&#8243; Sina Super Modulara MK18 M-LOK"},"content":{"rendered":"<h2 style=\"text-align: center\"><b>\u0218in\u0103 Super Modular\u0103 MK18 M-LOK\u00ae de 16&#8243;<\/b><\/h2>\n<p>MK18 este cea mai recent\u0103 \u00een linia de \u0219ine Super Modulare Geissele \u0219i este conceput\u0103 special pentru a se integra cu Sistemul de Eliberare Rapid\u0103 Arca-Swiss. Acest nou m\u00e2ner se bazeaz\u0103 pe \u0218ina Super Modular\u0103 MK16 M-LOK, oferind un diametru mic \u0219i o \u00een\u0103l\u021bime total\u0103 care creeaz\u0103 un profil sub\u021bire pentru tr\u0103g\u0103torii de competi\u021bie. Baza plat\u0103 a MK18 prezint\u0103 o form\u0103 de 35mm l\u0103\u021bime de tip &#8222;Arca&#8221; cu un coad\u0103 de r\u00e2ndunic\u0103 de 45 de grade, care permite montarea rapid\u0103 pe o baz\u0103 de montare Arca-Swiss cu Eliberare Rapid\u0103, glis\u00e2nd \u00een orice pozi\u021bie de-a lungul \u0219inei. MK18 prezint\u0103 piuli\u021ba de \u021beav\u0103 proprietar\u0103 Geissele de 2,25&#8243; lungime care se interfa\u021beaz\u0103 cu receptorul \u0219i creeaz\u0103 o platform\u0103 dreapt\u0103 \u0219i adev\u0103rat\u0103 pe toat\u0103 lungimea \u0219inei cu flota\u021bie liber\u0103. MK18 de 16&#8243; lungime este prelucrat\u0103 3D de precizie folosind aluminiu din seria 7000 datorit\u0103 propriet\u0103\u021bilor sale puternice, rigide \u0219i u\u0219oare.<\/p>\n<p>Utiliz\u00e2nd tehnologia M-LOK de la Magpul \u00een cele 3 cadrane principale (st\u00e2nga, dreapta \u0219i jos), precum \u0219i \u00een partea superioar\u0103 la 45\u00b0, ofer\u0103 MK18 modularitate \u0219i capacitate de personalizare f\u0103r\u0103 precedent. \u0218ina Super Modular\u0103 MK18 este finisat\u0103 \u00eentr-o anodizare durabil\u0103 de tip 3, disponibil\u0103 \u00een negru sau \u00een finisajul DDC de la Geissele.<\/p>\n<p>\u0218ina Super Modular\u0103 Geissele MK18 este compatibil\u0103 cu pu\u0219tile AR15 de tip militar.<\/p>\n<h2 style=\"text-align: center\"><strong>SPECIFICA\u021aII<\/strong><\/h2>\n<hr \/>\n<table border=\"1\">\n<tbody>\n<tr>\n<td><strong>\u00ceN\u0102L\u021aIME: <\/strong><\/td>\n<td> 2,08<\/td>\n<\/tr>\n<tr>\n<td><strong>CULOARE: <\/strong><\/td>\n<td> DDC \/ Negru<\/td>\n<\/tr>\n<tr>\n<td><strong>MATERIAL: <\/strong><\/td>\n<td> Aluminiu Seria 7000<\/td>\n<\/tr>\n<tr>\n<td><strong>FINISAJ: <\/strong><\/td>\n<td> Anodizare Tip 3<\/td>\n<\/tr>\n<tr>\n<td><strong>LUNGIME: <\/strong><\/td>\n<td> 16,5&#8243;<\/td>\n<\/tr>\n<tr>\n<td><strong>DIAMETRU INTERIOR: <\/strong><\/td>\n<td> 1,26&#8243;<\/td>\n<\/tr>\n<tr>\n<td><strong>DIAMETRU EXTERIOR (DAQ*): <\/strong><\/td>\n<td> 1,59&#8243;<\/td>\n<\/tr>\n<tr>\n<td><strong>GREUTATE SMR MK18: <\/strong><\/td>\n<td> 17oz (18,4oz cu piuli\u021b\u0103 de \u021beav\u0103)<\/td>\n<\/tr>\n<\/tbody>\n<\/table>\n<p>&nbsp;<\/p>\n<p><em>*DAQ &#8211; Distan\u021ba \u00centre Cadrane<\/em><\/p>\n","protected":false},"excerpt":{"rendered":"<p><strong>Conceput pentru a se conecta cu Sistemul de Eliberare Rapid\u0103 Arca-Swiss<\/strong><\/p>\n","protected":false},"featured_media":61179,"template":"","meta":{"_acf_changed":false},"product_brand":[11395],"product_cat":[12792,12795,12744,12743],"product_tag":[],"class_list":{"0":"post-61178","1":"product","2":"type-product","3":"status-publish","4":"has-post-thumbnail","6":"product_brand-geissele","7":"product_cat-carabine","8":"product_cat-pusca","9":"product_cat-reglaj-pusca","10":"product_cat-sine","12":"first","13":"outofstock","14":"taxable","15":"shipping-taxable","16":"product-type-variable","17":"wvs-archive-product-wrapper"},"acf":[],"_links":{"self":[{"href":"https:\/\/staging.nbg.eu\/ro\/wp-json\/wp\/v2\/product\/61178","targetHints":{"allow":["GET"]}}],"collection":[{"href":"https:\/\/staging.nbg.eu\/ro\/wp-json\/wp\/v2\/product"}],"about":[{"href":"https:\/\/staging.nbg.eu\/ro\/wp-json\/wp\/v2\/types\/product"}],"wp:featuredmedia":[{"embeddable":true,"href":"https:\/\/staging.nbg.eu\/ro\/wp-json\/wp\/v2\/media\/61179"}],"wp:attachment":[{"href":"https:\/\/staging.nbg.eu\/ro\/wp-json\/wp\/v2\/media?parent=61178"}],"wp:term":[{"taxonomy":"product_brand","embeddable":true,"href":"https:\/\/staging.nbg.eu\/ro\/wp-json\/wp\/v2\/product_brand?post=61178"},{"taxonomy":"product_cat","embeddable":true,"href":"https:\/\/staging.nbg.eu\/ro\/wp-json\/wp\/v2\/product_cat?post=61178"},{"taxonomy":"product_tag","embeddable":true,"href":"https:\/\/staging.nbg.eu\/ro\/wp-json\/wp\/v2\/product_tag?post=61178"}],"curies":[{"name":"wp","href":"https:\/\/api.w.org\/{rel}","templated":true}]}}