{"id":60862,"date":"2024-02-14T20:38:31","date_gmt":"2024-09-16T10:32:21","guid":{"rendered":"https:\/\/staging.nbg.eu\/product\/alg-defense-emr-v3x-15-handguard-black\/"},"modified":"2024-09-16T10:33:17","modified_gmt":"2024-09-16T10:33:17","slug":"alg-defense-emr-v3x-15-aparatoare-negru","status":"publish","type":"product","link":"https:\/\/staging.nbg.eu\/ro\/produs\/alg-defense-emr-v3x-15-aparatoare-negru\/","title":{"rendered":"ALG Defense EMR V3X 15&#8243; Aparatoare &#8211; Negru"},"content":{"rendered":"<p>Suportul pentru m\u00e2n\u0103 ALG Defense EMR V3X 15&#8243; de culoare neagr\u0103 ofer\u0103 personalizare prin sistemul s\u0103u M-LOK. Permite montarea accesoriilor \u00een pozi\u021biile 2, 4, 6, 8 \u0219i 10. Are o \u0219in\u0103 picatinny M1913 pe toat\u0103 lungimea la pozi\u021bia 12 pentru ata\u0219area lunetelor, laserelor, luminilor \u0219i altor dispozitive optice. Este proiectat pentru adaptarea armei la cerin\u021bele specifice.<\/p>\n","protected":false},"excerpt":{"rendered":"<p>M\u00e2ner versatil de 15&#8243; cu sistem M-LOK \u0219i \u0219in\u0103 Picatinny pe toat\u0103 lungimea.<\/p>\n","protected":false},"featured_media":60863,"template":"","meta":{"_acf_changed":false},"product_brand":[11395],"product_cat":[12795,12744,12743],"product_tag":[],"class_list":{"0":"post-60862","1":"product","2":"type-product","3":"status-publish","4":"has-post-thumbnail","6":"product_brand-geissele","7":"product_cat-pusca","8":"product_cat-reglaj-pusca","9":"product_cat-sine","11":"first","12":"instock","13":"taxable","14":"shipping-taxable","15":"product-type-simple"},"acf":[],"_links":{"self":[{"href":"https:\/\/staging.nbg.eu\/ro\/wp-json\/wp\/v2\/product\/60862","targetHints":{"allow":["GET"]}}],"collection":[{"href":"https:\/\/staging.nbg.eu\/ro\/wp-json\/wp\/v2\/product"}],"about":[{"href":"https:\/\/staging.nbg.eu\/ro\/wp-json\/wp\/v2\/types\/product"}],"wp:featuredmedia":[{"embeddable":true,"href":"https:\/\/staging.nbg.eu\/ro\/wp-json\/wp\/v2\/media\/60863"}],"wp:attachment":[{"href":"https:\/\/staging.nbg.eu\/ro\/wp-json\/wp\/v2\/media?parent=60862"}],"wp:term":[{"taxonomy":"product_brand","embeddable":true,"href":"https:\/\/staging.nbg.eu\/ro\/wp-json\/wp\/v2\/product_brand?post=60862"},{"taxonomy":"product_cat","embeddable":true,"href":"https:\/\/staging.nbg.eu\/ro\/wp-json\/wp\/v2\/product_cat?post=60862"},{"taxonomy":"product_tag","embeddable":true,"href":"https:\/\/staging.nbg.eu\/ro\/wp-json\/wp\/v2\/product_tag?post=60862"}],"curies":[{"name":"wp","href":"https:\/\/api.w.org\/{rel}","templated":true}]}}